{"id":748,"date":"2017-05-12T21:47:29","date_gmt":"2017-05-12T19:47:29","guid":{"rendered":"http:\/\/test.dirkpeters.net\/?page_id=748"},"modified":"2017-05-12T21:51:38","modified_gmt":"2017-05-12T19:51:38","slug":"pommersche-lebensbilder","status":"publish","type":"page","link":"https:\/\/dirkpeters.info\/?page_id=748","title":{"rendered":"Pommersche Lebensbilder"},"content":{"rendered":"<p>Pommersche Lebensbilder, herausgegeben von der Landesgeschichtlichen Forschungstelle (Historischen Kommission) f\u00fcr Pommern, Bde. 1 \u2013 3, Verlag Leon Sauniers Buchhandlung, Stettin 1934 \u20131939<\/p>\n<table>\n<thead>\n<tr>\n<th>Band 1<\/th>\n<th>Band 2<\/th>\n<th>Band 3<\/th>\n<\/tr>\n<\/thead>\n<tbody>\n<tr>\n<td>\n<ul>\n<li>Arndt, Ernst Moritz<\/li>\n<li>Benzmann, Hans<\/li>\n<li>v. Beseler, Hans<\/li>\n<li>Billroth, Theodor<\/li>\n<li>v. Bismarck, Johanna, geb. v. Puttkamer<\/li>\n<li>Clausius, Rudolf<\/li>\n<li>Dohrn, Anton<\/li>\n<li>Droysen, Johann Gustav<\/li>\n<li>Friedrich, Caspar David<\/li>\n<li>v. Gierke, Otto<\/li>\n<li>Freiherr v. der Goltz, R\u00fcdiger<\/li>\n<li>Grieben, Hermann<\/li>\n<li>Haupt, Wilhelm<\/li>\n<li>Heyden, Otto<\/li>\n<li>v. Hoeppner, Ernst<\/li>\n<li>Holtz, Wilhelm<\/li>\n<li>v. Homeyer, Alexander<\/li>\n<li>J\u00fchlke, Ferdinand<\/li>\n<li>Klempin, Karl Robert<\/li>\n<li>Kruse, Heinrich<\/li>\n<li>Kugler, Franz<\/li>\n<li>Lemcke, Hugo<\/li>\n<li>Lenz, Friedrich<\/li>\n<li>Lietz, Hermann<\/li>\n<li>Lilienthal, Otto<\/li>\n<li>Malkewitz, Gustav<\/li>\n<li>Mohnike, Gottlieb<\/li>\n<li>Neitzel, Otto<\/li>\n<li>Pl\u00fcddemann, Martin<\/li>\n<li>F\u00fcrst und Herr zu Putbus, Malte<\/li>\n<li>v. Puttkamer, Robert<\/li>\n<li>Reichardt, Gustav<\/li>\n<li>Rodbertus, Karl<\/li>\n<li>Graf v. Roon, Albrecht<\/li>\n<li>Runge, Philipp Otto<\/li>\n<li>Sch\u00f6mann, Georg Friedrich<\/li>\n<li>v. Schr\u00f6der, Ludwig<\/li>\n<li>Schr\u00f6der, Richard<\/li>\n<li>Stephan, Heinrich<\/li>\n<li>Toepffer, Albert Eduard<\/li>\n<li>Freiherr v. Wangenheim, Conrad<\/li>\n<li>Graf v. Wrangel, Friedrich<\/li>\n<li>Wuthenow, Alwine<\/li>\n<\/ul>\n<\/td>\n<td>\n<ul>\n<li>v. Arnim, Volkmar<\/li>\n<li>Biese, Alfred<\/li>\n<li>Bucher, Lothar<\/li>\n<li>v. B\u00fclow, Hans<\/li>\n<li>Delbr\u00fcck, Max<\/li>\n<li>v. Doenniges, Wilhelm<\/li>\n<li>Flemming, Hans Curt<\/li>\n<li>v. Glasenapp, Otto<\/li>\n<li>Gra\u00dfmann, Hermann<\/li>\n<li>G\u00fctzlaff, Karl<\/li>\n<li>Haese, Georg Friedrich<\/li>\n<li>Haken, Hermann<\/li>\n<li>Haker, Heinrich Friedrich<\/li>\n<li>Haupt, Erich<\/li>\n<li>Hoffmann, Hans<\/li>\n<li>v. Kleist-Retzow, Hans<\/li>\n<li>Krause, Friedrich Wilhelm<\/li>\n<li>Lenz, Max<\/li>\n<li>Freiherr v. Maltzahn-G\u00fcltz, Helmuth<\/li>\n<li>March, Ernst<\/li>\n<li>Meinhold, Karl<\/li>\n<li>Nettelbeck, Joachim<\/li>\n<li>Nobert, Friedrich Adolph<\/li>\n<li>N\u00fcscke, Albert Emil<\/li>\n<li>Pietschmann, Richard<\/lI>\n<li>Graf v. Platen, Balzer Bogislaus<\/li>\n<li>Pl\u00fcddemann, Hermann<\/li>\n<li>R\u00fchl, Hugo<\/li>\n<li>Schleich, Carl Ludwig<\/li>\n<li>Schulze, Franz Eilhard<\/li>\n<li>Schwarz, Albert<\/li>\n<li>Tiburtius, Franziska<\/li>\n<li>Virchow, Rudolf<\/li>\n<li>Vogt, Friedrich<\/li>\n<li>Vo\u00df, Richard<\/li>\n<li>Graf v. Zieten-Schwerin, Albert Julius<\/li>\n<\/ul>\n<\/td>\n<td>\n<ul>\n<li>v. Adelung, Johann Christoph<\/li>\n<li>Bergholz, Paul<\/li>\n<li>Blecks, Daniel<\/li>\n<li>Brandes, Johann Christian<\/li>\n<li>Br\u00fcggemann, Ludwig Wilhelm<\/li>\n<li>Casten, Johann<\/li>\n<li>Cothenius, Christian Andreas<\/li>\n<li>Gilly, Friedrich<\/li>\n<li>Gribel, Friedrich WIlhelm<\/li>\n<li>v. Hagenow, Friedrich<\/li>\n<li>Graf v. Hertzberg, Ewald Friedrich<\/li>\n<li>Hoeser, Edmund<\/li>\n<li>v. Kleist, Christian Ewald<\/li>\n<li>Lange, Henry<\/li>\n<li>Lappe, Karl<\/li>\n<li>v. Ledebour, Karl Friedrich<\/li>\n<li>Lorenz, Carl Adolf<\/li>\n<li>Maa\u00df, Leberecht<\/li>\n<li>Mursinna, Christian Ludwig<\/li>\n<li>v. Normann, Karl<\/li>\n<li>Petrich, Hermann<\/li>\n<li>Reimer, Georg Andreas<\/li>\n<li>v. R\u00fcchel, Ernst<\/li>\n<li>Ruhnken, David<\/li>\n<li>Scheibert, Carl Gottfried<\/li>\n<li>Graf v. Schwerin, Curt Christoph<\/li>\n<li>Segebarth, Johann<\/li>\n<li>Selle, Christian Gottlieb<\/li>\n<li>Sparr, Karl<\/li>\n<li>Steffen, August<\/li>\n<li>Stenzler, Adolf Friedrich<\/li>\n<li>Wiebeking, Karl Friedrich<\/li>\n<\/ul>\n<\/td>\n<\/tr>\n<\/tbody>\n<\/table>\n<p>Download:<\/p>\n<ul>\n<li><a href=\"http:\/\/zbc.ksiaznica.szczecin.pl\/dlibra\/doccontent?id=554&from=the%20PIONIER%20DLF\" target=\"_blank\">Band 1<\/a><\/li>\n<li><a href=\"http:\/\/zbc.ksiaznica.szczecin.pl\/dlibra\/doccontent?id=555&from=the%20PIONIER%20DLF\" target=\"_blank\">Band 2<\/a><\/li>\n<li><a href=\"http:\/\/zbc.ksiaznica.szczecin.pl\/dlibra\/doccontent?id=556&from=the%20PIONIER%20DLF\" target=\"_blank\">Band 3<\/a><\/li>\n<\/ul>\n","protected":false},"excerpt":{"rendered":"<p>Pommersche Lebensbilder, herausgegeben von der Landesgeschichtlichen Forschungstelle (Historischen Kommission) f\u00fcr Pommern, Bde. 1 \u2013 3, Verlag Leon Sauniers Buchhandlung, Stettin 1934 \u20131939 Band 1 Band 2 Band 3 Arndt, Ernst<\/p>\n<div><a href=\"https:\/\/dirkpeters.info\/?page_id=748\" class=\"exp-read-more exp-read-more-underlined\">Read More<\/a><\/div>\n","protected":false},"author":1,"featured_media":0,"parent":123,"menu_order":0,"comment_status":"closed","ping_status":"closed","template":"","meta":{"jetpack_post_was_ever_published":false,"footnotes":"","_links_to":"","_links_to_target":""},"class_list":["post-748","page","type-page","status-publish","hentry"],"jetpack_shortlink":"https:\/\/wp.me\/P8HCXc-c4","jetpack-related-posts":[{"id":123,"url":"https:\/\/dirkpeters.info\/?page_id=123","url_meta":{"origin":748,"position":0},"title":"Service","author":"dirkpeters","date":"6. Mai 2017","format":false,"excerpt":"A Adel im Netz Ahnenlisten aus dem Ahnenlistenumlauf, 21 Microfilmrollen Ahnenreihen aus allen Deutschen Gauen Ahnenreihenwerk Geschwister Fischer Die Ahnenstammkartei des deutschen Volkes: Teil I, gesamt 638 Mikrofilmrollen Die Ahnenstammkartei des deutschen Volkes: Teil II, Ahnenlisten, gesamt 576 Mikrofilmrollen Ahnentafel Peters Akten des preu\u00df. Heroldsamtes Altpreu\u00dfische Geschlechterkunde Armorial et nobiliaire\u2026","rel":"","context":"In \"Links\"","block_context":{"text":"Links","link":"https:\/\/dirkpeters.info\/?tag=links"},"img":{"alt_text":"","src":"","width":0,"height":0},"classes":[]},{"id":691,"url":"https:\/\/dirkpeters.info\/?page_id=691","url_meta":{"origin":748,"position":1},"title":"Genealogisch-Historische Nachricht von denen Hochw\u00fcrdigsten und Durchlauchtigsten Herren-Meistern des Ritterlichen Johanniter-Ordens","author":"dirkpeters","date":"12. Mai 2017","format":false,"excerpt":"Autor: Justus Christoph Dithmar Titel: Genealogisch-Historische Nachricht von denen Hochw\u00fcrdigsten und Durchlauchtigsten Herren-Meistern des Ritterlichen Johanniter-Ordens, In der Marck \/ Sachsen \/ Pommern und Wendland \/ Samt des Jetzigen Herren-Meisters Printz Carln, Printzen in Preu\u00dfen K\u00f6nigl. Hoheit, Wahl und Installation, Wie auch denen unter H\u00f6chst Derselben Regierung am 16. Aug.\u2026","rel":"","context":"In \"Ahnentafel\"","block_context":{"text":"Ahnentafel","link":"https:\/\/dirkpeters.info\/?tag=ahnentafel"},"img":{"alt_text":"","src":"","width":0,"height":0},"classes":[]},{"id":390,"url":"https:\/\/dirkpeters.info\/?page_id=390","url_meta":{"origin":748,"position":2},"title":"Meine Genealogische Bibliothek \u2013 Regionales","author":"dirkpeters","date":"10. Mai 2017","format":false,"excerpt":"Brandenburg Biographisches Handbuch der preussischen Verwaltungs- und Justizbeamten 1740-1806\/15 - Straubel, Rolf - K.G.Saur 2009; Einzelver\u00f6ffentlichung der Historischen Kommission zu Berlin, Band 85 Der B\u00fcrger- und Einwohnerkataster der Stadt Spandau von 1723 - Pohl, Joachim - Degener & Co Der Eisenbahnabschnitt Erkner - Frankfurt (Oder) Geschichte und Personal 1842-1990 -\u2026","rel":"","context":"In \"B\u00fccher\"","block_context":{"text":"B\u00fccher","link":"https:\/\/dirkpeters.info\/?tag=buecher"},"img":{"alt_text":"","src":"","width":0,"height":0},"classes":[]},{"id":696,"url":"https:\/\/dirkpeters.info\/?page_id=696","url_meta":{"origin":748,"position":3},"title":"Nachrichten vom Johanniterorden","author":"dirkpeters","date":"12. Mai 2017","format":false,"excerpt":"Autor: Dienemann,Johann G.; Hasse, Johann Erdmann Titel: Nachrichten vom Johanniterorden, insbesonders von dessen Herrenmeisterthum in der Mark, Sachsen, Pommern u. Wendland, wie auch von der Wahl und Investitur des jetzigen Herrenmeisters, Prinzen August Ferdinand in Preussen K\u00f6nigl. Hoheit, nebst einer Beschreibung der in den Jahren 1736, 1737, 1762 und 1764\u2026","rel":"","context":"In \"B\u00fccher\"","block_context":{"text":"B\u00fccher","link":"https:\/\/dirkpeters.info\/?tag=buecher"},"img":{"alt_text":"","src":"","width":0,"height":0},"classes":[]},{"id":422,"url":"https:\/\/dirkpeters.info\/?page_id=422","url_meta":{"origin":748,"position":4},"title":"Ahnenreihen aus allen Deutschen Gauen","author":"dirkpeters","date":"10. Mai 2017","format":false,"excerpt":"Ahnenreihen aus allen deutschen Gauen, bearbeitet von Hans Friedrich von Ehrenkrook, Verlag f\u00fcr Sippenforschung und Wappenkunde C. A. Starke, G\u00f6rlitz. In den einzelnen B\u00e4nden sind Ahnenreihen folgender Personen enthalten: Band 1 Band 2 Band 3 Band 4 Ernst Bohlmann Arnold B\u00f6lsche Geschwister Freiherr von Cornberg Alexander Edler von Daniels Otto\u2026","rel":"","context":"In \"Ahnenliste\"","block_context":{"text":"Ahnenliste","link":"https:\/\/dirkpeters.info\/?tag=ahnenliste"},"img":{"alt_text":"","src":"","width":0,"height":0},"classes":[]},{"id":373,"url":"https:\/\/dirkpeters.info\/?page_id=373","url_meta":{"origin":748,"position":5},"title":"Meine Genealogische Bibliothek \u2013 Ahnenreihen, Stammlisten, Ortsfamilienb\u00fccher","author":"dirkpeters","date":"10. Mai 2017","format":false,"excerpt":"Ahnen zu Karl dem Grossen und Widukind in 765 Ahnenst\u00e4mmen - Winkhaus, Eberhard; Selbstverlag Ennepetal-Altenvoerde 1950 Ahnenreihen aus allen deutschen Gauen Bde. 1 - 4 - Ehrenkrook, Hans Friedrich v. - C. A. Starke Verlag, Verzeichnis der Ahnenreihen Ahnen und Enkel, Bd. 1, Sammlung von Ahnen- und Nachkommenlisten - Euler,\u2026","rel":"","context":"In \"Ahnenreihen\"","block_context":{"text":"Ahnenreihen","link":"https:\/\/dirkpeters.info\/?tag=ahnenreihen"},"img":{"alt_text":"","src":"https:\/\/i0.wp.com\/dirkpeters.info\/wp-content\/uploads\/2019\/09\/es.jpg?resize=350%2C200&ssl=1","width":350,"height":200},"classes":[]}],"jetpack_sharing_enabled":true,"jetpack_likes_enabled":true,"_links":{"self":[{"href":"https:\/\/dirkpeters.info\/index.php?rest_route=\/wp\/v2\/pages\/748","targetHints":{"allow":["GET"]}}],"collection":[{"href":"https:\/\/dirkpeters.info\/index.php?rest_route=\/wp\/v2\/pages"}],"about":[{"href":"https:\/\/dirkpeters.info\/index.php?rest_route=\/wp\/v2\/types\/page"}],"author":[{"embeddable":true,"href":"https:\/\/dirkpeters.info\/index.php?rest_route=\/wp\/v2\/users\/1"}],"replies":[{"embeddable":true,"href":"https:\/\/dirkpeters.info\/index.php?rest_route=%2Fwp%2Fv2%2Fcomments&post=748"}],"version-history":[{"count":3,"href":"https:\/\/dirkpeters.info\/index.php?rest_route=\/wp\/v2\/pages\/748\/revisions"}],"predecessor-version":[{"id":755,"href":"https:\/\/dirkpeters.info\/index.php?rest_route=\/wp\/v2\/pages\/748\/revisions\/755"}],"up":[{"embeddable":true,"href":"https:\/\/dirkpeters.info\/index.php?rest_route=\/wp\/v2\/pages\/123"}],"wp:attachment":[{"href":"https:\/\/dirkpeters.info\/index.php?rest_route=%2Fwp%2Fv2%2Fmedia&parent=748"}],"curies":[{"name":"wp","href":"https:\/\/api.w.org\/{rel}","templated":true}]}}