{"id":696,"date":"2017-05-12T09:32:09","date_gmt":"2017-05-12T07:32:09","guid":{"rendered":"http:\/\/test.dirkpeters.net\/?page_id=696"},"modified":"2017-05-12T09:32:09","modified_gmt":"2017-05-12T07:32:09","slug":"nachrichten-vom-johanniterorden","status":"publish","type":"page","link":"https:\/\/dirkpeters.info\/?page_id=696","title":{"rendered":"Nachrichten vom Johanniterorden"},"content":{"rendered":"<p>Autor: Dienemann,Johann G.; Hasse, Johann Erdmann<br \/>\nTitel: Nachrichten vom Johanniterorden, insbesonders von dessen Herrenmeisterthum in der Mark, Sachsen, Pommern u. Wendland, wie auch von der Wahl und Investitur des jetzigen Herrenmeisters, Prinzen August Ferdinand in Preussen K\u00f6nigl. Hoheit, nebst einer Beschreibung der in den Jahren 1736, 1737, 1762 und 1764 gehaltenen Ritterschl\u00e4ge<br \/>\nVerlag: George Ludewig Winter Berlin 1767<\/p>\n<p><a href=\"http:\/\/books.google.de\/books?id=VvJBAAAAcAAJ&amp;printsec=frontcover&amp;source=gbs_ge_summary_r&amp;cad=0#v=onepage&amp;q&amp;f=false\">Download<\/a><\/p>\n<table style=\"border:0;\">\n<thead>\n<tr>\n<th>Ritterschlag vom 17.08.1736<\/th>\n<th>Ritterschlag vom 26.02.1737<\/th>\n<th>Ritterschlag vom 14.09.1762<\/th>\n<th>Ritterschlag vom 01.10.1764<\/th>\n<\/tr>\n<\/thead>\n<tbody>\n<tr>\n<td style=\"width:25%;text-align:justify;vertical-align:top;border: 0;\">\n<ul>\n<li>Christoph Friedrich von Ribbeck<\/li>\n<li>Ernst Friedrich Graf von Finckenstein<\/li>\n<li>Friedrich Wilhelm Ludwig von Katte<\/li>\n<li>Georg Friedrich Reichsgraf von Sparr<\/li>\n<li>Friedrich Carl M\u00fcffling gen. Wei\u00df<\/li>\n<li>Friedrich Wilhelm von Glaubitz<\/li>\n<li>Dubislav Friedrich von Platen<\/li>\n<li>Friedrich von G\u00f6rne<\/li>\n<li>Friedrich Christoph Freiherr von Seckendorff<\/li>\n<li>Leopold Ferdinand Reichsgraf von Schwerin<\/li>\n<li>Jost Friedrich Ludwig von Stechow<\/li>\n<li>Wulff Carl Gustav von Sydow<\/li>\n<li>Friedrich Wilhelm von Kalckstein<\/li>\n<li>Adam Christoph von Flanss<\/li>\n<\/ul>\n<\/td>\n<td style=\"width:25%;text-align:justify;vertical-align:top;border: 0;\">\n<ul>\n<li>Friedrich Albrech von Schwerin<\/li>\n<li>Friedrich Graf von Flemming<\/li>\n<li>Friedrich Wilhelm von Lepell<\/li>\n<li>Johann Friedrich von Taubenheim<\/li>\n<li>Reimar Julius von Schwerin<\/li>\n<li>Georg Balthasar von Borck<\/li>\n<li>Friedrich Wilhelm Carl Truchse\u00df Graf zu Waldburg<\/li>\n<li>Heinrich Leopold Graf von Reichenbach<\/li>\n<li>Gottlob Friederich Graf zu Stolberg<\/li>\n<li>Johann Christoph von L\u00fcderitz<\/li>\n<li>Joachim Casimir Freiherr von der Goltz<\/li>\n<li>Carl Ludewig von Waldow<\/li>\n<li>Philipp Wilhelm von Grumckow<\/li>\n<li>Friedrich Wilhelm von Eickstedt<\/li>\n<li>David Hans Christoph von L\u00fcderitz<\/li>\n<li>Adolph Friedrich von waldow<\/li>\n<li>Alexander Aemilius Burggraf und Graf zu Dohna<\/li>\n<li>Friedrich Adolph von Loeben<\/li>\n<li>Otto Martin von Schwerin<\/li>\n<li>Friedrich Johann Georg Ludwig Freiherr von Diemar<\/li>\n<li>Friedrich Wilhelm von Kleist<\/li>\n<li>Dietrich von Keyerslingk<\/li>\n<li>Abraham Wilhelm von Arnim<\/li>\n<li>Ludewig Casimir von Hertefeldt<\/li>\n<li>Gottlob Innocentius Augustus von Einsiedel<\/li>\n<li>Johann Caspar von Knobelsdorff<\/li>\n<\/ul>\n<\/td>\n<td style=\"width:25%;text-align:justify;vertical-align:top;border: 0;\">\n<ul>\n<li>Friedrich Wilhelm Arnold von Beeren<\/li>\n<li>Friedrich August von Alvensleben<\/li>\n<li>Alexander Christoph von M\u00fcnchow<\/li>\n<li>Friedrich Wilhelm Reichsgraf von Wartensleben<\/li>\n<li>Adoplh Friedrich von Waldow<\/li>\n<li>Christian Ludwig von Brandt<\/li>\n<li>George von Eickst\u00e4dt<\/li>\n<li>Hans Carl August von Schlabrendorff<\/li>\n<li>Hans Ernst von Arnim<\/li>\n<li>Friedrich Wilhelm von Pannwitz<\/li>\n<li>Friedrich Wilhelm von M\u00fcnchow<\/li>\n<li>Carl Friedrich Wilhelm von Rochow<\/li>\n<li>Georg Wilhelm von Schweinichen<\/li>\n<li>Friedrich Eberhard von Rochow<\/li>\n<li>Ludwig Philipp von Hagen<\/li>\n<li>Friedrich Wilhelm Graf von Schwerin<\/li>\n<li>Friedrich Wilhelm von Hausen<\/li>\n<li>Friedrich Wilhelm von Woedtke<\/li>\n<li>Friedrich Wilhelm von Printzen<\/li>\n<li>Ernst Ludewig Graf von Finckenstein<\/li>\n<li>Georg Wilhelm von Bismarck<\/li>\n<li>George Ludewig von der Wense<\/li>\n<li>Carl Ernst Graf von Schlippenbach<\/li>\n<li>Gebhard Werner Graf von der Schulenburg<\/li>\n<li>Hans Siegismund von Sydow<\/li>\n<li>Albrecht Ludwig von J\u00fcrgass<\/li>\n<li>Ahasverus Heinrich Reichsgraf von Lehndorff<\/li>\n<li>Wilhelm Adrian von Kleist<\/li>\n<li>Friedrich Christoph Reichsfreiherr von Geuder gen. Rabensteiner<\/li>\n<li>Gneomar Conrad Bogislav von Schwerin<\/li>\n<li>Joachim Friedrich Graf von K\u00fcssow<\/li>\n<li>Carl Friedrich von Burgsdorff<\/li>\n<li>Friedrich Wilhelm von der Schulenburg<\/li>\n<li>Carl Friedrich von Natzmer<\/li>\n<li>Georg Heinrich von Burgsdorff<\/li>\n<li>Leopold von G\u00f6rne<\/li>\n<li>Carl Albrecht Graf von Reder<\/li>\n<li>Georg Abraham von Stosch<\/li>\n<li>Nicolas Wilhelm Reichsgraf von Sparr<\/li>\n<li>Friedrich Theodor Wilhelm von Wreech<\/li>\n<li>Lorentz J\u00fcrgen von Wedel<\/li>\n<li>Friedrich George von Medem<\/li>\n<li>Johann George Freiherr von Rei\u00dfwitz<\/li>\n<li>Johann August von Feilitzsch<\/li>\n<\/ul>\n<\/td>\n<td style=\"width:25%;text-align:justify;vertical-align:top;border: 0;\">\n<ul>\n<li>Erdmann Ludewig von W\u00fclcknitz<\/li>\n<li>Otto George Albrecht von Rohr<\/li>\n<li>Ludwig Leopold von Kleist<\/li>\n<li>Wilhelm Ludewig von der Groeben<\/li>\n<li>Franz Adolph von Anhalt-Bernburg<\/li>\n<li>Christian Ernst Graf zu Lynar<\/li>\n<li>Alexander Friedrich von Knobelsdorff<\/li>\n<li>Arnd Wilhelm von Sydow<\/li>\n<li>Leopold Graf von Schlieben<\/li>\n<li>Leopold August Wilhelm Friedrich von Schlabberndorff<\/li>\n<li>Friedrich Wilhelm Siegismund von Aschersleben<\/li>\n<li>Friedrich Werner Graf von Podewils<\/li>\n<li>Achaz Christoph von Bismarck<\/li>\n<li>Johann Eberhard von Medem<\/li>\n<li>Samuel Friedrich Heinrich von Damitz<\/li>\n<li>August Heinrich von Woedtcke<\/li>\n<li>Carl August von Behr<\/li>\n<li>Helmuth Moritz Erdmann von Gr\u00e4venitz<\/li>\n<li>Friedrich Albrecht Reichsgraf von Finckenstein<\/li>\n<li>Albrecht Siegmund Friedrich von Treskow<\/li>\n<li>Georg Philipp Gottlob Freiherr von Sch\u00f6naich<\/li>\n<li>Christian Wilhelm Ludewig Reichsgraf von Wartensleben<\/li>\n<li>Bernd Friedrich Graf von K\u00fcssow<\/li>\n<li>Carl Wilhelm Graf von Finckenstein<\/li>\n<li>Friedrich Wilhelm Reichsgraf von Sparr<\/li>\n<li>Johann Ernst von Kunheim<\/li>\n<li>Friedrich Wilhelm Reichsgraf von Wylich und Lottum<\/li>\n<li>Ernst Siegmund Freiherr von Kottwitz<\/li>\n<li>Frantz Ludewig Freiher von Waldner<\/li>\n<li>Friedrich August Graf von der Schulenburg<\/li>\n<li>Wulff von Blome<\/li>\n<li>Friedrich Wilhelm Ferdinand Gottlieb Graf von Sandrasky<\/li>\n<li>Wilhelm Adolph zu Braunschweig und L\u00fcneburg<\/li>\n<li>Moritz Herzog zu Sachsen, Gotha und Altenburg<\/li>\n<li>Friedrich Wilhelm von der Osten<\/li>\n<li>George Lorentz von Pirch<\/li>\n<li>Anton Dieterich Wilhelm von Pannwitz<\/li>\n<li>Johann Nicol von Pannwitz<\/li>\n<li>Hans Christoph von Schierst\u00e4dt<\/li>\n<li>Christian Friedrich von Viereck<\/li>\n<li>Friedrich Stanislaus Leopold von Kalnein<\/li>\n<li>George Ernst von Gersdorff<\/li>\n<li>Leopold Alexander Reichsgraf von Wartensleben<\/li>\n<li>Ludolph August von Katt<\/li>\n<li>Detlef Carl Graf von Einsiedel<\/li>\n<li>Adam Rudolph von Sch\u00f6nberg<\/li>\n<li>Johann Friedrich Adolph von der Marwitz<\/li>\n<li>Wilhelm zu Hessen-Philippsthal<\/li>\n<li>Ludewich Alexander von Wreech<\/li>\n<li>Friedrich Wilhelm von Schmeling<\/li>\n<li>Friedrich Gottlieb Graf von Holtzendorff<\/li>\n<li>Friedrich Wilhelm von Arnim<\/li>\n<li>Friedrich Wilhelm von Rochow<\/li>\n<li>Matthias Friedrich von Jagow<\/li>\n<li>Albrecht Dieterich Gottfried Freiherr von Egloffstein<\/li>\n<li>Caspar von Buchwaldt<\/li>\n<li>Dieterich Wilhelm Johann Freiherr von Morrien<\/li>\n<li>Hans Oswald Wilhelm von Reibnitz<\/li>\n<li>Hans Siegmund von Berfeldt<\/li>\n<li>Philipp Wilhelm von Lattorff<\/li>\n<li>Ludewig Carl von Kalckstein<\/li>\n<li>Adolph Carl Graf von Carnitz<\/li>\n<li>August zu Sachsen, Gotha und Altenburg<\/li>\n<li>Victor Amadeus Graf von Henckel und Donnersmarck<\/li>\n<li>Adolph Bernhard von Selchow<\/li>\n<li>Adam Samuel Wilhelm von Pohlentz<\/li>\n<li>Johann Heinrich Albert von D\u00f6beritz<\/li>\n<li>Johann Friedrich von Gustedt<\/li>\n<li>Leopold Johann von Platen<\/li>\n<li>Wilhelm Johann Heinrich Freiherr von Schlammersdorff<\/li>\n<li>Friedrich Wilhelm Freiher von Wittenhorst zu Sonsfeld<\/li>\n<li>Friedrich Wilhelm von Stechow<\/li>\n<li>Carl Friedrich von Bredow<\/li>\n<li>Wilhelm Friedrich Carl Graf von Schwerin<\/li>\n<li>Wilhelm Christian Gottlob Freiherr von P\u00f6llnitz<\/li>\n<li>George Freiherr von Nostitz<\/li>\n<li>Joachim Bernhard von Prittwitz<\/li>\n<li>Christian Ludewig August Carl Reichsgraf von D\u00f6nhoff<\/li>\n<li>August Ludewig Maximilian Graf von Eickst\u00e4dt und Peterswalde<\/li>\n<\/ul>\n<\/td>\n<\/tr>\n<\/tbody>\n<\/table>\n","protected":false},"excerpt":{"rendered":"<p>Autor: Dienemann,Johann G.; Hasse, Johann Erdmann Titel: Nachrichten vom Johanniterorden, insbesonders von dessen Herrenmeisterthum in der Mark, Sachsen, Pommern u. Wendland, wie auch von der Wahl und Investitur des jetzigen<\/p>\n<div><a href=\"https:\/\/dirkpeters.info\/?page_id=696\" class=\"exp-read-more exp-read-more-underlined\">Read More<\/a><\/div>\n","protected":false},"author":1,"featured_media":0,"parent":123,"menu_order":0,"comment_status":"closed","ping_status":"closed","template":"","meta":{"jetpack_post_was_ever_published":false,"footnotes":"","_links_to":"","_links_to_target":""},"class_list":["post-696","page","type-page","status-publish","hentry"],"jetpack_shortlink":"https:\/\/wp.me\/P8HCXc-be","jetpack-related-posts":[{"id":691,"url":"https:\/\/dirkpeters.info\/?page_id=691","url_meta":{"origin":696,"position":0},"title":"Genealogisch-Historische Nachricht von denen Hochw\u00fcrdigsten und Durchlauchtigsten Herren-Meistern des Ritterlichen Johanniter-Ordens","author":"dirkpeters","date":"12. Mai 2017","format":false,"excerpt":"Autor: Justus Christoph Dithmar Titel: Genealogisch-Historische Nachricht von denen Hochw\u00fcrdigsten und Durchlauchtigsten Herren-Meistern des Ritterlichen Johanniter-Ordens, In der Marck \/ Sachsen \/ Pommern und Wendland \/ Samt des Jetzigen Herren-Meisters Printz Carln, Printzen in Preu\u00dfen K\u00f6nigl. Hoheit, Wahl und Installation, Wie auch denen unter H\u00f6chst Derselben Regierung am 16. Aug.\u2026","rel":"","context":"In \"Ahnentafel\"","block_context":{"text":"Ahnentafel","link":"https:\/\/dirkpeters.info\/?tag=ahnentafel"},"img":{"alt_text":"","src":"","width":0,"height":0},"classes":[]},{"id":385,"url":"https:\/\/dirkpeters.info\/?page_id=385","url_meta":{"origin":696,"position":1},"title":"Meine Genealogische Bibliothek &#8211; Familiengeschichten","author":"dirkpeters","date":"10. Mai 2017","format":false,"excerpt":"Alten: Geschichte des Geschlechts von Alten 1182-1982 - W\u00e4tjen, Hans - Wolfsburg, 1981 Behr: Urkunden und Forschungen zur Geschichte des Geschlechts Behr G\u00fctzkower Linie - Bd VII - Behr, Marcelle und Fritz von - Selbstverlag Berger: Ahnenliste Berger - Ein Geschlecht aus dem Verwandtschaftskreis des Rudolf Stoye - Berger, Thomas\u2026","rel":"","context":"In \"B\u00fccher\"","block_context":{"text":"B\u00fccher","link":"https:\/\/dirkpeters.info\/?tag=buecher"},"img":{"alt_text":"","src":"","width":0,"height":0},"classes":[]},{"id":748,"url":"https:\/\/dirkpeters.info\/?page_id=748","url_meta":{"origin":696,"position":2},"title":"Pommersche Lebensbilder","author":"dirkpeters","date":"12. Mai 2017","format":false,"excerpt":"Pommersche Lebensbilder, herausgegeben von der Landesgeschichtlichen Forschungstelle (Historischen Kommission) f\u00fcr Pommern, Bde. 1 \u2013 3, Verlag Leon Sauniers Buchhandlung, Stettin 1934 \u20131939 Band 1 Band 2 Band 3 Arndt, Ernst Moritz Benzmann, Hans v. Beseler, Hans Billroth, Theodor v. Bismarck, Johanna, geb. v. Puttkamer Clausius, Rudolf Dohrn, Anton Droysen, Johann\u2026","rel":"","context":"In \"Biographie\"","block_context":{"text":"Biographie","link":"https:\/\/dirkpeters.info\/?tag=biographie"},"img":{"alt_text":"","src":"","width":0,"height":0},"classes":[]},{"id":3836,"url":"https:\/\/dirkpeters.info\/?page_id=3836","url_meta":{"origin":696,"position":3},"title":"Familiengeschichen und Ahnenlisten b\u00fcrgerlicher Familien","author":"dirkpeters","date":"20. Juli 2020","format":false,"excerpt":"A | B | C | D | E | F | G | H | I | J | K | L | M | N | O | P | Q | R | S | T | U | V | W | Z | nach oben\u2026","rel":"","context":"In \"Ahnenforschung\"","block_context":{"text":"Ahnenforschung","link":"https:\/\/dirkpeters.info\/?tag=ahnenforschung"},"img":{"alt_text":"","src":"","width":0,"height":0},"classes":[]},{"id":586,"url":"https:\/\/dirkpeters.info\/?page_id=586","url_meta":{"origin":696,"position":4},"title":"Biographien","author":"dirkpeters","date":"11. Mai 2017","format":false,"excerpt":"Biographien von Personen in meiner Ahnenliste Karl Wilhelm Graf Finck von Finckenstein - Datenbank Abraham de Mar\u00e9es - Datenbank J\u00fcrgen Graf Mellin - Datenbank Ludwig Christian Mieg - Datenbank Martin Milagius - Datenbank Johann Friedrich Rhetz (von Rhetz, Rhetius) - Datenbank Otto Freiherr von Schwerin - Datenbank Lorenz Christoph von\u2026","rel":"","context":"In \"Ahnenforschung\"","block_context":{"text":"Ahnenforschung","link":"https:\/\/dirkpeters.info\/?tag=ahnenforschung"},"img":{"alt_text":"","src":"","width":0,"height":0},"classes":[]},{"id":422,"url":"https:\/\/dirkpeters.info\/?page_id=422","url_meta":{"origin":696,"position":5},"title":"Ahnenreihen aus allen Deutschen Gauen","author":"dirkpeters","date":"10. Mai 2017","format":false,"excerpt":"Ahnenreihen aus allen deutschen Gauen, bearbeitet von Hans Friedrich von Ehrenkrook, Verlag f\u00fcr Sippenforschung und Wappenkunde C. A. Starke, G\u00f6rlitz. In den einzelnen B\u00e4nden sind Ahnenreihen folgender Personen enthalten: Band 1 Band 2 Band 3 Band 4 Ernst Bohlmann Arnold B\u00f6lsche Geschwister Freiherr von Cornberg Alexander Edler von Daniels Otto\u2026","rel":"","context":"In \"Ahnenliste\"","block_context":{"text":"Ahnenliste","link":"https:\/\/dirkpeters.info\/?tag=ahnenliste"},"img":{"alt_text":"","src":"","width":0,"height":0},"classes":[]}],"jetpack_sharing_enabled":true,"jetpack_likes_enabled":true,"_links":{"self":[{"href":"https:\/\/dirkpeters.info\/index.php?rest_route=\/wp\/v2\/pages\/696","targetHints":{"allow":["GET"]}}],"collection":[{"href":"https:\/\/dirkpeters.info\/index.php?rest_route=\/wp\/v2\/pages"}],"about":[{"href":"https:\/\/dirkpeters.info\/index.php?rest_route=\/wp\/v2\/types\/page"}],"author":[{"embeddable":true,"href":"https:\/\/dirkpeters.info\/index.php?rest_route=\/wp\/v2\/users\/1"}],"replies":[{"embeddable":true,"href":"https:\/\/dirkpeters.info\/index.php?rest_route=%2Fwp%2Fv2%2Fcomments&post=696"}],"version-history":[{"count":3,"href":"https:\/\/dirkpeters.info\/index.php?rest_route=\/wp\/v2\/pages\/696\/revisions"}],"predecessor-version":[{"id":699,"href":"https:\/\/dirkpeters.info\/index.php?rest_route=\/wp\/v2\/pages\/696\/revisions\/699"}],"up":[{"embeddable":true,"href":"https:\/\/dirkpeters.info\/index.php?rest_route=\/wp\/v2\/pages\/123"}],"wp:attachment":[{"href":"https:\/\/dirkpeters.info\/index.php?rest_route=%2Fwp%2Fv2%2Fmedia&parent=696"}],"curies":[{"name":"wp","href":"https:\/\/api.w.org\/{rel}","templated":true}]}}