{"id":691,"date":"2017-05-12T09:14:15","date_gmt":"2017-05-12T07:14:15","guid":{"rendered":"http:\/\/test.dirkpeters.net\/?page_id=691"},"modified":"2017-05-12T09:14:15","modified_gmt":"2017-05-12T07:14:15","slug":"genealogisch-historische-nachricht-von-denen-hochwuerdigsten-und-durchlauchtigsten-herren-meistern-des-ritterlichen-johanniter-ordens","status":"publish","type":"page","link":"https:\/\/dirkpeters.info\/?page_id=691","title":{"rendered":"Genealogisch-Historische Nachricht von denen Hochw\u00fcrdigsten und Durchlauchtigsten Herren-Meistern des Ritterlichen Johanniter-Ordens"},"content":{"rendered":"<p>Autor: Justus Christoph Dithmar<br \/>\nTitel: Genealogisch-Historische Nachricht von denen Hochw\u00fcrdigsten und Durchlauchtigsten Herren-Meistern des Ritterlichen Johanniter-Ordens, In der Marck \/ Sachsen \/ Pommern und Wendland \/ Samt des Jetzigen Herren-Meisters Printz Carln, Printzen in Preu\u00dfen K\u00f6nigl. Hoheit, Wahl und Installation, Wie auch denen unter H\u00f6chst Derselben Regierung am 16. Aug. und 20. Sept. 1731 imgleichen den 26. October 1735 geschehenen Ritter-Schl\u00e4gen, und derer Ritter Wappen und Ahnen-Taffeln<br \/>\nVerlag: Verlag Jermias Hartmann Frankfurt \/ Oder 1737<\/p>\n<p><a href=\"http:\/\/books.google.de\/books?id=R_5BAAAAcAAJ&pg=PA3&dq=intitle:Johanniter&hl=de&ei=BblKTJi_FMvQ4gazhfGaDA&sa=X&oi=book_result&ct=result&resnum=1&ved=0CCsQ6AEwADgK#v=onepage&q&f=false\">Download<\/a><\/p>\n<table style=\"width:100%\">\n<thead>\n<tr>\n<th>Ritterschlag vom 16.08.1731<\/th>\n<th>Ritterschlag vom 20.09.1731<\/th>\n<th>Ritterschlag vom 26.10.1735<\/th>\n<\/tr>\n<\/thead>\n<tbody>\n<tr>\n<td width=\"33%\" style=\"text-align:left\">\n<ul>\n<li>Friederich Heinrich von Seckendorff<\/li>\n<li>Friedrich Kuchmeister von Sternberg<\/li>\n<li>Heinrich Ernst von Natzmer<\/li>\n<li>Ernst Wilhelm von Gr\u00e4venitz<\/li>\n<li>Josias von Veltheim<\/li>\n<li>Carl Ludolph von Bismarck<\/li>\n<li>Joachim Ewald von Massow<\/li>\n<li>Sigismund Freiherr von Strunckede zur Dornenburg<\/li>\n<li>Johann Philipp von Normann<\/li>\n<li>Johann Friederich von Kreutzen<\/li>\n<li>Johann Sigismund von Bardeleben<\/li>\n<li>Samuel von Pohlentz<\/li>\n<li>Friederich Julius von Schwerin<\/li>\n<li>Dionysius von Blanckenburg<\/li>\n<li>Christian Heinrich von Stutterheim<\/li>\n<li>Otto Ludewig Sigismund Reichsgraf von Schwerin<\/li>\n<li>Gerhardt Heinrih von Wolden<\/li>\n<li>Johann Henrich Wilhelm Jobst von Buddenbrock<\/li>\n<li>Christian Ernst von Polentz<\/li>\n<li>Adam Friederich von Wreech<\/li>\n<li>Friedrich Ludwig Graf von Finckenstein<\/li>\n<li>Leopold Alexander Graf von Wartensleben<\/li>\n<li>Moritz Carl Graf zu Lynar<\/li>\n<li>Otto Melchior von Tre\u00dfckow<\/li>\n<li>Philipp George Wilhelm von Borck<\/li>\n<li>Alexander Hermann Freiherr von Wylich<\/li>\n<li>Rudolph Heinrich von Neitschitz<\/li>\n<li>Carl Christoph Graf von Schlippenbach<\/li>\n<li>Galus Maximilianus Freiherr zu Rackenitz<\/li>\n<li>Wilhelm von Rohwedel<\/li>\n<li>Hans Adam Freiherr von Ende<\/li>\n<li>Friederich Carl Voit von Saltzburg<\/li>\n<li>Reinoud Baron van Reede<\/li>\n<li>Gebhard Johann von Alvensleben<\/li>\n<\/ul>\n<\/td>\n<td width=\"33%\" style=\"text-align:left\">\n<ul>\n<li>Heinrich Gunther Reinhard Baron von R\u00f6der<\/li>\n<li>Christian David von Sydow<\/li>\n<li>Friedrich Sigismund von Bredow<\/li>\n<\/ul>\n<\/td>\n<td width=\"33%\" style=\"text-align:left\">\n<ul>\n<li>Friedrich Wilhelm Stach von Goltzheim<\/li>\n<li>Carl Philipp Christian Freiherr von Wartensleben<\/li>\n<li>Ferdinand Reinhard Wolff von Wallbrunn<\/li>\n<li>Ludwig Wilhelm von M\u00fcnchow<\/li>\n<li>Ernst Philipp von M\u00fcnchow<\/li>\n<li>Carl Gustav von M\u00fcnchow<\/li>\n<li>Friedrich Wilhelm von Sydow<\/li>\n<li>Friederich Leopold von Ge\u00dfler<\/li>\n<li>Caspar Wilhelm von Borcke<\/li>\n<li>Friedrich von Steinberg<\/li>\n<li>Adolph Ludwig Graf zu Solms<\/li>\n<li>Hans Georg von der Marwitz<\/li>\n<li>Ernst Heinrich Freiherr von Salisch<\/li>\n<li>Friederich Wilhelm Ernst von Grumbkow<\/li>\n<li>Hans Casimir von Rhade<\/li>\n<li>Ahrend Friedrich von Retzow<\/li>\n<li>Conrad Ernst Maximilian Graf von Hochberg<\/li>\n<li>Heino von Br\u00f6sigke<\/li>\n<li>Ludwig Freiherr von Hammerstein<\/li>\n<li>Otto Wilhelm Truchsess Graf zu Waldburg<\/li>\n<li>Joachim Heinrich von der Groeben<\/li>\n<li>Carl Ernst von der Groeben<\/li>\n<li>Adolph Friedrich von Berfelde<\/li>\n<li>Christoph Ludwig Freiherr von Seckendorff<\/li>\n<\/ul>\n<\/td>\n<\/tr>\n<\/tbody>\n<\/table>\n","protected":false},"excerpt":{"rendered":"<p>Autor: Justus Christoph Dithmar Titel: Genealogisch-Historische Nachricht von denen Hochw\u00fcrdigsten und Durchlauchtigsten Herren-Meistern des Ritterlichen Johanniter-Ordens, In der Marck \/ Sachsen \/ Pommern und Wendland \/ Samt des Jetzigen Herren-Meisters<\/p>\n<div><a href=\"https:\/\/dirkpeters.info\/?page_id=691\" class=\"exp-read-more exp-read-more-underlined\">Read More<\/a><\/div>\n","protected":false},"author":1,"featured_media":0,"parent":123,"menu_order":0,"comment_status":"closed","ping_status":"closed","template":"","meta":{"jetpack_post_was_ever_published":false,"footnotes":"","_links_to":"","_links_to_target":""},"class_list":["post-691","page","type-page","status-publish","hentry"],"jetpack_shortlink":"https:\/\/wp.me\/P8HCXc-b9","jetpack-related-posts":[{"id":123,"url":"https:\/\/dirkpeters.info\/?page_id=123","url_meta":{"origin":691,"position":0},"title":"Service","author":"dirkpeters","date":"6. Mai 2017","format":false,"excerpt":"A Adel im Netz Ahnenlisten aus dem Ahnenlistenumlauf, 21 Microfilmrollen Ahnenreihen aus allen Deutschen Gauen Ahnenreihenwerk Geschwister Fischer Die Ahnenstammkartei des deutschen Volkes: Teil I, gesamt 638 Mikrofilmrollen Die Ahnenstammkartei des deutschen Volkes: Teil II, Ahnenlisten, gesamt 576 Mikrofilmrollen Ahnentafel Peters Akten des preu\u00df. Heroldsamtes Altpreu\u00dfische Geschlechterkunde Armorial et nobiliaire\u2026","rel":"","context":"In \"Links\"","block_context":{"text":"Links","link":"https:\/\/dirkpeters.info\/?tag=links"},"img":{"alt_text":"","src":"","width":0,"height":0},"classes":[]},{"id":696,"url":"https:\/\/dirkpeters.info\/?page_id=696","url_meta":{"origin":691,"position":1},"title":"Nachrichten vom Johanniterorden","author":"dirkpeters","date":"12. Mai 2017","format":false,"excerpt":"Autor: Dienemann,Johann G.; Hasse, Johann Erdmann Titel: Nachrichten vom Johanniterorden, insbesonders von dessen Herrenmeisterthum in der Mark, Sachsen, Pommern u. Wendland, wie auch von der Wahl und Investitur des jetzigen Herrenmeisters, Prinzen August Ferdinand in Preussen K\u00f6nigl. Hoheit, nebst einer Beschreibung der in den Jahren 1736, 1737, 1762 und 1764\u2026","rel":"","context":"In \"B\u00fccher\"","block_context":{"text":"B\u00fccher","link":"https:\/\/dirkpeters.info\/?tag=buecher"},"img":{"alt_text":"","src":"","width":0,"height":0},"classes":[]},{"id":385,"url":"https:\/\/dirkpeters.info\/?page_id=385","url_meta":{"origin":691,"position":2},"title":"Meine Genealogische Bibliothek &#8211; Familiengeschichten","author":"dirkpeters","date":"10. Mai 2017","format":false,"excerpt":"Alten: Geschichte des Geschlechts von Alten 1182-1982 - W\u00e4tjen, Hans - Wolfsburg, 1981 Behr: Urkunden und Forschungen zur Geschichte des Geschlechts Behr G\u00fctzkower Linie - Bd VII - Behr, Marcelle und Fritz von - Selbstverlag Berger: Ahnenliste Berger - Ein Geschlecht aus dem Verwandtschaftskreis des Rudolf Stoye - Berger, Thomas\u2026","rel":"","context":"In \"B\u00fccher\"","block_context":{"text":"B\u00fccher","link":"https:\/\/dirkpeters.info\/?tag=buecher"},"img":{"alt_text":"","src":"","width":0,"height":0},"classes":[]},{"id":366,"url":"https:\/\/dirkpeters.info\/?page_id=366","url_meta":{"origin":691,"position":3},"title":"Meine Genealogische Bibliothek &#8211; Sammelwerke","author":"dirkpeters","date":"9. Mai 2017","format":false,"excerpt":"Deutsches Geschlechterbuch Bde. 1-87 (CD's) - C. A. Starke Verlag Genealogisches Handbuch des Adels Reihe - C. A. Starke Verlag Adelige H\u00e4user A Bde. 1 - 8, 12, 14, 18 Adelige H\u00e4user B Bd. 1 Adelige H\u00e4user Bde. 34 - 36 Freiherrliche H\u00e4user A Bde. 1 - 6, 12 Freiherrliche\u2026","rel":"","context":"In \"B\u00fccher\"","block_context":{"text":"B\u00fccher","link":"https:\/\/dirkpeters.info\/?tag=buecher"},"img":{"alt_text":"","src":"","width":0,"height":0},"classes":[]},{"id":131,"url":"https:\/\/dirkpeters.info\/?page_id=131","url_meta":{"origin":691,"position":4},"title":"Familien\u00fcbergreifende Reihen und B\u00fccher","author":"dirkpeters","date":"6. Mai 2017","format":false,"excerpt":"Links zu B\u00fcchern und Reihen, die familien\u00fcbergreifende Informationen bzw. Informationen zu mehreren Familien enthalten.Das Herunterladen von B\u00fcchern bei Google, die nach 1870 erschienen sind funktioniert nur \u00fcber einen amerikanischen Proxy bzw. das Firefox-Addon googlesharing. Das eingeschaltete Browsen simuliert nun die Suche als US-B\u00fcrger und erm\u00f6glicht im Gesamtergebnis zuverl\u00e4ssig einige Downloads\u2026","rel":"","context":"\u00c4hnlicher Beitrag","block_context":{"text":"\u00c4hnlicher Beitrag","link":""},"img":{"alt_text":"","src":"","width":0,"height":0},"classes":[]},{"id":125,"url":"https:\/\/dirkpeters.info\/?page_id=125","url_meta":{"origin":691,"position":5},"title":"Lexika im Internet","author":"dirkpeters","date":"6. Mai 2017","format":false,"excerpt":"Im World Wide Web finden sich eine Menge Lexika, viele sind davon auch f\u00fcr die Familienforschung n\u00fctzlich. Hier sind Links zu einigen interessanten Werken: Allgemeine \/ Neue Deutsche Biographie Startseite Genealogisch-historisch-statistischer Almanach 1824 1830 1831 1832 Hellbach, Johann Christian von: Adels-Lexikon, oder, Handbuch \u00fcber die historischen, genealogischen und diplomatischen ,\u2026","rel":"","context":"\u00c4hnlicher Beitrag","block_context":{"text":"\u00c4hnlicher Beitrag","link":""},"img":{"alt_text":"","src":"","width":0,"height":0},"classes":[]}],"jetpack_sharing_enabled":true,"jetpack_likes_enabled":true,"_links":{"self":[{"href":"https:\/\/dirkpeters.info\/index.php?rest_route=\/wp\/v2\/pages\/691","targetHints":{"allow":["GET"]}}],"collection":[{"href":"https:\/\/dirkpeters.info\/index.php?rest_route=\/wp\/v2\/pages"}],"about":[{"href":"https:\/\/dirkpeters.info\/index.php?rest_route=\/wp\/v2\/types\/page"}],"author":[{"embeddable":true,"href":"https:\/\/dirkpeters.info\/index.php?rest_route=\/wp\/v2\/users\/1"}],"replies":[{"embeddable":true,"href":"https:\/\/dirkpeters.info\/index.php?rest_route=%2Fwp%2Fv2%2Fcomments&post=691"}],"version-history":[{"count":2,"href":"https:\/\/dirkpeters.info\/index.php?rest_route=\/wp\/v2\/pages\/691\/revisions"}],"predecessor-version":[{"id":693,"href":"https:\/\/dirkpeters.info\/index.php?rest_route=\/wp\/v2\/pages\/691\/revisions\/693"}],"up":[{"embeddable":true,"href":"https:\/\/dirkpeters.info\/index.php?rest_route=\/wp\/v2\/pages\/123"}],"wp:attachment":[{"href":"https:\/\/dirkpeters.info\/index.php?rest_route=%2Fwp%2Fv2%2Fmedia&parent=691"}],"curies":[{"name":"wp","href":"https:\/\/api.w.org\/{rel}","templated":true}]}}