{"id":542,"date":"2017-05-11T14:58:17","date_gmt":"2017-05-11T12:58:17","guid":{"rendered":"http:\/\/test.dirkpeters.net\/?page_id=542"},"modified":"2017-05-11T14:58:17","modified_gmt":"2017-05-11T12:58:17","slug":"wikis-fuer-den-familienforscher","status":"publish","type":"page","link":"https:\/\/dirkpeters.info\/?page_id=542","title":{"rendered":"Wikis f\u00fcr den Familienforscher"},"content":{"rendered":"<ul>\n<li><a href=\"https:\/\/www.adelsvapen.com\/genealogi\/Huvudsida\" target=\"_blank\">Adelsvapens genealogi Wiki<\/a><br \/>Das Wiki rund um den schwedischen Adel. Mit einer sehr gro\u00dfen Auswahl an kompletten Genealogien des Schwedischen Adels.<\/li>\n<li><a href=\"http:\/\/www.daffg.de\/\" target=\"_blank\">Digitales Archiv f\u00fcr Familiengeschichte<\/a><br \/>Das Digitale Archiv f\u00fcr Familiengeschichte (DAFFG) f\u00f6rdert den Betrieb einer Internetplattform (FamilienWIKI) zur Sammlung und Verbreitung von Informationen und Dokumenten genealogischer und familiengeschichtlicher Art. Unter Ber\u00fccksichtigung aller M\u00f6glichkeiten einer digitalen Langzeitarchivierung m\u00f6chten wir historische Dokumente und Biografien f\u00fcr kommende Generationen erhalten.<\/li>\n<li><a href=\"http:\/\/wiki-de.genealogy.net\/Hauptseite\" target=\"_blank\">GenWiki<\/a><br \/>Das Wiki des <a href=\"http:\/\/compgen.de\/\">Vereins f\u00fcr Computergenealogie (Compgen)<\/a><\/li>\n<li><a href=\"http:\/\/genwiki.nl\/limburg\/index.php?title=Hoofdpagina\" target=\"_blank\">GenWiki Limburg<\/a><br \/>Ein Wiki mit genealogischen Informationen aus der niederl\u00e4ndischen Provinz Limburg.<\/li>\n<li><a href=\"http:\/\/tng.lythgoes.net\/wiki\/\" target=\"_blank\">TNG Wiki<\/a><br \/>Das Wiki mit allem Wissenswerten rund um das Programm <a href=\"http:\/\/lythgoes.net\/genealogy\/software.php\">TNG \u2013 The Next Generation of Genealogy Sitebuilding<\/a><\/li>\n<\/ul>\n","protected":false},"excerpt":{"rendered":"<p>Adelsvapens genealogi WikiDas Wiki rund um den schwedischen Adel. Mit einer sehr gro\u00dfen Auswahl an kompletten Genealogien des Schwedischen Adels. Digitales Archiv f\u00fcr FamiliengeschichteDas Digitale Archiv f\u00fcr Familiengeschichte (DAFFG) f\u00f6rdert<\/p>\n<div><a href=\"https:\/\/dirkpeters.info\/?page_id=542\" class=\"exp-read-more exp-read-more-underlined\">Read More<\/a><\/div>\n","protected":false},"author":1,"featured_media":0,"parent":123,"menu_order":0,"comment_status":"closed","ping_status":"closed","template":"","meta":{"jetpack_post_was_ever_published":false,"footnotes":"","_links_to":"","_links_to_target":""},"class_list":["post-542","page","type-page","status-publish","hentry"],"jetpack_shortlink":"https:\/\/wp.me\/P8HCXc-8K","jetpack-related-posts":[{"id":397,"url":"https:\/\/dirkpeters.info\/?page_id=397","url_meta":{"origin":542,"position":0},"title":"Meine genealogische Bibliothek &#8211; Zeitschriften und Jahrb\u00fccher","author":"dirkpeters","date":"10. Mai 2017","format":false,"excerpt":"AMF Mitteldeutsche Familiengeschichte, Bd. V. 1976-1979 Zeitschrift f\u00fcr Mitteldeutsche Familiengeschichte, seit 2008 BGG Brandenburgische Genealogische Nachrichten ab 2006 Brandenburgisches Genealogisches Jahrbuch ab Bd. 1 Compgen Computergenealogie, 2005 - 2014 Pommerscher Greif Sedina Archiv ab 2014 Verein f\u00fcr mecklenburgische Familien- und Personengeschichte e. V. Mitteilungen des Vereins f\u00fcr mecklenburgische Familien- und\u2026","rel":"","context":"In \"AMF\"","block_context":{"text":"AMF","link":"https:\/\/dirkpeters.info\/?tag=amf"},"img":{"alt_text":"","src":"","width":0,"height":0},"classes":[]},{"id":106,"url":"https:\/\/dirkpeters.info\/?page_id=106","url_meta":{"origin":542,"position":1},"title":"Impressum","author":"dirkpeters","date":"6. Mai 2017","format":false,"excerpt":"Angaben gem\u00e4\u00df \u00a7 5 Telemediengesetz Allgemeine Informationen Name und Anschrift Dirk Peters Am alten Wasserwerk 3 14669 Ketzin mail@dirkpeters.net Telefon: Da ich die Seite rein privat betreibe, gebe ich keine Telefonnummer an. Datenschutzerkl\u00e4rung Weitere Informationen Links auf meine Seiten Selbstverst\u00e4ndlich ist es gern gesehen, wenn Sie meine Homepagen auf Ihrer\u2026","rel":"","context":"\u00c4hnlicher Beitrag","block_context":{"text":"\u00c4hnlicher Beitrag","link":""},"img":{"alt_text":"","src":"","width":0,"height":0},"classes":[]},{"id":3836,"url":"https:\/\/dirkpeters.info\/?page_id=3836","url_meta":{"origin":542,"position":2},"title":"Familiengeschichen und Ahnenlisten b\u00fcrgerlicher Familien","author":"dirkpeters","date":"20. Juli 2020","format":false,"excerpt":"A | B | C | D | E | F | G | H | I | J | K | L | M | N | O | P | Q | R | S | T | U | V | W | Z | nach oben\u2026","rel":"","context":"In \"Ahnenforschung\"","block_context":{"text":"Ahnenforschung","link":"https:\/\/dirkpeters.info\/?tag=ahnenforschung"},"img":{"alt_text":"","src":"","width":0,"height":0},"classes":[]},{"id":78,"url":"https:\/\/dirkpeters.info\/?page_id=78","url_meta":{"origin":542,"position":3},"title":"Genealogieblogs- und Webseiten","author":"dirkpeters","date":"6. Mai 2017","format":false,"excerpt":"Abenteuer Ahnenforschung - Der Blog von Andrea Bentschneider. In diesem Blog dreht sich alles um Themen rund um die Ahnen- und Familienforschung. Hier werden Sie Erfahrungsberichte, Hilfestellungen, Antworten auf Fragen, Hinweise auf Publikationen und TV-Sendungen sowie andere\u2026 Ahnenforschung der Familie Auf'm Kampe - Die Familienforschungsseite von Regina auf\u2019m Kampe, mit\u2026","rel":"","context":"\u00c4hnlicher Beitrag","block_context":{"text":"\u00c4hnlicher Beitrag","link":""},"img":{"alt_text":"","src":"","width":0,"height":0},"classes":[]},{"id":2014,"url":"https:\/\/dirkpeters.info\/?page_id=2014","url_meta":{"origin":542,"position":4},"title":"Datenschutzerkl\u00e4rung","author":"dirkpeters","date":"21. Mai 2018","format":false,"excerpt":"Wer wir sind Die Adresse unserer Website ist: http:\/\/dirkpeters.info. Welche personenbezogenen Daten wir sammeln und warum wir sie sammeln Kommentare Wenn Besucher Kommentare auf der Website schreiben, sammeln wir die Daten, die im Kommentar-Formular angezeigt werden, au\u00dferdem die IP-Adresse des Besuchers und den User-Agent-String (damit wird der Browser identifiziert), um\u2026","rel":"","context":"\u00c4hnlicher Beitrag","block_context":{"text":"\u00c4hnlicher Beitrag","link":""},"img":{"alt_text":"","src":"","width":0,"height":0},"classes":[]},{"id":123,"url":"https:\/\/dirkpeters.info\/?page_id=123","url_meta":{"origin":542,"position":5},"title":"Service","author":"dirkpeters","date":"6. Mai 2017","format":false,"excerpt":"A Adel im Netz Ahnenlisten aus dem Ahnenlistenumlauf, 21 Microfilmrollen Ahnenreihen aus allen Deutschen Gauen Ahnenreihenwerk Geschwister Fischer Die Ahnenstammkartei des deutschen Volkes: Teil I, gesamt 638 Mikrofilmrollen Die Ahnenstammkartei des deutschen Volkes: Teil II, Ahnenlisten, gesamt 576 Mikrofilmrollen Ahnentafel Peters Akten des preu\u00df. Heroldsamtes Altpreu\u00dfische Geschlechterkunde Armorial et nobiliaire\u2026","rel":"","context":"In \"Links\"","block_context":{"text":"Links","link":"https:\/\/dirkpeters.info\/?tag=links"},"img":{"alt_text":"","src":"","width":0,"height":0},"classes":[]}],"jetpack_sharing_enabled":true,"jetpack_likes_enabled":true,"_links":{"self":[{"href":"https:\/\/dirkpeters.info\/index.php?rest_route=\/wp\/v2\/pages\/542","targetHints":{"allow":["GET"]}}],"collection":[{"href":"https:\/\/dirkpeters.info\/index.php?rest_route=\/wp\/v2\/pages"}],"about":[{"href":"https:\/\/dirkpeters.info\/index.php?rest_route=\/wp\/v2\/types\/page"}],"author":[{"embeddable":true,"href":"https:\/\/dirkpeters.info\/index.php?rest_route=\/wp\/v2\/users\/1"}],"replies":[{"embeddable":true,"href":"https:\/\/dirkpeters.info\/index.php?rest_route=%2Fwp%2Fv2%2Fcomments&post=542"}],"version-history":[{"count":4,"href":"https:\/\/dirkpeters.info\/index.php?rest_route=\/wp\/v2\/pages\/542\/revisions"}],"predecessor-version":[{"id":546,"href":"https:\/\/dirkpeters.info\/index.php?rest_route=\/wp\/v2\/pages\/542\/revisions\/546"}],"up":[{"embeddable":true,"href":"https:\/\/dirkpeters.info\/index.php?rest_route=\/wp\/v2\/pages\/123"}],"wp:attachment":[{"href":"https:\/\/dirkpeters.info\/index.php?rest_route=%2Fwp%2Fv2%2Fmedia&parent=542"}],"curies":[{"name":"wp","href":"https:\/\/api.w.org\/{rel}","templated":true}]}}