{"id":480,"date":"2017-05-10T21:39:22","date_gmt":"2017-05-10T19:39:22","guid":{"rendered":"http:\/\/test.dirkpeters.net\/?page_id=480"},"modified":"2019-03-01T11:34:57","modified_gmt":"2019-03-01T10:34:57","slug":"familiennamen-im-ortsfamilienbuch-schillingstedt","status":"publish","type":"page","link":"https:\/\/dirkpeters.info\/?page_id=480","title":{"rendered":"Familiennamen im Ortsfamilienbuch Schillingstedt"},"content":{"rendered":"<p>Im von mir erstellten Ortsfamiliennamen kommen folgende Familiennamen vor:<\/p>\n<p>Abicht; Adam; Adelmeier; Adlung; Ahlert; Albrecht; Alper; Altenburg; Altsohn; Ameisse; Andr\u00e4e; Andreas; Apthelm; Arnemann; Arnholdt; Arper; Assing; Augund; Aurin; <\/p>\n<p>Bach; Bachrodt; Bader; Baer; Bamberg; Bark; Bastian; Bauerfeld; Baumg\u00e4rtel; Bawer; Bayer; Beate; Bechler; Bechstedt; Beckel; Becken; Becker; Beckstedt; Beeke; Beilschmidt; Bennewitz; Bentze; Berbach; Berghardt; Bergholz; Bergmann; Bernd; Berndt; Bernfordt; Berningen; Bert; Be\u00dfler; Beyer; Bihen; Billing; Bindel; Birnscheid; Blank; Blankenburg; Bl\u00e4sing; Blasse; Bl\u00e4ttermann; Blau; Ble\u00dfe; Blickmann; Bock; B\u00f6ckel; B\u00f6cking; Boerner; Boettcher; Boettner; Bohde; Bohne; B\u00f6holdt; Borke; Bornemann; B\u00f6rner; Borschman; Bosse; B\u00f6ttcher; B\u00f6ttger; B\u00f6ttiger; Brachvogel; Bracke; Brandt; Brandtin; Braum\u00fcller; Briehme; Brinckmann; Bringmann; Br\u00fcchme; B\u00fcchner; Buhl; B\u00fcrger; Buthard; B\u00fcttner; <\/p>\n<p>C\u00e4mmer; Carl; Christiane Magdalene; Conrad; Curt; C\u00fctler; <\/p>\n<p>Dachr\u00f6den; Deckert; Demuth; Dennewitz; Dettler; Dienemann; Dietrich; Dittmann; Dittmar; Doeltz; Doering; D\u00f6hle; D\u00f6ltz; D\u00f6rner; D\u00f6rnfeld; Dornheim; Dorpheim; Draxler; Drechsler; Dresko; Dressel; Dreysse; Drohs; Dronet; Dusdorf; <\/p>\n<p>Ebenstein; Ebeser; Eckardt; Ehlinger; Ehrenpfort; Ehrhardt; Eichapffel; Eichentopf; Eichholz; Eichhorn; Eisener; Eisenhut; Ekarius; Engelhardt; Enke; Erdenburger; Eschner; Etzenhofen; Etzleben; <\/p>\n<p>Facius; F\u00e4lckner; Fasch; Faulborn; Feine; Fest; Ficker; Fickewirth; Fiedler; Firnk\u00e4se; Fischer; Fister; Fleischhauer; Flemming; Fl\u00fcgel; Forgel; F\u00f6rstmann; Francke; Franke; Franz; Freyburger; Fricke; Friedemann; Fritsch; Fritzke; Fritzsche; Frobin; Fr\u00f6hlich; Frohwein; Fuhrmann; Fulghe; <\/p>\n<p>Gaermer; Ga\u00dfner; Gautzsch; Gebhard; Gebhardt; Gehring; Geilmann; Gei\u00dfler; Gerboth; Gerhardt; Germer; Ge\u00dfner; Geyer; Glaeser; Gl\u00e4ser; Gledisch; G\u00f6dert; Goldschmidt; Gollum; G\u00f6ring; Gothe; G\u00f6the; G\u00f6ttel; G\u00f6tze; G\u00f6tzen; Grabe; Graf; Gr\u00e4fe; Gr\u00e4fenstein; Gr\u00e4ffenheim; Grahmann; Gra\u00dfler; Gra\u00dfner; Grimm; Groll; Grone; Grube; Gr\u00fcnewald; Gubitz; Guckenburg; G\u00fcldenzopf; G\u00fcldner; G\u00fcnther; <\/p>\n<p>Haase; Hacker; Hafermalz; Hahn; Hake; Halle; Haller; Hals; Hamel; Hamisch; Happich; Harms; Harnisch; Hartmann; Hartung; Hase; Ha\u00df; Hatzelmann; Hatzler; Haubold; Haucke; Haupt; Hauthal; Hauttmann; Hecker; Heerdegen; Heilborn; Heilmann; Heimbach; Heinecke; Heinemann; Heise; Heiser; Helbing; Helfer; Helm; Hemleben; Hempel; Henckel; Henkel; Hennig; Hergt; Herling; Herntrich; Herold; Herrmann; Herwig; Herzberg; Hesse; He\u00df; He\u00dfler; Heydecke; Heydek; Heyer; Hickethier; Hildebrand; Hippel; Hi\u00dfbach; Hobe; Hochmuth; Hoefler; Hoffmann; Hoffrecht; Hofmann; H\u00f6gge; Hohndorf; Hohnrott; Holler; Holtzapfel; H\u00f6lzer; Holzmann; Holzmorgen; Homeyer; H\u00f6pping; H\u00f6rch; H\u00f6rdrig; Horn; Horta; Hoth; Hoyer; Hubert; H\u00fcbner; Hyrnkam; <\/p>\n<p>Illge; Irrgang; <\/p>\n<p>Jacobs; Jahn; J\u00e4nichen; John; Jung; Jungebert; Junghans; Jungnickel; J\u00fcnn; Junne; <\/p>\n<p>K\u00e4fer; K\u00e4hne; Kaltwasser; K\u00e4mmerer; Kanlitz; Kannawurf; Kanzler; K\u00e4stner; Kathin; Kaufmann; Kayser; Keil; Kersten; Kirchheim; Kirchner; Kirms; Kirsten; Klapprott; Klein; Kleine; Klei\u00dfberg; Klingenstein; Klingner; Kl\u00f6zzel; Kluge; Knabe; Knauf; Knauth; Kneusel; Knipstein; Knoch; Knoll; Knolle; Knote; Koch; Kogler; Kohen; K\u00f6hler; Kollmann; K\u00f6nig; Korall; Korelle; K\u00f6rner; Kortes; Kothe; K\u00f6the; Kraehmer; Kraemer; Krahmer; Kr\u00e4hmer; Kr\u00e4mer; Krause; Krauthausen; Kreutzberger; Kr\u00fcger; K\u00fcbelstein; Kuhlmeyer; K\u00fchne; Kummer; Kunze; <\/p>\n<p>Ladensack; Lahrbusch; Lamprecht; Landgraff; Lange; Laubmann; Lauche; Laue; Lehmann; Leich; Lennemann; Leonhardt; Lerche; Leyfering; Liebert; Liebeskind; Linke; Linkenbarth; Locke; Loebnitz; Lohmann; L\u00f6hmar; Lorenz; L\u00f6ssel; Lucke; Ludewig; L\u00fcdicke; Ludwig; L\u00fcstermund; <\/p>\n<p>Maentz; Maerz; Magler; M\u00e4hler; Mahnhardt; M\u00e4ntz; Marktscheffel; Markwardt; Marquard; Marschall; Martini; Mayrfall; Mehrbach; Mei\u00dfner; Meister; Melzer; Melzner; Messerschmidt; Metze; Metzger; Metzner; Meyer; Michael; Mollges; M\u00f6nner; Moorstadt; Mosebach; M\u00fchlberg; M\u00fchler; M\u00fcller; Mumme; M\u00fcnch; Mund; M\u00fcnder; Mundt; M\u00fcnnich; <\/p>\n<p>Nattroth; Naumburg; Neander; Neuhardt; Nickel; Nicolai; Nicolis; Nies; Niese; Niggisch; Nimbach; NN; Noah; Noeckels; Noellert; Noetzold; Noormann; <\/p>\n<p>Obermeyer; Oettingshausen; Ohlam; Ohsa; Otte; Otto; <\/p>\n<p>Pabst; Pappe; Pauli; Pense; Penske; Penzler; Pescht; Peters; Petri; Pfahlbusch; Pf\u00e4ndler; Pfannkuchen; Pfister; Pilz; Pl\u00f6tz; Pl\u00f6tze; Pocheleit; Pogge; Polbe; Polland; P\u00f6lzing; Porch; P\u00f6ssel; P\u00f6ttner; Prei\u00dfen; Pressler; Preuser; Prie\u00dfer; Probst; Proschke; P\u00fcssler; Puster; Pzechtely; <\/p>\n<p>R\u00e4cknagel; Radewall; Rammberg; Rancke; Ranft; Rangen; Rannelt; Rathg\u00fcssen; Rauch; Rauff; Reichardt; Reichenbach; Reifenstein; Rein; Reinecker; Reinhard; Reinhardt; Reinhart; Reinicke; Reinl\u00e4nder; Rei\u00dfer; Rei\u00dfland; Reufelt; Rhost; Richter; Riede; Rieher; Riemann; Riemer; Robisch; Rockhausen; Rodeck; Roehn; R\u00f6hdiger; Rohe: <\/p>\n<p>Rohkr\u00e4mer; Rohloff; Romde; R\u00f6mer; Rommel; Rommer; R\u00f6sler; R\u00f6ssling; R\u00f6\u00dfler; Rost; Rothe; Rothhard; Royte; Rubick; R\u00fccksroth; Rudel; R\u00fcdiger; Rudloff; Rudolph; Rudwaltd; Rufft; Ruft; Runge; <\/p>\n<p>Saal; Saenger; Saltzen; S\u00e4nger; Santz; Schachtschabel; Sch\u00e4fer; Schaffe; Schaffner; Schaffrodt; Schannin; Scharfe; Scharffe; Schartemantel; Scha\u00df; Schatz; Schaubold; Schaumburg; Scheffler; Scheichmantel; Scheidling; Scheinaffe; Scheiting; Scherer; Schermer; Scheufler; Schieke; Schiermin; Schilling; Schimmelberg; Schink\u00f6the; Schlegelmilch; Schleicher; Schlieke; Schling; Schl\u00f6ffel; Schlosser; Schm\u00e4hgall; Schm\u00e4yhase; Schmei\u00dfer; Schmidt; Schmied; Schneegass; Schneider; Schneidewind; Schojandt; Schomburg; Sch\u00f6nau; Sch\u00f6nkoller; Schramm; Schreiber; Schreiner; Schr\u00f6der; Schroeder; Schr\u00f6ter; Schubart; Schuchard; Schultz; Schultze; Schulz; Schulze; Sch\u00fctze; Schwabe; Schwartz; Schwarz; Schwarze; Schwemberg; Seeber; Seebisch; Seidler; Senn; Setzepfand; Seyfarth; Seyffert; Siedler; Siep; Sitting; Sollin; Sorben; Spahn; Spangberg; Spangenberg; Speiser; Sperber; Spindler; Springfeld; Stahlhut; Standhardt; Steinbark; Steinbr\u00fcck; Steinhausen; Steinicke; Steinkopf; Steinmann; Steuer; Stiede; Stiednick; Stiel; Stieler; Stigelitz; Stingling; Stinz; Stollberg; Stolle; St\u00f6lzer; St\u00f6pel; Stotzel; Strassburg; Strauch; Strobach; Strohbach; Strube; Struthwolff; Stumpf; Sturm; Sturz; Swayffer; <\/p>\n<p>Taenzer; T\u00e4nzer; Tanzgeschirr; Tattenborn; Taute: \u2013<\/p>\n<p>Tettenborn; Thale; Thiel; Thiele; Thieme; Thierbach; Thomas; Th\u00fcring; Toepfer; T\u00f6pfer; Topff; Treffurth; Tunze; <\/p>\n<p>Uschmann; <\/p>\n<p>Vetter; Viol; V\u00f6ckel; Vogel; Vogelsberg; Vogler; Voigt; von Hoff; <\/p>\n<p>Wachenhaus; Wachsmuth; Wagner; Wakes; Walther; Wangemann; Wangermann; Webel; Weber; Wegfra\u00df; Wehling; Wehmeyer; Weiger; Weilinger; Weimann; Weinreich; Weinschenk; Weise; Weisheit; Weisse; Weisshuhn; Wei\u00df; Wei\u00dfe; Wei\u00dfhaupt; Wenig; Werkmeister; Werner; Wettengel; Wetterling; Wettig; Wetzel; Wey\u00df; Wiegand; Wiegel; Wigleb; Wilhelm; Willig; Winkler; Winzer; Witter; Wittieben; Wochatz; Wohde; Wohlfahrt; Wohlfeld; Wohlrabe; W\u00f6ldner; Wolf; Wolff; Worbs; Wurmstich; W\u00fcrzburg; W\u00fcstemann; <\/p>\n<p>Zapf; Zech; Zenge; Zezzin; Ziegenhorn; Zierfu\u00df; Ziller; Zimmermann; Zion; Zoeller; Z\u00f6ller; Z\u00f6llner; Zschintzel; Zuckel; Zugwurst; Z\u00fcllich; Zweig; <\/p>\n","protected":false},"excerpt":{"rendered":"<p>Im von mir erstellten Ortsfamiliennamen kommen folgende Familiennamen vor: Abicht; Adam; Adelmeier; Adlung; Ahlert; Albrecht; Alper; Altenburg; Altsohn; Ameisse; Andr\u00e4e; Andreas; Apthelm; Arnemann; Arnholdt; Arper; Assing; Augund; Aurin; Bach; Bachrodt;<\/p>\n<div><a href=\"https:\/\/dirkpeters.info\/?page_id=480\" class=\"exp-read-more exp-read-more-underlined\">Read More<\/a><\/div>\n","protected":false},"author":1,"featured_media":0,"parent":123,"menu_order":0,"comment_status":"closed","ping_status":"closed","template":"","meta":{"jetpack_post_was_ever_published":false,"footnotes":"","_links_to":"","_links_to_target":""},"class_list":["post-480","page","type-page","status-publish","hentry"],"jetpack_shortlink":"https:\/\/wp.me\/P8HCXc-7K","jetpack-related-posts":[{"id":472,"url":"https:\/\/dirkpeters.info\/?page_id=472","url_meta":{"origin":480,"position":0},"title":"Ortsfamilienbuch Schillingstedt","author":"dirkpeters","date":"10. Mai 2017","format":false,"excerpt":"Mein erstes Ortsfamilienbuch ist fertig Schillingstedt ist ein Dorf im th\u00fcringischen Landkreis S\u00f6mmerda und geh\u00f6rt verwaltungsrechtlich zur Verwaltungsgemeinschaft K\u00f6lleda. Das Dorf wurde am 19. April 1227 erstmals urkundlich erw\u00e4hnt und hatte 2014 224 Einwohner. Die verwendeten Kirchenb\u00fccher laufen von 1636 bis 1854, wobei zwischen 1636 und ca. 1680 gro\u00dfe L\u00fccken\u2026","rel":"","context":"In \"B\u00fccher\"","block_context":{"text":"B\u00fccher","link":"https:\/\/dirkpeters.info\/?tag=buecher"},"img":{"alt_text":"","src":"","width":0,"height":0},"classes":[]},{"id":123,"url":"https:\/\/dirkpeters.info\/?page_id=123","url_meta":{"origin":480,"position":1},"title":"Service","author":"dirkpeters","date":"6. Mai 2017","format":false,"excerpt":"A Adel im Netz Ahnenlisten aus dem Ahnenlistenumlauf, 21 Microfilmrollen Ahnenreihen aus allen Deutschen Gauen Ahnenreihenwerk Geschwister Fischer Die Ahnenstammkartei des deutschen Volkes: Teil I, gesamt 638 Mikrofilmrollen Die Ahnenstammkartei des deutschen Volkes: Teil II, Ahnenlisten, gesamt 576 Mikrofilmrollen Ahnentafel Peters Akten des preu\u00df. Heroldsamtes Altpreu\u00dfische Geschlechterkunde Armorial et nobiliaire\u2026","rel":"","context":"In \"Links\"","block_context":{"text":"Links","link":"https:\/\/dirkpeters.info\/?tag=links"},"img":{"alt_text":"","src":"","width":0,"height":0},"classes":[]},{"id":436,"url":"https:\/\/dirkpeters.info\/?page_id=436","url_meta":{"origin":480,"position":2},"title":"Publikationen","author":"dirkpeters","date":"10. Mai 2017","format":false,"excerpt":"Im Laufe meiner Familienforschung habe ich bisher folgende Werke als Onlineausgabe publiziert: Ahnentafel Peters Ortsfamilienbuch Schillingstedt 1636 - 1848 Derzeit arbeite ich am Ortsfamilienbuch Bretleben. Die Publikationen stelle ich hier kostenlos zum Download bereit, die Ortsfamilienb\u00fccher zus\u00e4tzlich auch auf den einschl\u00e4gigen Plattformen.","rel":"","context":"In \"B\u00fccher\"","block_context":{"text":"B\u00fccher","link":"https:\/\/dirkpeters.info\/?tag=buecher"},"img":{"alt_text":"","src":"","width":0,"height":0},"classes":[]},{"id":373,"url":"https:\/\/dirkpeters.info\/?page_id=373","url_meta":{"origin":480,"position":3},"title":"Meine Genealogische Bibliothek \u2013 Ahnenreihen, Stammlisten, Ortsfamilienb\u00fccher","author":"dirkpeters","date":"10. Mai 2017","format":false,"excerpt":"Ahnen zu Karl dem Grossen und Widukind in 765 Ahnenst\u00e4mmen - Winkhaus, Eberhard; Selbstverlag Ennepetal-Altenvoerde 1950 Ahnenreihen aus allen deutschen Gauen Bde. 1 - 4 - Ehrenkrook, Hans Friedrich v. - C. A. Starke Verlag, Verzeichnis der Ahnenreihen Ahnen und Enkel, Bd. 1, Sammlung von Ahnen- und Nachkommenlisten - Euler,\u2026","rel":"","context":"In \"Ahnenreihen\"","block_context":{"text":"Ahnenreihen","link":"https:\/\/dirkpeters.info\/?tag=ahnenreihen"},"img":{"alt_text":"","src":"https:\/\/i0.wp.com\/dirkpeters.info\/wp-content\/uploads\/2019\/09\/es.jpg?resize=350%2C200&ssl=1","width":350,"height":200},"classes":[]},{"id":390,"url":"https:\/\/dirkpeters.info\/?page_id=390","url_meta":{"origin":480,"position":4},"title":"Meine Genealogische Bibliothek \u2013 Regionales","author":"dirkpeters","date":"10. Mai 2017","format":false,"excerpt":"Brandenburg Biographisches Handbuch der preussischen Verwaltungs- und Justizbeamten 1740-1806\/15 - Straubel, Rolf - K.G.Saur 2009; Einzelver\u00f6ffentlichung der Historischen Kommission zu Berlin, Band 85 Der B\u00fcrger- und Einwohnerkataster der Stadt Spandau von 1723 - Pohl, Joachim - Degener & Co Der Eisenbahnabschnitt Erkner - Frankfurt (Oder) Geschichte und Personal 1842-1990 -\u2026","rel":"","context":"In \"B\u00fccher\"","block_context":{"text":"B\u00fccher","link":"https:\/\/dirkpeters.info\/?tag=buecher"},"img":{"alt_text":"","src":"","width":0,"height":0},"classes":[]},{"id":1544,"url":"https:\/\/dirkpeters.info\/?page_id=1544","url_meta":{"origin":480,"position":5},"title":"Familien aus Mecklenburg und Vorpommern &#8211; Familien","author":"dirkpeters","date":"14. September 2014","format":false,"excerpt":"Wolf L\u00fcdeke von Weltzien: Familien aus Mecklenburg und Vorpommern, Vier B\u00e4nde, Buch & Bild Verlag Hans-Joachim Sch\u00f6rle, Nagold 1989-1995 Behandelte Familien Band 1 Band 2 Band 3 Band 4 v. Apenborg (1313-1804) v. Issensee (1557-1704) v. Bere (1239-1580) v. Blixen (1239-1878) v. Collen (1237-1660) v. Eickstedt (1100-1890) v. Freyburg -\u2026","rel":"","context":"In \"Adel\"","block_context":{"text":"Adel","link":"https:\/\/dirkpeters.info\/?tag=adel"},"img":{"alt_text":"","src":"","width":0,"height":0},"classes":[]}],"jetpack_sharing_enabled":true,"jetpack_likes_enabled":true,"_links":{"self":[{"href":"https:\/\/dirkpeters.info\/index.php?rest_route=\/wp\/v2\/pages\/480","targetHints":{"allow":["GET"]}}],"collection":[{"href":"https:\/\/dirkpeters.info\/index.php?rest_route=\/wp\/v2\/pages"}],"about":[{"href":"https:\/\/dirkpeters.info\/index.php?rest_route=\/wp\/v2\/types\/page"}],"author":[{"embeddable":true,"href":"https:\/\/dirkpeters.info\/index.php?rest_route=\/wp\/v2\/users\/1"}],"replies":[{"embeddable":true,"href":"https:\/\/dirkpeters.info\/index.php?rest_route=%2Fwp%2Fv2%2Fcomments&post=480"}],"version-history":[{"count":6,"href":"https:\/\/dirkpeters.info\/index.php?rest_route=\/wp\/v2\/pages\/480\/revisions"}],"predecessor-version":[{"id":3221,"href":"https:\/\/dirkpeters.info\/index.php?rest_route=\/wp\/v2\/pages\/480\/revisions\/3221"}],"up":[{"embeddable":true,"href":"https:\/\/dirkpeters.info\/index.php?rest_route=\/wp\/v2\/pages\/123"}],"wp:attachment":[{"href":"https:\/\/dirkpeters.info\/index.php?rest_route=%2Fwp%2Fv2%2Fmedia&parent=480"}],"curies":[{"name":"wp","href":"https:\/\/api.w.org\/{rel}","templated":true}]}}