{"id":472,"date":"2017-05-10T21:27:25","date_gmt":"2017-05-10T19:27:25","guid":{"rendered":"http:\/\/test.dirkpeters.net\/?page_id=472"},"modified":"2019-03-01T10:54:37","modified_gmt":"2019-03-01T09:54:37","slug":"ortsfamilienbuch-schillingstedt","status":"publish","type":"page","link":"https:\/\/dirkpeters.info\/?page_id=472","title":{"rendered":"Ortsfamilienbuch Schillingstedt"},"content":{"rendered":"<div id=\"attachment_474\" style=\"width: 231px\" class=\"wp-caption alignright\"><a href=\"..\/wp-content\/uploads\/2017\/05\/Schillingstedt-OFB.pdf\" target=_blank\" rel=\"noopener noreferrer\"><img data-recalc-dims=\"1\" decoding=\"async\" aria-describedby=\"caption-attachment-474\" src=\"https:\/\/i0.wp.com\/dirkpeters.info\/wp-content\/uploads\/2017\/05\/deckblatt-schillingstedt-1.jpg?w=1160&ssl=1\" alt=\"Ortsfamilienbuch Schillingstedt\" class=\"bild-rechts-350\" \/><\/a><p id=\"caption-attachment-474\" class=\"wp-caption-text\">Ortsfamilienbuch Schillingstedt<\/p><\/div>Mein erstes Ortsfamilienbuch ist fertig<\/p>\n<p>Schillingstedt ist ein Dorf im th\u00fcringischen Landkreis S\u00f6mmerda und geh\u00f6rt verwaltungsrechtlich zur Verwaltungsgemeinschaft K\u00f6lleda. Das Dorf wurde am 19. April 1227 erstmals urkundlich erw\u00e4hnt und hatte 2014 224 Einwohner.<\/p>\n<p>Die verwendeten Kirchenb\u00fccher laufen von 1636 bis 1854, wobei zwischen 1636 und ca. 1680 gro\u00dfe L\u00fccken sind. Bis auf einzelne Eintr\u00e4ge, die nicht zu entziffern waren, sind alle Eintr\u00e4ge aufgenommen, teilweise konnten die Eintr\u00e4ge Ausw\u00e4rtiger mit den Kirchenb\u00fcchern der Herkunftsorte abgeglichen werden.<\/p>\n<p>Vielen Dank an alle, die bei schwierigen F\u00e4llen bei der Entzifferung geholfen haben. Das Verzeichnis der vorkommenden Familiennamen befindet sich im Servicebereich. Nat\u00fcrlich sind die Daten schon in die Datenbank in einem separaten Stammbaum aufgenommen. Auf der <a href=\"http:\/\/www.genpluswin-database.de\/nofb\/ofb\/schillingstedt\/index.php\" target=\"_blank\" rel=\"noopener noreferrer\">OFB-Seite von Gen_Pluswin<\/a> ist es online verf\u00fcgbar, ebenso bei <a href=\"http:\/\/www.online-ofb.de\/schillingstedt\" target=\"_blank\" rel=\"noopener noreferrer\">Compgen<\/a>. F\u00fcr alle, die es interessiert, erstellt wurde das Buch mit Gen_Pluswin Version 22.<\/p>\n<p>Mittlerweile gibt es die 2. Auflage erstellt mit Gen_Pluswin Version 25.<\/p>\n","protected":false},"excerpt":{"rendered":"<p>Mein erstes Ortsfamilienbuch ist fertig Schillingstedt ist ein Dorf im th\u00fcringischen Landkreis S\u00f6mmerda und geh\u00f6rt verwaltungsrechtlich zur Verwaltungsgemeinschaft K\u00f6lleda. Das Dorf wurde am 19. April 1227 erstmals urkundlich erw\u00e4hnt und<\/p>\n<div><a href=\"https:\/\/dirkpeters.info\/?page_id=472\" class=\"exp-read-more exp-read-more-underlined\">Read More<\/a><\/div>\n","protected":false},"author":1,"featured_media":0,"parent":436,"menu_order":0,"comment_status":"closed","ping_status":"closed","template":"","meta":{"jetpack_post_was_ever_published":false,"footnotes":"","_links_to":"","_links_to_target":""},"class_list":["post-472","page","type-page","status-publish","hentry"],"jetpack_shortlink":"https:\/\/wp.me\/P8HCXc-7C","jetpack-related-posts":[{"id":436,"url":"https:\/\/dirkpeters.info\/?page_id=436","url_meta":{"origin":472,"position":0},"title":"Publikationen","author":"dirkpeters","date":"10. Mai 2017","format":false,"excerpt":"Im Laufe meiner Familienforschung habe ich bisher folgende Werke als Onlineausgabe publiziert: Ahnentafel Peters Ortsfamilienbuch Schillingstedt 1636 - 1848 Derzeit arbeite ich am Ortsfamilienbuch Bretleben. Die Publikationen stelle ich hier kostenlos zum Download bereit, die Ortsfamilienb\u00fccher zus\u00e4tzlich auch auf den einschl\u00e4gigen Plattformen.","rel":"","context":"In \"B\u00fccher\"","block_context":{"text":"B\u00fccher","link":"https:\/\/dirkpeters.info\/?tag=buecher"},"img":{"alt_text":"","src":"","width":0,"height":0},"classes":[]},{"id":480,"url":"https:\/\/dirkpeters.info\/?page_id=480","url_meta":{"origin":472,"position":1},"title":"Familiennamen im Ortsfamilienbuch Schillingstedt","author":"dirkpeters","date":"10. Mai 2017","format":false,"excerpt":"Im von mir erstellten Ortsfamiliennamen kommen folgende Familiennamen vor: Abicht; Adam; Adelmeier; Adlung; Ahlert; Albrecht; Alper; Altenburg; Altsohn; Ameisse; Andr\u00e4e; Andreas; Apthelm; Arnemann; Arnholdt; Arper; Assing; Augund; Aurin; Bach; Bachrodt; Bader; Baer; Bamberg; Bark; Bastian; Bauerfeld; Baumg\u00e4rtel; Bawer; Bayer; Beate; Bechler; Bechstedt; Beckel; Becken; Becker; Beckstedt; Beeke; Beilschmidt; Bennewitz; Bentze;\u2026","rel":"","context":"In \"B\u00fccher\"","block_context":{"text":"B\u00fccher","link":"https:\/\/dirkpeters.info\/?tag=buecher"},"img":{"alt_text":"","src":"","width":0,"height":0},"classes":[]},{"id":373,"url":"https:\/\/dirkpeters.info\/?page_id=373","url_meta":{"origin":472,"position":2},"title":"Meine Genealogische Bibliothek \u2013 Ahnenreihen, Stammlisten, Ortsfamilienb\u00fccher","author":"dirkpeters","date":"10. Mai 2017","format":false,"excerpt":"Ahnen zu Karl dem Grossen und Widukind in 765 Ahnenst\u00e4mmen - Winkhaus, Eberhard; Selbstverlag Ennepetal-Altenvoerde 1950 Ahnenreihen aus allen deutschen Gauen Bde. 1 - 4 - Ehrenkrook, Hans Friedrich v. - C. A. Starke Verlag, Verzeichnis der Ahnenreihen Ahnen und Enkel, Bd. 1, Sammlung von Ahnen- und Nachkommenlisten - Euler,\u2026","rel":"","context":"In \"Ahnenreihen\"","block_context":{"text":"Ahnenreihen","link":"https:\/\/dirkpeters.info\/?tag=ahnenreihen"},"img":{"alt_text":"","src":"https:\/\/i0.wp.com\/dirkpeters.info\/wp-content\/uploads\/2019\/09\/es.jpg?resize=350%2C200&ssl=1","width":350,"height":200},"classes":[]},{"id":123,"url":"https:\/\/dirkpeters.info\/?page_id=123","url_meta":{"origin":472,"position":3},"title":"Service","author":"dirkpeters","date":"6. Mai 2017","format":false,"excerpt":"A Adel im Netz Ahnenlisten aus dem Ahnenlistenumlauf, 21 Microfilmrollen Ahnenreihen aus allen Deutschen Gauen Ahnenreihenwerk Geschwister Fischer Die Ahnenstammkartei des deutschen Volkes: Teil I, gesamt 638 Mikrofilmrollen Die Ahnenstammkartei des deutschen Volkes: Teil II, Ahnenlisten, gesamt 576 Mikrofilmrollen Ahnentafel Peters Akten des preu\u00df. Heroldsamtes Altpreu\u00dfische Geschlechterkunde Armorial et nobiliaire\u2026","rel":"","context":"In \"Links\"","block_context":{"text":"Links","link":"https:\/\/dirkpeters.info\/?tag=links"},"img":{"alt_text":"","src":"","width":0,"height":0},"classes":[]},{"id":363,"url":"https:\/\/dirkpeters.info\/?page_id=363","url_meta":{"origin":472,"position":4},"title":"Meine genealogische Bibliothek","author":"dirkpeters","date":"9. Mai 2017","format":false,"excerpt":"In drei\u00dfig Jahren Familienforschung hat sich so einiges in meiner Bibliothek angesammelt. Gerne gebe ich bei Anfragen Auskunft, Scans oder Kopien mache ich allerdings aus R\u00fccksicht auf die B\u00fccher nicht. Da ich nicht st\u00e4ndig zu Hause bin, kann es eine Weile dauern bis Anfragen beantwortet werden, ich bitte daher notfalls\u2026","rel":"","context":"In \"B\u00fccher\"","block_context":{"text":"B\u00fccher","link":"https:\/\/dirkpeters.info\/?tag=buecher"},"img":{"alt_text":"","src":"","width":0,"height":0},"classes":[]},{"id":439,"url":"https:\/\/dirkpeters.info\/?page_id=439","url_meta":{"origin":472,"position":5},"title":"Ahnentafel Peters","author":"dirkpeters","date":"10. Mai 2017","format":false,"excerpt":"Die Ahnentafel enth\u00e4lt die Vorfahren meiner Tochter bis zur 25. Generation. Die \u00f6ffentliche Version stelle ich hier zum Download bereit, sie enth\u00e4lt keine Familiendokumente sowie keine weiteren Angaben zu lebenden Personen. Der Band 4 enth\u00e4lt Anmerkungen, Namensverzeichnisse und Quellenangaben, sowie die Ahnentafeln Gaastra und Mainzinger. Der aktuelle Forschungsstand ist in\u2026","rel":"","context":"In \"Ahnentafel\"","block_context":{"text":"Ahnentafel","link":"https:\/\/dirkpeters.info\/?tag=ahnentafel"},"img":{"alt_text":"Ahnentafel Band 1","src":"..\/wp-content\/uploads\/2017\/05\/ahnentafel_bd_1-212x300.jpg","width":350,"height":200},"classes":[]}],"jetpack_sharing_enabled":true,"jetpack_likes_enabled":true,"_links":{"self":[{"href":"https:\/\/dirkpeters.info\/index.php?rest_route=\/wp\/v2\/pages\/472","targetHints":{"allow":["GET"]}}],"collection":[{"href":"https:\/\/dirkpeters.info\/index.php?rest_route=\/wp\/v2\/pages"}],"about":[{"href":"https:\/\/dirkpeters.info\/index.php?rest_route=\/wp\/v2\/types\/page"}],"author":[{"embeddable":true,"href":"https:\/\/dirkpeters.info\/index.php?rest_route=\/wp\/v2\/users\/1"}],"replies":[{"embeddable":true,"href":"https:\/\/dirkpeters.info\/index.php?rest_route=%2Fwp%2Fv2%2Fcomments&post=472"}],"version-history":[{"count":8,"href":"https:\/\/dirkpeters.info\/index.php?rest_route=\/wp\/v2\/pages\/472\/revisions"}],"predecessor-version":[{"id":3211,"href":"https:\/\/dirkpeters.info\/index.php?rest_route=\/wp\/v2\/pages\/472\/revisions\/3211"}],"up":[{"embeddable":true,"href":"https:\/\/dirkpeters.info\/index.php?rest_route=\/wp\/v2\/pages\/436"}],"wp:attachment":[{"href":"https:\/\/dirkpeters.info\/index.php?rest_route=%2Fwp%2Fv2%2Fmedia&parent=472"}],"curies":[{"name":"wp","href":"https:\/\/api.w.org\/{rel}","templated":true}]}}