{"id":439,"date":"2017-05-10T20:13:08","date_gmt":"2017-05-10T19:13:08","guid":{"rendered":"http:\/\/test.dirkpeters.net\/?page_id=439"},"modified":"2025-02-10T13:54:01","modified_gmt":"2025-02-10T12:54:01","slug":"ahnentafel-peters","status":"publish","type":"page","link":"https:\/\/dirkpeters.info\/?page_id=439","title":{"rendered":"Ahnentafel Peters"},"content":{"rendered":"<div id=\"attachment_2304\" style=\"width: 610px\" class=\"wp-caption alignleft\"><a href=\"https:\/\/i0.wp.com\/dirkpeters.info\/wp-content\/uploads\/2018\/10\/ahnentafel_peters.jpg?ssl=1\" target=\"_blank\"><img data-recalc-dims=\"1\" decoding=\"async\" aria-describedby=\"caption-attachment-2304\" data-attachment-id=\"2304\" data-permalink=\"https:\/\/dirkpeters.info\/?attachment_id=2304\" data-orig-file=\"https:\/\/i0.wp.com\/dirkpeters.info\/wp-content\/uploads\/2018\/10\/ahnentafel_peters.jpg?fit=1500%2C2121&ssl=1\" data-orig-size=\"1500,2121\" data-comments-opened=\"1\" data-image-meta=\"{&quot;aperture&quot;:&quot;0&quot;,&quot;credit&quot;:&quot;&quot;,&quot;camera&quot;:&quot;&quot;,&quot;caption&quot;:&quot;&quot;,&quot;created_timestamp&quot;:&quot;0&quot;,&quot;copyright&quot;:&quot;&quot;,&quot;focal_length&quot;:&quot;0&quot;,&quot;iso&quot;:&quot;0&quot;,&quot;shutter_speed&quot;:&quot;0&quot;,&quot;title&quot;:&quot;&quot;,&quot;orientation&quot;:&quot;0&quot;}\" data-image-title=\"ahnentafel_peters\" data-image-description=\"\" data-image-caption=\"<p>Beispieltafel<\/p>\n\" data-large-file=\"https:\/\/i0.wp.com\/dirkpeters.info\/wp-content\/uploads\/2018\/10\/ahnentafel_peters.jpg?fit=724%2C1024&ssl=1\" src=\"https:\/\/i0.wp.com\/dirkpeters.info\/wp-content\/uploads\/2018\/10\/ahnentafel_peters.jpg?w=600&ssl=1\" alt=\"\"   class=\"size-full wp-image-2304\" srcset=\"https:\/\/i0.wp.com\/dirkpeters.info\/wp-content\/uploads\/2018\/10\/ahnentafel_peters.jpg?w=1500&ssl=1 1500w, https:\/\/i0.wp.com\/dirkpeters.info\/wp-content\/uploads\/2018\/10\/ahnentafel_peters.jpg?resize=212%2C300&ssl=1 212w, https:\/\/i0.wp.com\/dirkpeters.info\/wp-content\/uploads\/2018\/10\/ahnentafel_peters.jpg?resize=768%2C1086&ssl=1 768w, https:\/\/i0.wp.com\/dirkpeters.info\/wp-content\/uploads\/2018\/10\/ahnentafel_peters.jpg?resize=724%2C1024&ssl=1 724w\" sizes=\"(max-width: 1160px) 100vw, 1160px\" \/><\/a><p id=\"caption-attachment-2304\" class=\"wp-caption-text\">Beispieltafel<\/p><\/div>\n<p>Die Ahnentafel enth\u00e4lt die Vorfahren meiner Tochter bis zur 25. Generation. Die \u00f6ffentliche Version stelle ich hier zum Download bereit, sie enth\u00e4lt keine Familiendokumente sowie keine weiteren Angaben zu lebenden Personen. Der Band 4 enth\u00e4lt Anmerkungen, Namensverzeichnisse und Quellenangaben, sowie die Ahnentafeln Gaastra und Mainzinger.<\/p>\n<p>Der aktuelle Forschungsstand ist in der <a href=\"https:\/\/datenbank.dirkpeters.info\" target=\"_blank\">Datenbank<\/a> zu finden.<\/p>\n<p>Die Ver\u00f6ffentlichung ist nat\u00fcrlich nicht nur Selbstzweck, sondern ich hoffe nat\u00fcrlich auch auf Erg\u00e4nzungen und Hinweisen zu Fehlern. 2021 habe ich den Band 1 aktualisiert. Es wird in den n\u00e4chsten Jahren eine weitere Erg\u00e4nzung geben. Im Moment arbeite ich an der Erstellung aller Ahnenreihen, um die B\u00e4nde 2 und 3 zu ersetzen. Dies wird sicher noch bis zum Jahresende 2025 dauern.<\/p>\n<table style=\"width: 100%\">\n<tr>\n<td style=\"width: 25%\"><a href=\"..\/wp-content\/uploads\/2018\/10\/ahnentafel_peters_bd_1.pdf\" target=\"_blank\" rel=\"noopener noreferrer\"><img decoding=\"async\" src=\"..\/wp-content\/uploads\/2017\/05\/ahnentafel_bd_1-212x300.jpg\" alt=\"Ahnentafel Band 1\" style=\"width: 180px; padding: 5px; marging: 5px; border: 1px solid black\"><\/a><\/td>\n<td style=\"width: 25%\"><a href=\"..\/wp-content\/uploads\/2018\/10\/ahnentafel_peters_bd_2.pdf\" target=\"_blank\" rel=\"noopener noreferrer\"><img decoding=\"async\" src=\"..\/wp-content\/uploads\/2017\/05\/ahnentafel_bd_2-212x300.jpg\" alt=\"Ahnentafel Band 2\" style=\"width: 180px; padding: 5px; marging: 5px; border: 1px solid black\"><\/a><\/td>\n<td style=\"width: 25%\"><a href=\"..\/wp-content\/uploads\/2018\/10\/ahnentafel_peters_bd_3.pdf\" target=\"_blank\" rel=\"noopener noreferrer\"><img decoding=\"async\" src=\"..\/wp-content\/uploads\/2017\/05\/ahnentafel_bd_3-212x300.jpg\" alt=\"Ahnentafel Band 3\" style=\"width: 180px; padding: 5px; marging: 5px; border: 1px solid black\"><\/a><\/td>\n<td style=\"width: 25%\"><a href=\"..\/wp-content\/uploads\/2017\/10\/ahnentafel_peters_bd_4.pdf\" target=\"_blank\" rel=\"noopener noreferrer\"><img decoding=\"async\" src=\"..\/wp-content\/uploads\/2017\/05\/ahnentafel_bd_4-212x300.jpg\" alt=\"Ahnentafel Band 4\" style=\"width: 180px; padding: 5px; marging: 5px; border: 1px solid black\"><\/a><\/td>\n<\/tr>\n<tr>\n<td style=\"width: 25%\"><a href=\"..\/wp-content\/uploads\/2018\/10\/ahnentafel_peters_bd_1.pdf\" target=\"_blank\" rel=\"noopener noreferrer\">Band 1<\/a><\/p>\n<p>Generationen 1-17<br \/><b>Neubearbeitung 2021<\/b><\/td>\n<td style=\"width: 25%\"><a href=\"..\/wp-content\/uploads\/2018\/10\/ahnentafel_peters_bd_2.pdf\" target=\"_blank\" rel=\"noopener noreferrer\">Band 2<\/a><\/p>\n<p>Generationen 17-21<\/td>\n<td style=\"width: 25%\"><a href=\"..\/wp-content\/uploads\/2018\/10\/ahnentafel_peters_bd_3.pdf\" target=\"_blank\" rel=\"noopener noreferrer\">Band 3<\/a><\/p>\n<p>Generationen 21-25<\/td>\n<td style=\"width: 25%\"><a href=\"..\/wp-content\/uploads\/2018\/10\/ahnentafel_peters_bd_4.pdf\" target=\"_blank\" rel=\"noopener noreferrer\">Band 4<\/a><\/p>\n<p>Erg\u00e4nzungsband<\/td>\n<\/tr>\n<\/table>\n","protected":false},"excerpt":{"rendered":"<p>Die Ahnentafel enth\u00e4lt die Vorfahren meiner Tochter bis zur 25. Generation. Die \u00f6ffentliche Version stelle ich hier zum Download bereit, sie enth\u00e4lt keine Familiendokumente sowie keine weiteren Angaben zu lebenden<\/p>\n<div><a href=\"https:\/\/dirkpeters.info\/?page_id=439\" class=\"exp-read-more exp-read-more-underlined\">Read More<\/a><\/div>\n","protected":false},"author":1,"featured_media":0,"parent":436,"menu_order":0,"comment_status":"closed","ping_status":"closed","template":"","meta":{"jetpack_post_was_ever_published":false,"footnotes":"","_links_to":"","_links_to_target":""},"class_list":["post-439","page","type-page","status-publish","hentry"],"jetpack_shortlink":"https:\/\/wp.me\/P8HCXc-75","jetpack-related-posts":[{"id":436,"url":"https:\/\/dirkpeters.info\/?page_id=436","url_meta":{"origin":439,"position":0},"title":"Publikationen","author":"dirkpeters","date":"10. Mai 2017","format":false,"excerpt":"Im Laufe meiner Familienforschung habe ich bisher folgende Werke als Onlineausgabe publiziert: Ahnentafel Peters Ortsfamilienbuch Schillingstedt 1636 - 1848 Derzeit arbeite ich am Ortsfamilienbuch Bretleben. Die Publikationen stelle ich hier kostenlos zum Download bereit, die Ortsfamilienb\u00fccher zus\u00e4tzlich auch auf den einschl\u00e4gigen Plattformen.","rel":"","context":"In \"B\u00fccher\"","block_context":{"text":"B\u00fccher","link":"https:\/\/dirkpeters.info\/?tag=buecher"},"img":{"alt_text":"","src":"","width":0,"height":0},"classes":[]},{"id":586,"url":"https:\/\/dirkpeters.info\/?page_id=586","url_meta":{"origin":439,"position":1},"title":"Biographien","author":"dirkpeters","date":"11. Mai 2017","format":false,"excerpt":"Biographien von Personen in meiner Ahnenliste Karl Wilhelm Graf Finck von Finckenstein - Datenbank Abraham de Mar\u00e9es - Datenbank J\u00fcrgen Graf Mellin - Datenbank Ludwig Christian Mieg - Datenbank Martin Milagius - Datenbank Johann Friedrich Rhetz (von Rhetz, Rhetius) - Datenbank Otto Freiherr von Schwerin - Datenbank Lorenz Christoph von\u2026","rel":"","context":"In \"Ahnenforschung\"","block_context":{"text":"Ahnenforschung","link":"https:\/\/dirkpeters.info\/?tag=ahnenforschung"},"img":{"alt_text":"","src":"","width":0,"height":0},"classes":[]},{"id":106,"url":"https:\/\/dirkpeters.info\/?page_id=106","url_meta":{"origin":439,"position":2},"title":"Impressum","author":"dirkpeters","date":"6. Mai 2017","format":false,"excerpt":"Angaben gem\u00e4\u00df \u00a7 5 Telemediengesetz Allgemeine Informationen Name und Anschrift Dirk Peters Am alten Wasserwerk 3 14669 Ketzin mail@dirkpeters.net Telefon: Da ich die Seite rein privat betreibe, gebe ich keine Telefonnummer an. Datenschutzerkl\u00e4rung Weitere Informationen Links auf meine Seiten Selbstverst\u00e4ndlich ist es gern gesehen, wenn Sie meine Homepagen auf Ihrer\u2026","rel":"","context":"\u00c4hnlicher Beitrag","block_context":{"text":"\u00c4hnlicher Beitrag","link":""},"img":{"alt_text":"","src":"","width":0,"height":0},"classes":[]},{"id":2014,"url":"https:\/\/dirkpeters.info\/?page_id=2014","url_meta":{"origin":439,"position":3},"title":"Datenschutzerkl\u00e4rung","author":"dirkpeters","date":"21. Mai 2018","format":false,"excerpt":"Wer wir sind Die Adresse unserer Website ist: http:\/\/dirkpeters.info. Welche personenbezogenen Daten wir sammeln und warum wir sie sammeln Kommentare Wenn Besucher Kommentare auf der Website schreiben, sammeln wir die Daten, die im Kommentar-Formular angezeigt werden, au\u00dferdem die IP-Adresse des Besuchers und den User-Agent-String (damit wird der Browser identifiziert), um\u2026","rel":"","context":"\u00c4hnlicher Beitrag","block_context":{"text":"\u00c4hnlicher Beitrag","link":""},"img":{"alt_text":"","src":"","width":0,"height":0},"classes":[]},{"id":123,"url":"https:\/\/dirkpeters.info\/?page_id=123","url_meta":{"origin":439,"position":4},"title":"Service","author":"dirkpeters","date":"6. Mai 2017","format":false,"excerpt":"A Adel im Netz Ahnenlisten aus dem Ahnenlistenumlauf, 21 Microfilmrollen Ahnenreihen aus allen Deutschen Gauen Ahnenreihenwerk Geschwister Fischer Die Ahnenstammkartei des deutschen Volkes: Teil I, gesamt 638 Mikrofilmrollen Die Ahnenstammkartei des deutschen Volkes: Teil II, Ahnenlisten, gesamt 576 Mikrofilmrollen Ahnentafel Peters Akten des preu\u00df. Heroldsamtes Altpreu\u00dfische Geschlechterkunde Armorial et nobiliaire\u2026","rel":"","context":"In \"Links\"","block_context":{"text":"Links","link":"https:\/\/dirkpeters.info\/?tag=links"},"img":{"alt_text":"","src":"","width":0,"height":0},"classes":[]},{"id":691,"url":"https:\/\/dirkpeters.info\/?page_id=691","url_meta":{"origin":439,"position":5},"title":"Genealogisch-Historische Nachricht von denen Hochw\u00fcrdigsten und Durchlauchtigsten Herren-Meistern des Ritterlichen Johanniter-Ordens","author":"dirkpeters","date":"12. Mai 2017","format":false,"excerpt":"Autor: Justus Christoph Dithmar Titel: Genealogisch-Historische Nachricht von denen Hochw\u00fcrdigsten und Durchlauchtigsten Herren-Meistern des Ritterlichen Johanniter-Ordens, In der Marck \/ Sachsen \/ Pommern und Wendland \/ Samt des Jetzigen Herren-Meisters Printz Carln, Printzen in Preu\u00dfen K\u00f6nigl. Hoheit, Wahl und Installation, Wie auch denen unter H\u00f6chst Derselben Regierung am 16. Aug.\u2026","rel":"","context":"In \"Ahnentafel\"","block_context":{"text":"Ahnentafel","link":"https:\/\/dirkpeters.info\/?tag=ahnentafel"},"img":{"alt_text":"","src":"","width":0,"height":0},"classes":[]}],"jetpack_sharing_enabled":true,"jetpack_likes_enabled":true,"_links":{"self":[{"href":"https:\/\/dirkpeters.info\/index.php?rest_route=\/wp\/v2\/pages\/439","targetHints":{"allow":["GET"]}}],"collection":[{"href":"https:\/\/dirkpeters.info\/index.php?rest_route=\/wp\/v2\/pages"}],"about":[{"href":"https:\/\/dirkpeters.info\/index.php?rest_route=\/wp\/v2\/types\/page"}],"author":[{"embeddable":true,"href":"https:\/\/dirkpeters.info\/index.php?rest_route=\/wp\/v2\/users\/1"}],"replies":[{"embeddable":true,"href":"https:\/\/dirkpeters.info\/index.php?rest_route=%2Fwp%2Fv2%2Fcomments&post=439"}],"version-history":[{"count":31,"href":"https:\/\/dirkpeters.info\/index.php?rest_route=\/wp\/v2\/pages\/439\/revisions"}],"predecessor-version":[{"id":4255,"href":"https:\/\/dirkpeters.info\/index.php?rest_route=\/wp\/v2\/pages\/439\/revisions\/4255"}],"up":[{"embeddable":true,"href":"https:\/\/dirkpeters.info\/index.php?rest_route=\/wp\/v2\/pages\/436"}],"wp:attachment":[{"href":"https:\/\/dirkpeters.info\/index.php?rest_route=%2Fwp%2Fv2%2Fmedia&parent=439"}],"curies":[{"name":"wp","href":"https:\/\/api.w.org\/{rel}","templated":true}]}}