{"id":436,"date":"2017-05-10T19:52:57","date_gmt":"2017-05-10T17:52:57","guid":{"rendered":"http:\/\/test.dirkpeters.net\/?page_id=436"},"modified":"2017-05-10T21:28:31","modified_gmt":"2017-05-10T19:28:31","slug":"publikationen","status":"publish","type":"page","link":"https:\/\/dirkpeters.info\/?page_id=436","title":{"rendered":"Publikationen"},"content":{"rendered":"<p>Im Laufe meiner Familienforschung habe ich bisher folgende Werke als Onlineausgabe publiziert:<\/p>\n<ul>\n<li><a href=\"?page_id=439\">Ahnentafel Peters<\/a><\/li>\n<li><a href=\"?page_id=472\">Ortsfamilienbuch Schillingstedt 1636 \u2013 1848<\/a><\/li>\n<\/ul>\n<p>Derzeit arbeite ich am Ortsfamilienbuch Bretleben. Die Publikationen stelle ich hier kostenlos zum Download bereit, die Ortsfamilienb\u00fccher zus\u00e4tzlich auch auf den einschl\u00e4gigen Plattformen.<\/p>\n","protected":false},"excerpt":{"rendered":"<p>Im Laufe meiner Familienforschung habe ich bisher folgende Werke als Onlineausgabe publiziert: Ahnentafel Peters Ortsfamilienbuch Schillingstedt 1636 \u2013 1848 Derzeit arbeite ich am Ortsfamilienbuch Bretleben. Die Publikationen stelle ich hier<\/p>\n<div><a href=\"https:\/\/dirkpeters.info\/?page_id=436\" class=\"exp-read-more exp-read-more-underlined\">Read More<\/a><\/div>\n","protected":false},"author":1,"featured_media":0,"parent":123,"menu_order":0,"comment_status":"closed","ping_status":"closed","template":"","meta":{"jetpack_post_was_ever_published":false,"footnotes":"","_links_to":"","_links_to_target":""},"class_list":["post-436","page","type-page","status-publish","hentry"],"jetpack_shortlink":"https:\/\/wp.me\/P8HCXc-72","jetpack-related-posts":[{"id":472,"url":"https:\/\/dirkpeters.info\/?page_id=472","url_meta":{"origin":436,"position":0},"title":"Ortsfamilienbuch Schillingstedt","author":"dirkpeters","date":"10. Mai 2017","format":false,"excerpt":"Mein erstes Ortsfamilienbuch ist fertig Schillingstedt ist ein Dorf im th\u00fcringischen Landkreis S\u00f6mmerda und geh\u00f6rt verwaltungsrechtlich zur Verwaltungsgemeinschaft K\u00f6lleda. Das Dorf wurde am 19. April 1227 erstmals urkundlich erw\u00e4hnt und hatte 2014 224 Einwohner. Die verwendeten Kirchenb\u00fccher laufen von 1636 bis 1854, wobei zwischen 1636 und ca. 1680 gro\u00dfe L\u00fccken\u2026","rel":"","context":"In \"B\u00fccher\"","block_context":{"text":"B\u00fccher","link":"https:\/\/dirkpeters.info\/?tag=buecher"},"img":{"alt_text":"","src":"","width":0,"height":0},"classes":[]},{"id":439,"url":"https:\/\/dirkpeters.info\/?page_id=439","url_meta":{"origin":436,"position":1},"title":"Ahnentafel Peters","author":"dirkpeters","date":"10. Mai 2017","format":false,"excerpt":"Die Ahnentafel enth\u00e4lt die Vorfahren meiner Tochter bis zur 25. Generation. Die \u00f6ffentliche Version stelle ich hier zum Download bereit, sie enth\u00e4lt keine Familiendokumente sowie keine weiteren Angaben zu lebenden Personen. Der Band 4 enth\u00e4lt Anmerkungen, Namensverzeichnisse und Quellenangaben, sowie die Ahnentafeln Gaastra und Mainzinger. Der aktuelle Forschungsstand ist in\u2026","rel":"","context":"In \"Ahnentafel\"","block_context":{"text":"Ahnentafel","link":"https:\/\/dirkpeters.info\/?tag=ahnentafel"},"img":{"alt_text":"Ahnentafel Band 1","src":"..\/wp-content\/uploads\/2017\/05\/ahnentafel_bd_1-212x300.jpg","width":350,"height":200},"classes":[]},{"id":373,"url":"https:\/\/dirkpeters.info\/?page_id=373","url_meta":{"origin":436,"position":2},"title":"Meine Genealogische Bibliothek \u2013 Ahnenreihen, Stammlisten, Ortsfamilienb\u00fccher","author":"dirkpeters","date":"10. Mai 2017","format":false,"excerpt":"Ahnen zu Karl dem Grossen und Widukind in 765 Ahnenst\u00e4mmen - Winkhaus, Eberhard; Selbstverlag Ennepetal-Altenvoerde 1950 Ahnenreihen aus allen deutschen Gauen Bde. 1 - 4 - Ehrenkrook, Hans Friedrich v. - C. A. Starke Verlag, Verzeichnis der Ahnenreihen Ahnen und Enkel, Bd. 1, Sammlung von Ahnen- und Nachkommenlisten - Euler,\u2026","rel":"","context":"In \"Ahnenreihen\"","block_context":{"text":"Ahnenreihen","link":"https:\/\/dirkpeters.info\/?tag=ahnenreihen"},"img":{"alt_text":"","src":"https:\/\/i0.wp.com\/dirkpeters.info\/wp-content\/uploads\/2019\/09\/es.jpg?resize=350%2C200&ssl=1","width":350,"height":200},"classes":[]},{"id":480,"url":"https:\/\/dirkpeters.info\/?page_id=480","url_meta":{"origin":436,"position":3},"title":"Familiennamen im Ortsfamilienbuch Schillingstedt","author":"dirkpeters","date":"10. Mai 2017","format":false,"excerpt":"Im von mir erstellten Ortsfamiliennamen kommen folgende Familiennamen vor: Abicht; Adam; Adelmeier; Adlung; Ahlert; Albrecht; Alper; Altenburg; Altsohn; Ameisse; Andr\u00e4e; Andreas; Apthelm; Arnemann; Arnholdt; Arper; Assing; Augund; Aurin; Bach; Bachrodt; Bader; Baer; Bamberg; Bark; Bastian; Bauerfeld; Baumg\u00e4rtel; Bawer; Bayer; Beate; Bechler; Bechstedt; Beckel; Becken; Becker; Beckstedt; Beeke; Beilschmidt; Bennewitz; Bentze;\u2026","rel":"","context":"In \"B\u00fccher\"","block_context":{"text":"B\u00fccher","link":"https:\/\/dirkpeters.info\/?tag=buecher"},"img":{"alt_text":"","src":"","width":0,"height":0},"classes":[]},{"id":78,"url":"https:\/\/dirkpeters.info\/?page_id=78","url_meta":{"origin":436,"position":4},"title":"Genealogieblogs- und Webseiten","author":"dirkpeters","date":"6. Mai 2017","format":false,"excerpt":"Abenteuer Ahnenforschung - Der Blog von Andrea Bentschneider. In diesem Blog dreht sich alles um Themen rund um die Ahnen- und Familienforschung. Hier werden Sie Erfahrungsberichte, Hilfestellungen, Antworten auf Fragen, Hinweise auf Publikationen und TV-Sendungen sowie andere\u2026 Ahnenforschung der Familie Auf'm Kampe - Die Familienforschungsseite von Regina auf\u2019m Kampe, mit\u2026","rel":"","context":"\u00c4hnlicher Beitrag","block_context":{"text":"\u00c4hnlicher Beitrag","link":""},"img":{"alt_text":"","src":"","width":0,"height":0},"classes":[]},{"id":123,"url":"https:\/\/dirkpeters.info\/?page_id=123","url_meta":{"origin":436,"position":5},"title":"Service","author":"dirkpeters","date":"6. Mai 2017","format":false,"excerpt":"A Adel im Netz Ahnenlisten aus dem Ahnenlistenumlauf, 21 Microfilmrollen Ahnenreihen aus allen Deutschen Gauen Ahnenreihenwerk Geschwister Fischer Die Ahnenstammkartei des deutschen Volkes: Teil I, gesamt 638 Mikrofilmrollen Die Ahnenstammkartei des deutschen Volkes: Teil II, Ahnenlisten, gesamt 576 Mikrofilmrollen Ahnentafel Peters Akten des preu\u00df. Heroldsamtes Altpreu\u00dfische Geschlechterkunde Armorial et nobiliaire\u2026","rel":"","context":"In \"Links\"","block_context":{"text":"Links","link":"https:\/\/dirkpeters.info\/?tag=links"},"img":{"alt_text":"","src":"","width":0,"height":0},"classes":[]}],"jetpack_sharing_enabled":true,"jetpack_likes_enabled":true,"_links":{"self":[{"href":"https:\/\/dirkpeters.info\/index.php?rest_route=\/wp\/v2\/pages\/436","targetHints":{"allow":["GET"]}}],"collection":[{"href":"https:\/\/dirkpeters.info\/index.php?rest_route=\/wp\/v2\/pages"}],"about":[{"href":"https:\/\/dirkpeters.info\/index.php?rest_route=\/wp\/v2\/types\/page"}],"author":[{"embeddable":true,"href":"https:\/\/dirkpeters.info\/index.php?rest_route=\/wp\/v2\/users\/1"}],"replies":[{"embeddable":true,"href":"https:\/\/dirkpeters.info\/index.php?rest_route=%2Fwp%2Fv2%2Fcomments&post=436"}],"version-history":[{"count":3,"href":"https:\/\/dirkpeters.info\/index.php?rest_route=\/wp\/v2\/pages\/436\/revisions"}],"predecessor-version":[{"id":477,"href":"https:\/\/dirkpeters.info\/index.php?rest_route=\/wp\/v2\/pages\/436\/revisions\/477"}],"up":[{"embeddable":true,"href":"https:\/\/dirkpeters.info\/index.php?rest_route=\/wp\/v2\/pages\/123"}],"wp:attachment":[{"href":"https:\/\/dirkpeters.info\/index.php?rest_route=%2Fwp%2Fv2%2Fmedia&parent=436"}],"curies":[{"name":"wp","href":"https:\/\/api.w.org\/{rel}","templated":true}]}}