{"id":394,"date":"2017-05-10T18:19:10","date_gmt":"2017-05-10T16:19:10","guid":{"rendered":"http:\/\/test.dirkpeters.net\/?page_id=394"},"modified":"2018-10-07T20:48:48","modified_gmt":"2018-10-07T18:48:48","slug":"meine-genealogische-bibliothek-sonstiges","status":"publish","type":"page","link":"https:\/\/dirkpeters.info\/?page_id=394","title":{"rendered":"Meine genealogische Bibliothek &#8211; Sonstiges"},"content":{"rendered":"\n<ul>\n<li>Ahnentafeln Paderborner Domherren \u2013 Michels, Paul \u2013 Bonifatius \u2013 Paderborn, 1966<\/li>\n<li>Der Paderborner Stiftsadel zur Mitte des 15. Jahrhunderts \u2013 Lagers, Michael \u2013 Bonifatius \u2013 Paderborn, 2013<\/li>\n<li>Der langsame Aufstieg des Morgensterns von Wittenberg -Eine Studie und eine Erz\u00e4hlung \u00fcber die Herkunft der Katharina von Bora \u2013 Liebehenschel, Wolfgang \u2013 Dr. Ziethen Verlag, Oschersleben<\/li>\n<li>Die Dynastien der Welt, Ein chronologisches und genealogisches Handbuch \u2013 Patmos Verlag GmbH & Co KG<\/li>\n<li>Die Grabplatten auf dem Rittergut Gro\u00dfgoltern \u2013 Ewig, Wolfgang W. \u2013 Sonderver\u00f6ffentlichung des Vereins f\u00fcr Orts- und Familienkunde Barsinghausen<\/li>\n<li>Die Gro\u00dfen Dynastien \u2013 Karl M\u00fcller Verlag Erlangen<\/li>\n<li>Die gro\u00dfen Herz\u00f6ge von Burgund \u2013 Calmette, Joseph \u2013 Diederichs, M\u00fcnchen<\/li>\n<li>Die Kaiser, 1200 Jahre europ\u00e4ische Geschichte \u2013 Hartmann, Gerhard; Schnith, Karl Rudolf (Herausgeber) \u2013 Verlag Styria Graz Wien K\u00f6ln<\/li>\n<li>Englische K\u00f6nige und K\u00f6niginnen von Heinrich VII. bis Elisabeth II. \u2013 Wende, Peter \u2013 C. H. Beck, M\u00fcnchen<\/li>\n<li>Frankfurter Patrizier, Historisch-Genealogisches Handbuch der adeligen Gesellschaft des Hauses Alten-Limpurg zu Frankfurt am Main \u2013 K\u00f6rner, Hans \u2013 Ernst V\u00f6gel, M\u00fcnchen<\/li>\n<li>Lexikon deutscher Herrscher und F\u00fcrstenh\u00e4user \u2013 Klauser, Heinrich \u2013 Verlag Ullstein GmbH<\/li>\n<li>Soldatisches F\u00fchrertum \u2013 Priesdorff, von, Kurt (Herausgeber) \u2013 Hanseatische Verlagsanstalt Hamburg<\/li>\n<li>Steinerne Zeugen der Vergangenheit, Grabmale im Kloster Barsinghausen \u2013 Ewig, Wolfgang W.; Pietsch, Christian \u2013 Gudrun Wildhagen, Barsinghausen<\/li>\n<li>Wikinger aus genealogischer Sicht \u2013 Weltzien, Wolf L\u00fcdeke v. \u2013 Buch & Bild Verlag Hans-Joachim Sch\u00f6rle Nagold<\/li>\n<li>Pusch, Oskar: Mein historisch-genealogisches Privatarchiv, Bibliothek Familiengeschichtlicher Quellen Band 27, Verlag Degener & Co., Neustadt an der Aisch, 1982<\/li>\n<li>R\u00f6sch, Siegfried: Caroli Magni Progenies \u2013 Pars 1, Verlag Degener & Co., Neustadt an der Aisch, 1977<\/li>\n<\/ul>\n<p><a href=\"?page_id=363\"><strong>zur\u00fcck zur Bibliotheks\u00fcbersicht<\/strong><\/a><\/p>\n","protected":false},"excerpt":{"rendered":"<p>Ahnentafeln Paderborner Domherren \u2013 Michels, Paul \u2013 Bonifatius \u2013 Paderborn, 1966 Der Paderborner Stiftsadel zur Mitte des 15. Jahrhunderts \u2013 Lagers, Michael \u2013 Bonifatius \u2013 Paderborn, 2013 Der langsame Aufstieg<\/p>\n<div><a href=\"https:\/\/dirkpeters.info\/?page_id=394\" class=\"exp-read-more exp-read-more-underlined\">Read More<\/a><\/div>\n","protected":false},"author":1,"featured_media":0,"parent":363,"menu_order":0,"comment_status":"closed","ping_status":"closed","template":"","meta":{"jetpack_post_was_ever_published":false,"footnotes":"","_links_to":"","_links_to_target":""},"class_list":["post-394","page","type-page","status-publish","hentry"],"jetpack_shortlink":"https:\/\/wp.me\/P8HCXc-6m","jetpack-related-posts":[{"id":366,"url":"https:\/\/dirkpeters.info\/?page_id=366","url_meta":{"origin":394,"position":0},"title":"Meine Genealogische Bibliothek &#8211; Sammelwerke","author":"dirkpeters","date":"9. Mai 2017","format":false,"excerpt":"Deutsches Geschlechterbuch Bde. 1-87 (CD's) - C. A. Starke Verlag Genealogisches Handbuch des Adels Reihe - C. A. Starke Verlag Adelige H\u00e4user A Bde. 1 - 8, 12, 14, 18 Adelige H\u00e4user B Bd. 1 Adelige H\u00e4user Bde. 34 - 36 Freiherrliche H\u00e4user A Bde. 1 - 6, 12 Freiherrliche\u2026","rel":"","context":"In \"B\u00fccher\"","block_context":{"text":"B\u00fccher","link":"https:\/\/dirkpeters.info\/?tag=buecher"},"img":{"alt_text":"","src":"","width":0,"height":0},"classes":[]},{"id":373,"url":"https:\/\/dirkpeters.info\/?page_id=373","url_meta":{"origin":394,"position":1},"title":"Meine Genealogische Bibliothek \u2013 Ahnenreihen, Stammlisten, Ortsfamilienb\u00fccher","author":"dirkpeters","date":"10. Mai 2017","format":false,"excerpt":"Ahnen zu Karl dem Grossen und Widukind in 765 Ahnenst\u00e4mmen - Winkhaus, Eberhard; Selbstverlag Ennepetal-Altenvoerde 1950 Ahnenreihen aus allen deutschen Gauen Bde. 1 - 4 - Ehrenkrook, Hans Friedrich v. - C. A. Starke Verlag, Verzeichnis der Ahnenreihen Ahnen und Enkel, Bd. 1, Sammlung von Ahnen- und Nachkommenlisten - Euler,\u2026","rel":"","context":"In \"Ahnenreihen\"","block_context":{"text":"Ahnenreihen","link":"https:\/\/dirkpeters.info\/?tag=ahnenreihen"},"img":{"alt_text":"","src":"https:\/\/i0.wp.com\/dirkpeters.info\/wp-content\/uploads\/2019\/09\/es.jpg?resize=350%2C200&ssl=1","width":350,"height":200},"classes":[]},{"id":385,"url":"https:\/\/dirkpeters.info\/?page_id=385","url_meta":{"origin":394,"position":2},"title":"Meine Genealogische Bibliothek &#8211; Familiengeschichten","author":"dirkpeters","date":"10. Mai 2017","format":false,"excerpt":"Alten: Geschichte des Geschlechts von Alten 1182-1982 - W\u00e4tjen, Hans - Wolfsburg, 1981 Behr: Urkunden und Forschungen zur Geschichte des Geschlechts Behr G\u00fctzkower Linie - Bd VII - Behr, Marcelle und Fritz von - Selbstverlag Berger: Ahnenliste Berger - Ein Geschlecht aus dem Verwandtschaftskreis des Rudolf Stoye - Berger, Thomas\u2026","rel":"","context":"In \"B\u00fccher\"","block_context":{"text":"B\u00fccher","link":"https:\/\/dirkpeters.info\/?tag=buecher"},"img":{"alt_text":"","src":"","width":0,"height":0},"classes":[]},{"id":390,"url":"https:\/\/dirkpeters.info\/?page_id=390","url_meta":{"origin":394,"position":3},"title":"Meine Genealogische Bibliothek \u2013 Regionales","author":"dirkpeters","date":"10. Mai 2017","format":false,"excerpt":"Brandenburg Biographisches Handbuch der preussischen Verwaltungs- und Justizbeamten 1740-1806\/15 - Straubel, Rolf - K.G.Saur 2009; Einzelver\u00f6ffentlichung der Historischen Kommission zu Berlin, Band 85 Der B\u00fcrger- und Einwohnerkataster der Stadt Spandau von 1723 - Pohl, Joachim - Degener & Co Der Eisenbahnabschnitt Erkner - Frankfurt (Oder) Geschichte und Personal 1842-1990 -\u2026","rel":"","context":"In \"B\u00fccher\"","block_context":{"text":"B\u00fccher","link":"https:\/\/dirkpeters.info\/?tag=buecher"},"img":{"alt_text":"","src":"","width":0,"height":0},"classes":[]},{"id":363,"url":"https:\/\/dirkpeters.info\/?page_id=363","url_meta":{"origin":394,"position":4},"title":"Meine genealogische Bibliothek","author":"dirkpeters","date":"9. Mai 2017","format":false,"excerpt":"In drei\u00dfig Jahren Familienforschung hat sich so einiges in meiner Bibliothek angesammelt. Gerne gebe ich bei Anfragen Auskunft, Scans oder Kopien mache ich allerdings aus R\u00fccksicht auf die B\u00fccher nicht. Da ich nicht st\u00e4ndig zu Hause bin, kann es eine Weile dauern bis Anfragen beantwortet werden, ich bitte daher notfalls\u2026","rel":"","context":"In \"B\u00fccher\"","block_context":{"text":"B\u00fccher","link":"https:\/\/dirkpeters.info\/?tag=buecher"},"img":{"alt_text":"","src":"","width":0,"height":0},"classes":[]},{"id":380,"url":"https:\/\/dirkpeters.info\/?page_id=380","url_meta":{"origin":394,"position":5},"title":"Meine Genealogische Bibliothek \u2013 Europ\u00e4ische Stammtafeln","author":"dirkpeters","date":"10. Mai 2017","format":false,"excerpt":"Europ\u00e4ische Stammtafeln - Stammtafeln zur Geschichte der Europ\u00e4ischen Staaten - Frank Baron Freytag von Loringhoven Bd. I - Die deutschen Staaten (J. A. Stargardt, Marburg, 1960) Bd. II - Die au\u00dferdeutschen Staaten (J. A. Stargardt, Marburg, 1960) Bd. IV - Standesherrliche H\u00e4user I (J. A. Stargardt, Marburg, 1968) Detlev Schwennicke:\u2026","rel":"","context":"In \"Adel\"","block_context":{"text":"Adel","link":"https:\/\/dirkpeters.info\/?tag=adel"},"img":{"alt_text":"","src":"https:\/\/i0.wp.com\/dirkpeters.info\/wp-content\/uploads\/2019\/03\/ESI-II-2.jpg?resize=350%2C200&ssl=1","width":350,"height":200,"srcset":"https:\/\/i0.wp.com\/dirkpeters.info\/wp-content\/uploads\/2019\/03\/ESI-II-2.jpg?resize=350%2C200&ssl=1 1x, https:\/\/i0.wp.com\/dirkpeters.info\/wp-content\/uploads\/2019\/03\/ESI-II-2.jpg?resize=525%2C300&ssl=1 1.5x, https:\/\/i0.wp.com\/dirkpeters.info\/wp-content\/uploads\/2019\/03\/ESI-II-2.jpg?resize=700%2C400&ssl=1 2x"},"classes":[]}],"jetpack_sharing_enabled":true,"jetpack_likes_enabled":true,"_links":{"self":[{"href":"https:\/\/dirkpeters.info\/index.php?rest_route=\/wp\/v2\/pages\/394","targetHints":{"allow":["GET"]}}],"collection":[{"href":"https:\/\/dirkpeters.info\/index.php?rest_route=\/wp\/v2\/pages"}],"about":[{"href":"https:\/\/dirkpeters.info\/index.php?rest_route=\/wp\/v2\/types\/page"}],"author":[{"embeddable":true,"href":"https:\/\/dirkpeters.info\/index.php?rest_route=\/wp\/v2\/users\/1"}],"replies":[{"embeddable":true,"href":"https:\/\/dirkpeters.info\/index.php?rest_route=%2Fwp%2Fv2%2Fcomments&post=394"}],"version-history":[{"count":3,"href":"https:\/\/dirkpeters.info\/index.php?rest_route=\/wp\/v2\/pages\/394\/revisions"}],"predecessor-version":[{"id":2356,"href":"https:\/\/dirkpeters.info\/index.php?rest_route=\/wp\/v2\/pages\/394\/revisions\/2356"}],"up":[{"embeddable":true,"href":"https:\/\/dirkpeters.info\/index.php?rest_route=\/wp\/v2\/pages\/363"}],"wp:attachment":[{"href":"https:\/\/dirkpeters.info\/index.php?rest_route=%2Fwp%2Fv2%2Fmedia&parent=394"}],"curies":[{"name":"wp","href":"https:\/\/api.w.org\/{rel}","templated":true}]}}