{"id":390,"date":"2017-05-10T18:16:41","date_gmt":"2017-05-10T16:16:41","guid":{"rendered":"http:\/\/test.dirkpeters.net\/?page_id=390"},"modified":"2019-08-14T19:08:59","modified_gmt":"2019-08-14T17:08:59","slug":"meine-genealogische-bibliothek-regionales","status":"publish","type":"page","link":"https:\/\/dirkpeters.info\/?page_id=390","title":{"rendered":"Meine Genealogische Bibliothek \u2013 Regionales"},"content":{"rendered":"<div class=\"bibliothek\">\n<h2>Brandenburg<\/h2>\n<ul>\n<li>Biographisches Handbuch der preussischen Verwaltungs- und Justizbeamten 1740-1806\/15 \u2013 Straubel, Rolf \u2013 K.G.Saur 2009; Einzelver\u00f6ffentlichung der Historischen Kommission zu Berlin, Band 85<\/li>\n<li>Der B\u00fcrger- und Einwohnerkataster der Stadt Spandau von 1723 \u2013 Pohl, Joachim \u2013 Degener & Co<\/li>\n<li>Der Eisenbahnabschnitt Erkner \u2013 Frankfurt (Oder) Geschichte und Personal 1842-1990 \u2013 Bernd Steinbrecher \u2013 BGG-Verlag Potsdam \u2013 2017<\/li>\n<li>Der Hof des gro\u00dfen Kurf\u00fcrsten \u2013 Studien zur h\u00f6heren Amtstr\u00e4gerschaft Brandenburg-Preu\u00dfens \u2013 Bahl, Peter \u2013 B\u00f6hlau Verlag K\u00f6ln \u2013 2001<\/li>\n<li>Die B\u00fcrgerrolle der Stadt Teltow bei Berlin 1500 \u2013 1888 \u2013 Bahl, Peter \u2013 Degener & Co<\/li>\n<li>Die Einwohner der Stadt Ketzin \/ Osthavelland bis zur Mitte des 19. Jahrhunderts \u2013 Alpermann, Gerd \u2013 Degener & Co \u2013 <a href=\"?p=1510\">Verzeichnis der Familiennamen<\/a><\/li>\n<li>Die Einwohnerschaft der Stadt Nauen und Ihrer Garnison bis zur Mitte des 19. Jahrhunderts \u2013 Alpermann, Gerd \u2013 Degener & Co<\/li>\n<li>Die Niederlausitzer Ritterg\u00fcter und ihre Besitzer Bde. I \u2013 VII<\/li>\n<li>D\u00f6rfer des Domkapitels Brandenburg \u2013 H\u00f6fe und Familien in Barnewitz und Marzahne (Westhavelland), Pl\u00f6tzin, Krs. Potsdam und Schmerzke, Krs. Brandenburg seit 1520 \u2013 Alpermann, Gerd \u2013 Degener & Co<\/li>\n<li>H\u00f6fe und Familien in Tremmen \/ Westhavelland 1520 \u2013 1945 \u2013 Alpermann, Gerd \u2013 Degener & Co \u2013 <a href=\"?p=1593\">Verzeichnis der Familiennamen<\/a><\/li>\n<li>H\u00f6fe und Familien in Zachow und Gutenpaaren 1538 \u2013 1945 \u2013 Alpermann, Gerd \u2013 Degener & Co \u2013 <a href=\"?p=1598\">Verzeichnis der Familiennamen<\/a><\/li>\n<li>M\u00e4rkischer Adel \u2013 Arnim, Hermann Graf von \u2013 Duncker & Humblot, Berlin<\/li>\n<li>Die Kunstdenkm\u00e4ler der Provinz Brandenburg Bd V, Teil 6 \u2013 Kreis Sorau und Stadt Forst; Herausgeber: Brandenburgischer Provinzialverband, Berlin 1939 \u2013 Nachdruck Niederlausitzer Verlag Guben 2012<\/li>\n<li>Die Kunstdenkm\u00e4ler der Provinz Brandenburg Bd VI, Teil 6 \u2013 Kreis Crossen; Herausgeber: Brandenburgischer Provinzialverband, Berlin 1921 \u2013 Nachdruck Niederlausitzer Verlag Guben 2011<\/li>\n<\/ul>\n<h2>Mecklenburg<\/h2>\n<ul>\n<li>Das Land Werle, Gross und Klein Tessin \u2013 Weltzien, Wolf L\u00fcdeke v. \u2013 Buch und Bild Verlag Hans-Joachim Sch\u00f6rle, Nagold<\/li>\n<li>Die Mecklenburger F\u00fcrstendynastie und ihre legend\u00e4ren Vorfahren, Die Schweriner Bilderhandschrift von 1526 \u2013 R\u00f6pcke; Andreas (Herausgeber) \u2013 Edition Temmen<\/li>\n<li>Schl\u00f6sser und Herrensitze in Mecklenburg \u2013 Sieber, Helmut \u2013 Wolfgang Weidlich, Frankfurt am Main, 1960<\/li>\n<\/ul>\n<div style=\"border: 1px solid; padding: 20px; margin: 5px; background-color:#F5F6F4;\">\n<h3>Schubert, Franz:<\/h3>\n<h4> B\u00fcrgerb\u00fccher aus Mecklenburg<\/h4>\n<ul>\n<li>M1: Neubrandenburg, G\u00f6ttingen 1994 Selbstverlag, ISBN 3-89364-165-3<\/li>\n<\/ul>\n<h4>Kopulationsregister aus mecklenburgischen Kirchenb\u00fcchern<\/h4>\n<ul>\n<li><strong>von 1705 bis 1750<\/strong>\n<ul>\n<li>Teil B: Raum G\u00fcstrow, Teterow \u2013 Laage (G\u00fcstrow (Dom, Pfarrkirche), L\u00fcssow, Recknitz, Kritzkow, Gro\u00df Upahl, Bellin, Zehna, Teterow, Th\u00fcrkow, Levitzow, Warnkenhagen, Wattmanshagen, Klaber, Gr. Wokern, Hohen-Demzin, Laage, Belitz, Cammin, Kavelstorf, Hohen-Sprenz)\n<li>Register zu Teil A \u2013 B \u2013 C<\/li>\n<li>Teil F: Raum Doberan \u2013 B\u00fctzow (Kessin, Lichtenhagen, Rethwisch, Doberan, Lambrechtshagen, Parkentin, Retschow, Kr\u00f6pelin, Steffenshagen, Neubukow, Russow, Brunshaupten, Westenbr\u00fcgge, Alt-Karin, Berendshagen, Kirch-Mulsow, Alt-Bukow, Dreveskirchen, B\u00fctzow, Parum, Tarnow, Boitin, R\u00fchn, Qualitz, Warin, Moisall, Gro\u00df-Tessin, Bernitt, Zernin, Neukirchen, Alt-Gaarz)\n\t\t\t\t\t<\/ul>\n<li><strong>von 1751 bis 1800<\/strong>\n<ul>\n<li>Teil B: 2. Lieferung G\u00fcstrow Land (L\u00fcssow, Recknitz, Kritzkow, L\u00fcdershagen, L\u00fcbsee, Gro\u00df Upahl, Bellin, Badendiek, Zehna)<\/li>\n<li>Teil B: 3. Lieferung Teterow \u2013 Laage (Teterow, Th\u00fcrkow, Levitzow, Warnkenhagen, Reinshagen, Wattmanshagen, Klaber, Klaber-Gr. Wokern, Hohen-Demzin, Laage, Belitz, Cammin, Kavelstorf, Hohen-Sprenz)<\/li>\n<li>Teil B: 4. Lieferung G\u00fcstrow \u2013 Teterow \u2013 Laage (Register)<\/li>\n<li>Teil F: 1. Lieferung Doberan \u2013 Kr\u00f6pelin (Kessin, Lichtenhagen, Rethwisch, Doberan, Lambrechtshagen, Parkentin, Satow, Retschow, Kr\u00f6pelin, Steffenshagen)<\/li>\n<\/ul>\n<\/li>\n<li><strong>von 1801 bis 1825<\/strong>\n<ul>\n<li>Teil B: 1. Lieferung G\u00fcstrow \u2013 Teterow \/ Stadt (G\u00fcstrow (Dom, Pfarrkirche, Heilig Geist), L\u00fcssow, Recknitz, Kritzkow, L\u00fcdershagen, L\u00fcbsee, Gro\u00df Upahl, Bellin, Badendiek, Zehna, Teterow \/ Stadt)<\/li>\n<li>Teil B: 2. Lieferung Teterow \/ Land \u2013 Laage \u2013 Register (Th\u00fcrkow, Levitzow, Warnkenhagen, Reinshagen, Wattmanshagen, Klaber, Gr. Wokern, Hohen-Demzin, Laage, Belitz, Cammin, Kavelstorf, Hohen-Sprenz)<\/li>\n<\/ul>\n<\/li>\n<\/ul>\n<h4>190 Mecklenburgische Beichtkinderverzeichnisse aus dem Jahre 1751<\/h4>\n<ul>\n<li>Lieferung B\/C: Kirchspiele G\u00fcstrow Domkirche, L\u00fcssow, Recknitz, Kritzkow, L\u00fcdershagen, Bellin, Badendiek, Zehna, Gro\u00df Upahl, Teterow, Th\u00fcrkow, Warnkenhagen, Reinshagen, Wattmanshagen, L\u00fcbsee, Klaber, Belitz, Kavelstorf, Hohen-Sprenz<\/li>\n<li>Lieferung F: Kirchspiele Kessin, Lichtenhagen, Rethwisch, Doberan, Lambrechtshagen, Parkentin, Satow, Retschow, Kr\u00f6pelin, Steffenshagen, Neubukow, Russow, Alt-Gaarz, Brunshaupten, Biendorf, Westenbr\u00fcgge, Alt-Karin, Berendshagen, Kirch-Mulsow, Alt-Bukow, Dreveskirchen, Parum, Tarnow, Boitin, R\u00fchn, Baumgarten, Qualitz, Moisall, Bernitt, Warnow, Neukirchen<\/li>\n<\/ul>\n<h4>300 Mecklenburgische Pastoren berichten<\/h4>\n<ul>\n<li>Lieferung F1: Kirchspiele Kessin, Lichtenhagen, Rethwisch, Doberan, Lambrechtshagen, Parkentin, Satow, Retschow, Kr\u00f6pelin, Steffenshagen<\/li>\n<\/ul><\/div>\n<h2>Pommern<\/h2>\n<ul>\n<li>Ausf\u00fchrliche Beschreibung des gegenw\u00e4rtigen Zustandes des k\u00f6nigl. preussischen Herzogthums Vor- und Hinterpommern \u2013 Bd. 1, Bd. 2 T. 1 u. 2, Supplementband \u2013 Br\u00fcggemann, Ludewig Wilhelm \u2013 H. G. Essenbart<\/li>\n<li>F\u00fchrende Stralsunder Ratsfamilien vom Ausgang des 13. bis zum Beginn des 16. Jahrhunderts \u2013 Koeppen, Dr. phil Hans \u2013 Universit\u00e4tsverlag Ratsbuchhandlung L. Bamberg, Greifswald<\/li>\n<li>Pommersche Genealogien Bd. 2, Teil 2 \u2013 Pyl, Theodor \u2013 Vereinsschrift der R\u00fcgisch-Pommerschen Abtheilung der Gesellschaft f\u00fcr Pommersche Geschichte \u2026<\/li>\n<li>Pommersche Genealogien Bd. 5, Die Genealogien der Greifswalder Ratsmitglieder von 1382 \u2013 1647 \u2013 Pyl, Theodor \u2013 Vereinsschrift der R\u00fcgisch-Pommerschen Abtheilung der Gesellschaft f\u00fcr Pommersche Geschichte \u2026<\/li>\n<li>Atlas der Kirchenprovinz Pommern 1931, Arbeitsgemeinschaft f\u00fcr pommersche Kirchengeschichte, 2005 Thomas Helms Verlag Schwerin<\/li>\n<\/ul>\n<div style=\"border: 1px solid; padding: 20px; margin: 5px; background-color:#F5F6F4;\">\n<h3>Schubert, Franz:<\/h3>\n<h4>Trauregister aus den Kirchenb\u00fcchern<\/h4>\n<p>Von 1751 bis 1800<\/p>\n<ul>\n<li>Band 2, Kreus Franzburg\/Barth, Lieferung a: Barth<\/li>\n<\/ul>\n<\/div>\n<h2>Sachsen<\/h2>\n<ul>\n<li>Der Leipziger Rat im Mittelalter. Die Ratsherren, B\u00fcrgermeister und Stadtrichter 1270-1539 \u2013 Steinf\u00fchrer, Henning \u2013 Thelem, Dresden, 2005<\/li>\n<li>Leipzigs Regierende B\u00fcrgermeister vom 13. Jahrhundert bis zur Gegenwart \u2013 K\u00fchling, Karin; Mundus, Doris \u2013 Sax-Verlag, Beucha, 2000<\/li>\n<\/ul>\n<h2>Schlesien<\/h2>\n<ul>\n<li>Der Rat und die Ratsgeschlechter des alten Breslau \u2013 Stein, Rudolf \u2013 Herausgegeben vom G\u00f6ttinger Arbeitskreis, Holzner-Verlag, W\u00fcrzburg, 1963 -> <a href=\"?p=1485\">Verzeichnis der aufgef\u00fchrten Familien<\/a><\/li>\n<li>Die Breslauer Rats- und Stadtgeschlechter in der Zeit von 1241 bis 1741 \u2013 Pusch, Oskar \u2013 Bde. 1-5 \u2013 Dortmund, 1986-1991 -> <a href=\"?p=1504\">Verzeichnis der aufgef\u00fchrten Familien<\/a><\/li>\n<li>Schlesische Curiosit\u00e4ten Bde. I \u2013 II \u2013 Sinapius, Johannes \u2013 Verlag f\u00fcr Kunstreproduktionen Christoph Schmidt, Neustadt an der Aisch<\/li>\n<li>Schlesische Leichenpredigten, Trauerreden und Abdankungen des 17. Jhs. aus der Herzog-August-Bibliothek in Wolfenb\u00fcttel, Familienkundlich ausgewertet von Hans J\u00fcrgen v. Wilckens, Dortmund, 1974<\/li>\n<li>Schl\u00f6sser und Herrenh\u00e4user im niedersschlesischen Kreis Strehlen \/ Strzelin \u2013 ein gef\u00e4hrdetes europ\u00e4isches Kulturerbe \u2013 v. Klewitz, Andreas \u2013 C.A.Starke Verlag, Limburg an der Lahn<\/li>\n<\/ul>\n<p><a href=\"?page_id=363\"><strong>zur\u00fcck zur Bibliotheks\u00fcbersicht<\/strong><\/a>\n<\/div>\n","protected":false},"excerpt":{"rendered":"<p>Brandenburg Biographisches Handbuch der preussischen Verwaltungs- und Justizbeamten 1740-1806\/15 \u2013 Straubel, Rolf \u2013 K.G.Saur 2009; Einzelver\u00f6ffentlichung der Historischen Kommission zu Berlin, Band 85 Der B\u00fcrger- und Einwohnerkataster der Stadt Spandau<\/p>\n<div><a href=\"https:\/\/dirkpeters.info\/?page_id=390\" class=\"exp-read-more exp-read-more-underlined\">Read More<\/a><\/div>\n","protected":false},"author":1,"featured_media":0,"parent":363,"menu_order":0,"comment_status":"closed","ping_status":"closed","template":"","meta":{"jetpack_post_was_ever_published":false,"footnotes":"","_links_to":"","_links_to_target":""},"class_list":["post-390","page","type-page","status-publish","hentry"],"jetpack_shortlink":"https:\/\/wp.me\/P8HCXc-6i","jetpack-related-posts":[{"id":385,"url":"https:\/\/dirkpeters.info\/?page_id=385","url_meta":{"origin":390,"position":0},"title":"Meine Genealogische Bibliothek &#8211; Familiengeschichten","author":"dirkpeters","date":"10. Mai 2017","format":false,"excerpt":"Alten: Geschichte des Geschlechts von Alten 1182-1982 - W\u00e4tjen, Hans - Wolfsburg, 1981 Behr: Urkunden und Forschungen zur Geschichte des Geschlechts Behr G\u00fctzkower Linie - Bd VII - Behr, Marcelle und Fritz von - Selbstverlag Berger: Ahnenliste Berger - Ein Geschlecht aus dem Verwandtschaftskreis des Rudolf Stoye - Berger, Thomas\u2026","rel":"","context":"In \"B\u00fccher\"","block_context":{"text":"B\u00fccher","link":"https:\/\/dirkpeters.info\/?tag=buecher"},"img":{"alt_text":"","src":"","width":0,"height":0},"classes":[]},{"id":394,"url":"https:\/\/dirkpeters.info\/?page_id=394","url_meta":{"origin":390,"position":1},"title":"Meine genealogische Bibliothek &#8211; Sonstiges","author":"dirkpeters","date":"10. Mai 2017","format":false,"excerpt":"Ahnentafeln Paderborner Domherren - Michels, Paul - Bonifatius - Paderborn, 1966 Der Paderborner Stiftsadel zur Mitte des 15. Jahrhunderts - Lagers, Michael - Bonifatius - Paderborn, 2013 Der langsame Aufstieg des Morgensterns von Wittenberg -Eine Studie und eine Erz\u00e4hlung \u00fcber die Herkunft der Katharina von Bora - Liebehenschel, Wolfgang -\u2026","rel":"","context":"In \"B\u00fccher\"","block_context":{"text":"B\u00fccher","link":"https:\/\/dirkpeters.info\/?tag=buecher"},"img":{"alt_text":"","src":"","width":0,"height":0},"classes":[]},{"id":373,"url":"https:\/\/dirkpeters.info\/?page_id=373","url_meta":{"origin":390,"position":2},"title":"Meine Genealogische Bibliothek \u2013 Ahnenreihen, Stammlisten, Ortsfamilienb\u00fccher","author":"dirkpeters","date":"10. Mai 2017","format":false,"excerpt":"Ahnen zu Karl dem Grossen und Widukind in 765 Ahnenst\u00e4mmen - Winkhaus, Eberhard; Selbstverlag Ennepetal-Altenvoerde 1950 Ahnenreihen aus allen deutschen Gauen Bde. 1 - 4 - Ehrenkrook, Hans Friedrich v. - C. A. Starke Verlag, Verzeichnis der Ahnenreihen Ahnen und Enkel, Bd. 1, Sammlung von Ahnen- und Nachkommenlisten - Euler,\u2026","rel":"","context":"In \"Ahnenreihen\"","block_context":{"text":"Ahnenreihen","link":"https:\/\/dirkpeters.info\/?tag=ahnenreihen"},"img":{"alt_text":"","src":"https:\/\/i0.wp.com\/dirkpeters.info\/wp-content\/uploads\/2019\/09\/es.jpg?resize=350%2C200&ssl=1","width":350,"height":200},"classes":[]},{"id":366,"url":"https:\/\/dirkpeters.info\/?page_id=366","url_meta":{"origin":390,"position":3},"title":"Meine Genealogische Bibliothek &#8211; Sammelwerke","author":"dirkpeters","date":"9. Mai 2017","format":false,"excerpt":"Deutsches Geschlechterbuch Bde. 1-87 (CD's) - C. A. Starke Verlag Genealogisches Handbuch des Adels Reihe - C. A. Starke Verlag Adelige H\u00e4user A Bde. 1 - 8, 12, 14, 18 Adelige H\u00e4user B Bd. 1 Adelige H\u00e4user Bde. 34 - 36 Freiherrliche H\u00e4user A Bde. 1 - 6, 12 Freiherrliche\u2026","rel":"","context":"In \"B\u00fccher\"","block_context":{"text":"B\u00fccher","link":"https:\/\/dirkpeters.info\/?tag=buecher"},"img":{"alt_text":"","src":"","width":0,"height":0},"classes":[]},{"id":397,"url":"https:\/\/dirkpeters.info\/?page_id=397","url_meta":{"origin":390,"position":4},"title":"Meine genealogische Bibliothek &#8211; Zeitschriften und Jahrb\u00fccher","author":"dirkpeters","date":"10. Mai 2017","format":false,"excerpt":"AMF Mitteldeutsche Familiengeschichte, Bd. V. 1976-1979 Zeitschrift f\u00fcr Mitteldeutsche Familiengeschichte, seit 2008 BGG Brandenburgische Genealogische Nachrichten ab 2006 Brandenburgisches Genealogisches Jahrbuch ab Bd. 1 Compgen Computergenealogie, 2005 - 2014 Pommerscher Greif Sedina Archiv ab 2014 Verein f\u00fcr mecklenburgische Familien- und Personengeschichte e. V. Mitteilungen des Vereins f\u00fcr mecklenburgische Familien- und\u2026","rel":"","context":"In \"AMF\"","block_context":{"text":"AMF","link":"https:\/\/dirkpeters.info\/?tag=amf"},"img":{"alt_text":"","src":"","width":0,"height":0},"classes":[]},{"id":380,"url":"https:\/\/dirkpeters.info\/?page_id=380","url_meta":{"origin":390,"position":5},"title":"Meine Genealogische Bibliothek \u2013 Europ\u00e4ische Stammtafeln","author":"dirkpeters","date":"10. Mai 2017","format":false,"excerpt":"Europ\u00e4ische Stammtafeln - Stammtafeln zur Geschichte der Europ\u00e4ischen Staaten - Frank Baron Freytag von Loringhoven Bd. I - Die deutschen Staaten (J. A. Stargardt, Marburg, 1960) Bd. II - Die au\u00dferdeutschen Staaten (J. A. Stargardt, Marburg, 1960) Bd. IV - Standesherrliche H\u00e4user I (J. A. Stargardt, Marburg, 1968) Detlev Schwennicke:\u2026","rel":"","context":"In \"Adel\"","block_context":{"text":"Adel","link":"https:\/\/dirkpeters.info\/?tag=adel"},"img":{"alt_text":"","src":"https:\/\/i0.wp.com\/dirkpeters.info\/wp-content\/uploads\/2019\/03\/ESI-II-2.jpg?resize=350%2C200&ssl=1","width":350,"height":200,"srcset":"https:\/\/i0.wp.com\/dirkpeters.info\/wp-content\/uploads\/2019\/03\/ESI-II-2.jpg?resize=350%2C200&ssl=1 1x, https:\/\/i0.wp.com\/dirkpeters.info\/wp-content\/uploads\/2019\/03\/ESI-II-2.jpg?resize=525%2C300&ssl=1 1.5x, https:\/\/i0.wp.com\/dirkpeters.info\/wp-content\/uploads\/2019\/03\/ESI-II-2.jpg?resize=700%2C400&ssl=1 2x"},"classes":[]}],"jetpack_sharing_enabled":true,"jetpack_likes_enabled":true,"_links":{"self":[{"href":"https:\/\/dirkpeters.info\/index.php?rest_route=\/wp\/v2\/pages\/390","targetHints":{"allow":["GET"]}}],"collection":[{"href":"https:\/\/dirkpeters.info\/index.php?rest_route=\/wp\/v2\/pages"}],"about":[{"href":"https:\/\/dirkpeters.info\/index.php?rest_route=\/wp\/v2\/types\/page"}],"author":[{"embeddable":true,"href":"https:\/\/dirkpeters.info\/index.php?rest_route=\/wp\/v2\/users\/1"}],"replies":[{"embeddable":true,"href":"https:\/\/dirkpeters.info\/index.php?rest_route=%2Fwp%2Fv2%2Fcomments&post=390"}],"version-history":[{"count":15,"href":"https:\/\/dirkpeters.info\/index.php?rest_route=\/wp\/v2\/pages\/390\/revisions"}],"predecessor-version":[{"id":3446,"href":"https:\/\/dirkpeters.info\/index.php?rest_route=\/wp\/v2\/pages\/390\/revisions\/3446"}],"up":[{"embeddable":true,"href":"https:\/\/dirkpeters.info\/index.php?rest_route=\/wp\/v2\/pages\/363"}],"wp:attachment":[{"href":"https:\/\/dirkpeters.info\/index.php?rest_route=%2Fwp%2Fv2%2Fmedia&parent=390"}],"curies":[{"name":"wp","href":"https:\/\/api.w.org\/{rel}","templated":true}]}}