{"id":380,"date":"2017-05-10T18:04:36","date_gmt":"2017-05-10T16:04:36","guid":{"rendered":"http:\/\/test.dirkpeters.net\/?page_id=380"},"modified":"2022-09-30T20:21:50","modified_gmt":"2022-09-30T18:21:50","slug":"meine-genealogische-bibliothek-europaeische-stammtafeln","status":"publish","type":"page","link":"https:\/\/dirkpeters.info\/?page_id=380","title":{"rendered":"Meine Genealogische Bibliothek \u2013 Europ\u00e4ische Stammtafeln"},"content":{"rendered":"<div id=\"attachment_3239\" style=\"width: 410px\" class=\"wp-caption alignright\"><a href=\"https:\/\/i0.wp.com\/dirkpeters.info\/wp-content\/uploads\/2019\/03\/ESI-II-2.jpg?ssl=1\"><img data-recalc-dims=\"1\" loading=\"lazy\" decoding=\"async\" width=\"1000\" height=\"716\" aria-describedby=\"caption-attachment-3239\" data-attachment-id=\"3239\" data-permalink=\"https:\/\/dirkpeters.info\/?attachment_id=3239\" data-orig-file=\"https:\/\/i0.wp.com\/dirkpeters.info\/wp-content\/uploads\/2019\/03\/ESI-II-2.jpg?fit=1000%2C716&ssl=1\" data-orig-size=\"1000,716\" data-comments-opened=\"1\" data-image-meta=\"{&quot;aperture&quot;:&quot;1.8&quot;,&quot;credit&quot;:&quot;&quot;,&quot;camera&quot;:&quot;iPhone 8&quot;,&quot;caption&quot;:&quot;Europ\\u00e4ische Stammtafeln bis 1968&quot;,&quot;created_timestamp&quot;:&quot;1551466925&quot;,&quot;copyright&quot;:&quot;&quot;,&quot;focal_length&quot;:&quot;3.99&quot;,&quot;iso&quot;:&quot;80&quot;,&quot;shutter_speed&quot;:&quot;0.058823529411765&quot;,&quot;title&quot;:&quot;Europ\\u00e4ische Stammtafeln bis 1968&quot;,&quot;orientation&quot;:&quot;1&quot;}\" data-image-title=\"Europ\u00e4ische Stammtafeln bis 1968\" data-image-description=\"\" data-image-caption=\"<p>Europ\u00e4ische Stammtafeln bis 1968<\/p>\n\" data-large-file=\"https:\/\/i0.wp.com\/dirkpeters.info\/wp-content\/uploads\/2019\/03\/ESI-II-2.jpg?fit=1000%2C716&ssl=1\" src=\"https:\/\/i0.wp.com\/dirkpeters.info\/wp-content\/uploads\/2019\/03\/ESI-II-2.jpg?resize=1000%2C716&ssl=1\" alt=\"\" style=\"width:400px; padding:5px; border: 1px solid gray;\" class=\"size-medium wp-image-3239\" srcset=\"https:\/\/i0.wp.com\/dirkpeters.info\/wp-content\/uploads\/2019\/03\/ESI-II-2.jpg?w=1000&ssl=1 1000w, https:\/\/i0.wp.com\/dirkpeters.info\/wp-content\/uploads\/2019\/03\/ESI-II-2.jpg?resize=300%2C215&ssl=1 300w, https:\/\/i0.wp.com\/dirkpeters.info\/wp-content\/uploads\/2019\/03\/ESI-II-2.jpg?resize=768%2C550&ssl=1 768w\" sizes=\"auto, (max-width: 1000px) 100vw, 1000px\" \/><\/a><p id=\"caption-attachment-3239\" class=\"wp-caption-text\">Europ\u00e4ische Stammtafeln bis 1968<\/p><\/div>\n<p>Europ\u00e4ische Stammtafeln \u2013 Stammtafeln zur Geschichte der Europ\u00e4ischen Staaten \u2013 Frank Baron Freytag von Loringhoven<\/p>\n<ul>\n<li>Bd. I \u2013 Die deutschen Staaten (J. A. Stargardt, Marburg, 1960)<\/li>\n<li>Bd. II \u2013 Die au\u00dferdeutschen Staaten (J. A. Stargardt, Marburg, 1960)<\/li>\n<li>Bd. IV \u2013 Standesherrliche H\u00e4user I (J. A. Stargardt, Marburg, 1968)<\/li>\n<\/ul>\n<p><em>Detlev Schwennicke<\/em>: Europ\u00e4ische Stammtafeln \u2013 Neue Folge -> <strong><a href=\"?page_id=1086\/\">Verzeichnis der aufgef\u00fchrten Familien<\/a><\/strong>. Bis Band XVI erschien das Werk unter dem Titel <em>Europ\u00e4ische Stammtafeln. Stammtafeln zur Geschichte der europ\u00e4ischen Staaten. Begr\u00fcndet von Wilhelm Karl Prinz zu Isenburg, fortgef\u00fchrt von Frank Baron Freytag von Loringhoven. Neue Folge. Herausgegegeben von  Detlev Schwennicke<\/em>.<\/p>\n<ul>\n<li>Bd. I.1 \u2013 Die fr\u00e4nkischen K\u00f6nig und die K\u00f6nige und Kaiser, Stammesherz\u00f6ge, Kurf\u00fcrsten, Markgrafen und Herz\u00f6ge des Heiligen R\u00f6mischen Reiches Deutscher Nation (Vittorio Klostermann, Frankfurt am Main, 2005)<\/li>\n<li>Bd. I.2 \u2013 Premysliden, Askanier, Herz\u00f6ge von Lothringen, die H\u00e4user Hessen, W\u00fcrttemberg und Z\u00e4hringen (Vittorio Klostermann, Frankfurt am Main, 1999)<\/li>\n<li>Bd. I.3 \u2013 Die H\u00e4user Oldenburg. Mecklenburg, Schwarzburg, Waldeck, Lippe und Reu\u00df (Vittorio Klostermann, Frankfurt am Main, 2000)<\/li>\n<li>Bd. III.1 \u2013 Herzogs- und Grafenh\u00e4user des Heiligen R\u00f6mischen Reiches, andere europ\u00e4ische F\u00fcrstenh\u00e4user (J. A. Stargardt, Marburg, 1984)<\/li>\n<li>Bd. III.2 \u2013 Nichtstandesgem\u00e4\u00dfe und illegitime Nachkommen der regierenden H\u00e4user Europas (J. A. Stargardt, Marburg, 1983)<\/li>\n<li>Bd. III.3 \u2013 Andere grosse Europ\u00e4ische Familien, illegitime Nachkommen spanischer und portugiesischer K\u00f6nigsh\u00e4user (J. A. Stargardt, Marburg, 1985)<\/li>\n<li>Bd. III.4 \u2013 Das feudale Frankreich und sein Einflu\u00df auf die Welt des Mittelalters (J. A. Stargardt, Marburg, 1989)<\/li>\n<div id=\"attachment_3240\" style=\"width: 410px\" class=\"wp-caption alignright\"><a href=\"https:\/\/i0.wp.com\/dirkpeters.info\/wp-content\/uploads\/2019\/09\/esiii.jpg?ssl=1\"><img data-recalc-dims=\"1\" height=\"300\" width=\"300\" decoding=\"async\" aria-describedby=\"caption-attachment-3240\" data-attachment-id=\"3240\" data-permalink=\"https:\/\/dirkpeters.info\/?attachment_id=3240\" data-orig-file=\"https:\/\/i0.wp.com\/dirkpeters.info\/wp-content\/uploads\/2019\/03\/ESXVI.jpg?fit=1000%2C702&ssl=1\" data-orig-size=\"1000,702\" data-comments-opened=\"1\" data-image-meta=\"{&quot;aperture&quot;:&quot;1.8&quot;,&quot;credit&quot;:&quot;&quot;,&quot;camera&quot;:&quot;iPhone 8&quot;,&quot;caption&quot;:&quot;Europ\\u00e4ische Stammtafeln 1978 - 1998&quot;,&quot;created_timestamp&quot;:&quot;1551466892&quot;,&quot;copyright&quot;:&quot;&quot;,&quot;focal_length&quot;:&quot;3.99&quot;,&quot;iso&quot;:&quot;100&quot;,&quot;shutter_speed&quot;:&quot;0.058823529411765&quot;,&quot;title&quot;:&quot;Europ\\u00e4ische Stammtafeln 1978 - 1998&quot;,&quot;orientation&quot;:&quot;1&quot;}\" data-image-title=\"Europ\u00e4ische Stammtafeln 1978 &#8211; 1998\" data-image-description=\"\" data-image-caption=\"<p>Europ\u00e4ische Stammtafeln 1978 &#8211; 1998<\/p>\n\" data-large-file=\"https:\/\/i0.wp.com\/dirkpeters.info\/wp-content\/uploads\/2019\/03\/ESXVI.jpg?fit=1000%2C702&ssl=1\" src=\"https:\/\/i0.wp.com\/dirkpeters.info\/wp-content\/uploads\/2019\/09\/esiii.jpg?fit=300%2C300&ssl=1\" alt=\"\" style=\"width:400px; padding:5px; border: 1px solid gray;\" class=\"size-medium wp-image-3240\" \/><\/a><p id=\"caption-attachment-3240\" class=\"wp-caption-text\">Europ\u00e4ische Stammtafeln 1978 \u2013 1998<\/p><\/div>\n<li>Bd. IV \u2013 Standesherrliche H\u00e4user I (J. A. Stargardt, Marburg, 1981)<\/li>\n<li>Bd. V \u2013 Standesherrliche H\u00e4user II (J. A. Stargardt, Marburg, 1988)<\/li>\n<li>Bd. VI \u2013 Familien des alten Lotharingien I (J. A. Stargardt, Marburg, 1978)<\/li>\n<li>Bd. VII \u2013 Familien des alten Lotharingien II (J. A. Stargardt, Marburg, 1979)<\/li>\n<li>Bd. VIII \u2013 West- \u2013 Mittel- und Nordeurop\u00e4ische Familien (J. A. Stargardt, Marburg, 1980)<\/li>\n<li>Bd. IX \u2013 Familien des Fr\u00fch- und Hochkapitalismus (J. A. Stargardt, Marburg, 1987)<\/li>\n<li>Bd. X \u2013 Pairs de France und ihre Familien (J. A. Stargardt, Marburg, 1986)<\/li>\n<li>Bd. XI \u2013 Familien vom Mittel- und Oberrhein und aus Burgund (J. A. Stargardt, Marburg, 1986)<\/li>\n<li>Bd. XII \u2013 Schwaben (J. A. Stargardt, Marburg, 1992)<\/li>\n<li>Bd. XIII \u2013 Les familles f\u00e9odales de France I (J. A. Stargardt, Marburg, 1990)<\/li>\n<li>Bd. XIV \u2013 Les familles f\u00e9odales de France II (J. A. Stargardt, Marburg, 1991)<\/li>\n<li>Bd. XV \u2013 La Bourgogne au Moyen Age (J. A. Stargardt, Marburg, 1993)<\/li>\n<li>Bd. XVI \u2013 Bayern und Franken (J. A. Stargardt, Berlin, 1995)<\/li>\n<div id=\"attachment_3241\" style=\"width: 410px\" class=\"wp-caption alignright\"><a href=\"https:\/\/i0.wp.com\/dirkpeters.info\/wp-content\/uploads\/2019\/09\/esxxviii.jpg?ssl=1\"><img data-recalc-dims=\"1\" height=\"300\" width=\"300\" decoding=\"async\" aria-describedby=\"caption-attachment-3241\" data-attachment-id=\"3241\" data-permalink=\"https:\/\/dirkpeters.info\/?attachment_id=3241\" data-orig-file=\"https:\/\/i0.wp.com\/dirkpeters.info\/wp-content\/uploads\/2019\/03\/ES-XXIII.jpg?fit=706%2C1000&ssl=1\" data-orig-size=\"706,1000\" data-comments-opened=\"1\" data-image-meta=\"{&quot;aperture&quot;:&quot;1.8&quot;,&quot;credit&quot;:&quot;&quot;,&quot;camera&quot;:&quot;iPhone 8&quot;,&quot;caption&quot;:&quot;Europ\\u00e4ische Stammtafeln ab 1998&quot;,&quot;created_timestamp&quot;:&quot;1551466964&quot;,&quot;copyright&quot;:&quot;&quot;,&quot;focal_length&quot;:&quot;3.99&quot;,&quot;iso&quot;:&quot;100&quot;,&quot;shutter_speed&quot;:&quot;0.090909090909091&quot;,&quot;title&quot;:&quot;Europ\\u00e4ische Stammtafeln ab 1998&quot;,&quot;orientation&quot;:&quot;1&quot;}\" data-image-title=\"Europ\u00e4ische Stammtafeln ab 1998\" data-image-description=\"\" data-image-caption=\"<p>Europ\u00e4ische Stammtafeln ab 1998<\/p>\n\" data-large-file=\"https:\/\/i0.wp.com\/dirkpeters.info\/wp-content\/uploads\/2019\/03\/ES-XXIII.jpg?fit=706%2C1000&ssl=1\" src=\"https:\/\/i0.wp.com\/dirkpeters.info\/wp-content\/uploads\/2019\/09\/esxxviii.jpg?fit=300%2C300&ssl=1\" alt=\"\" style=\"width:400px; padding:5px; border: 1px solid gray;\" class=\"size-medium wp-image-3241\" \/><\/a><p id=\"caption-attachment-3241\" class=\"wp-caption-text\">Europ\u00e4ische Stammtafeln ab 1998<\/p><\/div>\n<li>Bd. XVII \u2013 Hessen und das Stammesherzogtum Sachsen (Vittorio Klostermann, Frankfurt am Main, 1998)<\/li>\n<li>Bd. XVIII \u2013 Zwischen Maas und Rhein 1 (Vittorio Klostermann, Frankfurt am Main, 1998)<\/li>\n<li>Bd. XIX \u2013 Zwischen Weser und Oder (Vittorio Klostermann, Frankfurt am Main, 2000)<\/li>\n<li>Bd. XX \u2013 Brandenburg und Preu\u00dfen 1 (Vittorio Klostermann, Frankfurt am Main, 2002)<\/li>\n<li>Bd. XXI \u2013 Brandenburg und Preu\u00dfen 2 (Vittorio Klostermann, Frankfurt am Main, 2002)<\/li>\n<li>Bd. XXII \u2013 Rund um die Ostsee 1 (Vittorio Klostermann, Frankfurt am Main, 2005)<\/li>\n<li>Bd. XXIII \u2013 Rund um die Ostsee 2 (Vittorio Klostermann, Frankfurt am Main, 2006)<\/li>\n<li>Bd. XXIV \u2013 Rund um die Ostsee 3 (Vittorio Klostermann, Frankfurt am Main, 2007)<\/li>\n<li>Bd. XXV \u2013 Rund um die Ostsee 4 (Vittorio Klostermann, Frankfurt am Main, 2007)<\/li>\n<li>Bd. XXVI \u2013 Zwischen Maas und Rhein 2 (Vittorio Klostermann, Frankfurt am Main, 2009)<\/li>\n<li>Bd. XXVII \u2013 Zwischen Maas und Rhein 3 (Vittorio Klostermann, Frankfurt am Main, 2010)<\/li>\n<li>Bd. XXVIII \u2013 Zwischen Maas und Rhein 4 (Vittorio Klostermann, Frankfurt am Main, 2011)<\/li>\n<li>Bd. XXIX \u2013 Zwischen Maas und Rhein 5 (Vittorio Klostermann, Frankfurt am Main, 2013)<\/li>\n<\/ul>\n<p><a href=\"?page_id=363\"><strong>zur\u00fcck zur Bibliotheks\u00fcbersicht<\/strong><\/a><\/p>\n","protected":false},"excerpt":{"rendered":"<p>Europ\u00e4ische Stammtafeln \u2013 Stammtafeln zur Geschichte der Europ\u00e4ischen Staaten \u2013 Frank Baron Freytag von Loringhoven Bd. I \u2013 Die deutschen Staaten (J. A. Stargardt, Marburg, 1960) Bd. II \u2013 Die<\/p>\n<div><a href=\"https:\/\/dirkpeters.info\/?page_id=380\" class=\"exp-read-more exp-read-more-underlined\">Read More<\/a><\/div>\n","protected":false},"author":1,"featured_media":0,"parent":363,"menu_order":0,"comment_status":"closed","ping_status":"closed","template":"","meta":{"jetpack_post_was_ever_published":false,"footnotes":"","_links_to":"","_links_to_target":""},"class_list":["post-380","page","type-page","status-publish","hentry"],"jetpack_shortlink":"https:\/\/wp.me\/P8HCXc-68","jetpack-related-posts":[{"id":373,"url":"https:\/\/dirkpeters.info\/?page_id=373","url_meta":{"origin":380,"position":0},"title":"Meine Genealogische Bibliothek \u2013 Ahnenreihen, Stammlisten, Ortsfamilienb\u00fccher","author":"dirkpeters","date":"10. Mai 2017","format":false,"excerpt":"Ahnen zu Karl dem Grossen und Widukind in 765 Ahnenst\u00e4mmen - Winkhaus, Eberhard; Selbstverlag Ennepetal-Altenvoerde 1950 Ahnenreihen aus allen deutschen Gauen Bde. 1 - 4 - Ehrenkrook, Hans Friedrich v. - C. A. Starke Verlag, Verzeichnis der Ahnenreihen Ahnen und Enkel, Bd. 1, Sammlung von Ahnen- und Nachkommenlisten - Euler,\u2026","rel":"","context":"In \"Ahnenreihen\"","block_context":{"text":"Ahnenreihen","link":"https:\/\/dirkpeters.info\/?tag=ahnenreihen"},"img":{"alt_text":"","src":"https:\/\/i0.wp.com\/dirkpeters.info\/wp-content\/uploads\/2019\/09\/es.jpg?resize=350%2C200&ssl=1","width":350,"height":200},"classes":[]},{"id":363,"url":"https:\/\/dirkpeters.info\/?page_id=363","url_meta":{"origin":380,"position":1},"title":"Meine genealogische Bibliothek","author":"dirkpeters","date":"9. Mai 2017","format":false,"excerpt":"In drei\u00dfig Jahren Familienforschung hat sich so einiges in meiner Bibliothek angesammelt. Gerne gebe ich bei Anfragen Auskunft, Scans oder Kopien mache ich allerdings aus R\u00fccksicht auf die B\u00fccher nicht. Da ich nicht st\u00e4ndig zu Hause bin, kann es eine Weile dauern bis Anfragen beantwortet werden, ich bitte daher notfalls\u2026","rel":"","context":"In \"B\u00fccher\"","block_context":{"text":"B\u00fccher","link":"https:\/\/dirkpeters.info\/?tag=buecher"},"img":{"alt_text":"","src":"","width":0,"height":0},"classes":[]},{"id":123,"url":"https:\/\/dirkpeters.info\/?page_id=123","url_meta":{"origin":380,"position":2},"title":"Service","author":"dirkpeters","date":"6. Mai 2017","format":false,"excerpt":"A Adel im Netz Ahnenlisten aus dem Ahnenlistenumlauf, 21 Microfilmrollen Ahnenreihen aus allen Deutschen Gauen Ahnenreihenwerk Geschwister Fischer Die Ahnenstammkartei des deutschen Volkes: Teil I, gesamt 638 Mikrofilmrollen Die Ahnenstammkartei des deutschen Volkes: Teil II, Ahnenlisten, gesamt 576 Mikrofilmrollen Ahnentafel Peters Akten des preu\u00df. Heroldsamtes Altpreu\u00dfische Geschlechterkunde Armorial et nobiliaire\u2026","rel":"","context":"In \"Links\"","block_context":{"text":"Links","link":"https:\/\/dirkpeters.info\/?tag=links"},"img":{"alt_text":"","src":"","width":0,"height":0},"classes":[]},{"id":131,"url":"https:\/\/dirkpeters.info\/?page_id=131","url_meta":{"origin":380,"position":3},"title":"Familien\u00fcbergreifende Reihen und B\u00fccher","author":"dirkpeters","date":"6. Mai 2017","format":false,"excerpt":"Links zu B\u00fcchern und Reihen, die familien\u00fcbergreifende Informationen bzw. Informationen zu mehreren Familien enthalten.Das Herunterladen von B\u00fcchern bei Google, die nach 1870 erschienen sind funktioniert nur \u00fcber einen amerikanischen Proxy bzw. das Firefox-Addon googlesharing. Das eingeschaltete Browsen simuliert nun die Suche als US-B\u00fcrger und erm\u00f6glicht im Gesamtergebnis zuverl\u00e4ssig einige Downloads\u2026","rel":"","context":"\u00c4hnlicher Beitrag","block_context":{"text":"\u00c4hnlicher Beitrag","link":""},"img":{"alt_text":"","src":"","width":0,"height":0},"classes":[]},{"id":385,"url":"https:\/\/dirkpeters.info\/?page_id=385","url_meta":{"origin":380,"position":4},"title":"Meine Genealogische Bibliothek &#8211; Familiengeschichten","author":"dirkpeters","date":"10. Mai 2017","format":false,"excerpt":"Alten: Geschichte des Geschlechts von Alten 1182-1982 - W\u00e4tjen, Hans - Wolfsburg, 1981 Behr: Urkunden und Forschungen zur Geschichte des Geschlechts Behr G\u00fctzkower Linie - Bd VII - Behr, Marcelle und Fritz von - Selbstverlag Berger: Ahnenliste Berger - Ein Geschlecht aus dem Verwandtschaftskreis des Rudolf Stoye - Berger, Thomas\u2026","rel":"","context":"In \"B\u00fccher\"","block_context":{"text":"B\u00fccher","link":"https:\/\/dirkpeters.info\/?tag=buecher"},"img":{"alt_text":"","src":"","width":0,"height":0},"classes":[]},{"id":394,"url":"https:\/\/dirkpeters.info\/?page_id=394","url_meta":{"origin":380,"position":5},"title":"Meine genealogische Bibliothek &#8211; Sonstiges","author":"dirkpeters","date":"10. Mai 2017","format":false,"excerpt":"Ahnentafeln Paderborner Domherren - Michels, Paul - Bonifatius - Paderborn, 1966 Der Paderborner Stiftsadel zur Mitte des 15. Jahrhunderts - Lagers, Michael - Bonifatius - Paderborn, 2013 Der langsame Aufstieg des Morgensterns von Wittenberg -Eine Studie und eine Erz\u00e4hlung \u00fcber die Herkunft der Katharina von Bora - Liebehenschel, Wolfgang -\u2026","rel":"","context":"In \"B\u00fccher\"","block_context":{"text":"B\u00fccher","link":"https:\/\/dirkpeters.info\/?tag=buecher"},"img":{"alt_text":"","src":"","width":0,"height":0},"classes":[]}],"jetpack_sharing_enabled":true,"jetpack_likes_enabled":true,"_links":{"self":[{"href":"https:\/\/dirkpeters.info\/index.php?rest_route=\/wp\/v2\/pages\/380","targetHints":{"allow":["GET"]}}],"collection":[{"href":"https:\/\/dirkpeters.info\/index.php?rest_route=\/wp\/v2\/pages"}],"about":[{"href":"https:\/\/dirkpeters.info\/index.php?rest_route=\/wp\/v2\/types\/page"}],"author":[{"embeddable":true,"href":"https:\/\/dirkpeters.info\/index.php?rest_route=\/wp\/v2\/users\/1"}],"replies":[{"embeddable":true,"href":"https:\/\/dirkpeters.info\/index.php?rest_route=%2Fwp%2Fv2%2Fcomments&post=380"}],"version-history":[{"count":11,"href":"https:\/\/dirkpeters.info\/index.php?rest_route=\/wp\/v2\/pages\/380\/revisions"}],"predecessor-version":[{"id":4155,"href":"https:\/\/dirkpeters.info\/index.php?rest_route=\/wp\/v2\/pages\/380\/revisions\/4155"}],"up":[{"embeddable":true,"href":"https:\/\/dirkpeters.info\/index.php?rest_route=\/wp\/v2\/pages\/363"}],"wp:attachment":[{"href":"https:\/\/dirkpeters.info\/index.php?rest_route=%2Fwp%2Fv2%2Fmedia&parent=380"}],"curies":[{"name":"wp","href":"https:\/\/api.w.org\/{rel}","templated":true}]}}