{"id":354,"date":"2017-05-09T22:24:47","date_gmt":"2017-05-09T20:24:47","guid":{"rendered":"http:\/\/test.dirkpeters.net\/?page_id=354"},"modified":"2017-05-23T20:03:54","modified_gmt":"2017-05-23T18:03:54","slug":"gothaisches-genealogisches-taschenbuch-der-freiherrlichen-haeuser","status":"publish","type":"page","link":"https:\/\/dirkpeters.info\/?page_id=354","title":{"rendered":"Gothaisches Genealogisches Taschenbuch der freiherrlichen H\u00e4user"},"content":{"rendered":"<p><a href=\"http:\/\/digital.ub.uni-duesseldorf.de\/download\/pdf\/1236530?name=Verzeichnis%20s%C3%A4mtlicher%20Geschlechter%20die%20im%20Gothaischen%20Hofkalender%20und%20in%20den%20Ge\"><\/p>\n<p style=\"text-align:center; padding: 5px; background:#EFEFEF; border: 1px solid;\"><strong>Verzeichnis s\u00e4mtlicher Geschlechter, die im Gothaischen Hofkalender und in den Genealogischen Taschenb\u00fcchern enthalten sind.<\/strong><\/p>\n<p><\/a><img data-recalc-dims=\"1\" loading=\"lazy\" decoding=\"async\" data-attachment-id=\"356\" data-permalink=\"https:\/\/dirkpeters.info\/?attachment_id=356\" data-orig-file=\"https:\/\/i0.wp.com\/dirkpeters.info\/wp-content\/uploads\/2017\/05\/gotha_freiherren.jpg?fit=770%2C1161&ssl=1\" data-orig-size=\"770,1161\" data-comments-opened=\"1\" data-image-meta=\"{&quot;aperture&quot;:&quot;0&quot;,&quot;credit&quot;:&quot;&quot;,&quot;camera&quot;:&quot;&quot;,&quot;caption&quot;:&quot;&quot;,&quot;created_timestamp&quot;:&quot;0&quot;,&quot;copyright&quot;:&quot;&quot;,&quot;focal_length&quot;:&quot;0&quot;,&quot;iso&quot;:&quot;0&quot;,&quot;shutter_speed&quot;:&quot;0&quot;,&quot;title&quot;:&quot;&quot;,&quot;orientation&quot;:&quot;0&quot;}\" data-image-title=\"gotha_freiherren\" data-image-description=\"\" data-image-caption=\"\" data-large-file=\"https:\/\/i0.wp.com\/dirkpeters.info\/wp-content\/uploads\/2017\/05\/gotha_freiherren.jpg?fit=679%2C1024&ssl=1\" src=\"https:\/\/i0.wp.com\/test.dirkpeters.net\/wp-content\/uploads\/2017\/05\/gotha_freiherren-679x1024.jpg?resize=300%2C450\" alt=\"Gotha Freiherren\" width=\"300\" height=\"450\" class=\"alignright size-large wp-image-356\" style=\"padding:10px;margin:10px;border:1px solid;\" srcset=\"https:\/\/i0.wp.com\/dirkpeters.info\/wp-content\/uploads\/2017\/05\/gotha_freiherren.jpg?resize=199%2C300&ssl=1 199w, https:\/\/i0.wp.com\/dirkpeters.info\/wp-content\/uploads\/2017\/05\/gotha_freiherren.jpg?zoom=2&resize=300%2C450&ssl=1 600w\" sizes=\"auto, (max-width: 300px) 100vw, 300px\" \/>Das Gothaische Genealogische Taschenbuch der freiherrlichen H\u00e4user erschien zwischen 1848 und 1942 im Verlag Justus Perthes in Gotha.<\/p>\n<ul>\n<li><a href=\"http:\/\/books.google.com\/books?id=DUtNAAAAcAAJ\">1848 \u2013 1. Jahrgang<\/a><\/li>\n<li><a href=\"http:\/\/www.nbn-resolving.de\/urn:nbn:de:bvb:12-bsb10917696-9\">1849 \u2013 2. Jahrgang<\/a><\/li>\n<li><a href=\"http:\/\/www.nbn-resolving.de\/urn:nbn:de:bvb:12-bsb10917697-4\">1853 \u2013 3. Jahrgang<\/a><\/li>\n<li><a href=\"http:\/\/www.nbn-resolving.de\/urn:nbn:de:bvb:12-bsb10917698-0\">1854 \u2013 4. Jahrgang<\/a><\/li>\n<li><a href=\"http:\/\/digital.ub.uni-duesseldorf.de\/ihd\/periodical\/structure\/8419519?query=Genealogie\">1855 \u2013 5. Jahrgang<\/a>\u00a0<a href=\"http:\/\/digital.ub.uni-duesseldorf.de\/download\/pdf\/8419519?name=%2520auf%2520das%2520Jahr%25201855.%2520F%25C3%25BCnfter%2520Jahrgang.\" title=\"[176,62\u00a0mb]\"> [PDF] <\/a><\/li>\n<li><a href=\"http:\/\/digital.ub.uni-duesseldorf.de\/ihd\/periodical\/structure\/8402088?query=Genealogie\">1856 \u2013 6. Jahrgang<\/a>\u00a0<a href=\"http:\/\/digital.ub.uni-duesseldorf.de\/download\/pdf\/8402088?name=%2520auf%2520das%2520Jahr%25201856.%2520Sechster%2520Jahrgang.\" title=\"[207,08\u00a0mb]\"> [PDF] <\/a><\/li>\n<li><a href=\"http:\/\/digital.ub.uni-duesseldorf.de\/ihd\/periodical\/structure\/8374834?query=Genealogie\">1857 \u2013 7. Jahrgang<\/a>\u00a0<a href=\"http:\/\/digital.ub.uni-duesseldorf.de\/download\/pdf\/8374834?name=%2520auf%2520das%2520Jahr%25201857.%2520Siebenter%2520Jahrgang.\" title=\"[213,57\u00a0mb]\"> [PDF] <\/a><\/li>\n<li><a href=\"http:\/\/digital.ub.uni-duesseldorf.de\/ihd\/periodical\/structure\/8032189?query=Genealogie\">1858 \u2013 8. Jahrgang<\/a>\u00a0<a href=\"http:\/\/digital.ub.uni-duesseldorf.de\/download\/pdf\/8032189?name=%2520auf%2520das%2520Jahr%25201858.%2520Achter%2520Jahrgang.\" title=\"[237,31\u00a0mb]\"> [PDF] <\/a><\/li>\n<li><a href=\"http:\/\/digital.ub.uni-duesseldorf.de\/ihd\/periodical\/structure\/8119885?query=Genealogie\">1859 \u2013 9. Jahrgang<\/a>\u00a0<a href=\"http:\/\/digital.ub.uni-duesseldorf.de\/download\/pdf\/8119885?name=%2520auf%2520das%2520Jahr%25201859.%2520Neunter%2520Jahrgang.\" title=\"[226,94\u00a0mb]\"> [PDF] <\/a><\/li>\n<li><a href=\"http:\/\/digital.ub.uni-duesseldorf.de\/ihd\/periodical\/structure\/8546230?query=Genealogie\">1860 \u2013 10. Jahrgang<\/a>\u00a0<a href=\"http:\/\/digital.ub.uni-duesseldorf.de\/download\/pdf\/8546230?name=%2520auf%2520das%2520Jahr%25201860.%2520Zehnter%2520Jahrgang.\" title=\"[257,50\u00a0mb]\"> [PDF] <\/a><\/li>\n<li><a href=\"http:\/\/digital.ub.uni-duesseldorf.de\/ihd\/periodical\/structure\/8119971?query=Genealogie\">1861 \u2013 11. Jahrgang<\/a>\u00a0<a href=\"http:\/\/digital.ub.uni-duesseldorf.de\/download\/pdf\/8119971?name=%2520auf%2520das%2520Jahr%25201861.%2520Elfter%2520Jahrgang.\" title=\"[254,61\u00a0mb]\"> [PDF] <\/a><\/li>\n<li><a href=\"http:\/\/digital.ub.uni-duesseldorf.de\/ihd\/periodical\/structure\/8603261?query=Genealogie\">1862 \u2013 12. Jahrgang<\/a>\u00a0<a href=\"http:\/\/digital.ub.uni-duesseldorf.de\/download\/pdf\/8603261?name=%2520auf%2520das%2520Jahr%25201862.%2520Zw%25C3%25B6lfter%2520Jahrgang.\" title=\"[240,75\u00a0mb]\"> [PDF] <\/a><\/li>\n<li><a href=\"http:\/\/www.mdz-nbn-resolving.de\/urn\/resolver.pl?urn=urn:nbn:de:bvb:12-bsb10620157-6\">1863 \u2013 13. Jahrgang<\/a><\/li>\n<li><a href=\"http:\/\/digital.ub.uni-duesseldorf.de\/ihd\/periodical\/structure\/8145921?query=Genealogie\">1864 \u2013 14. Jahrgang<\/a>\u00a0<a href=\"http:\/\/digital.ub.uni-duesseldorf.de\/download\/pdf\/8145921?name=%2520auf%2520das%2520Jahr%25201864.%2520Vierzehnter%2520Jahrgang.\" title=\"[231,91\u00a0mb]\"> [PDF] <\/a><\/li>\n<li><a href=\"http:\/\/digital.ub.uni-duesseldorf.de\/ihd\/periodical\/structure\/8156127?query=Genealogie\">1865 \u2013 15. Jahrgang<\/a>\u00a0<a href=\"http:\/\/digital.ub.uni-duesseldorf.de\/download\/pdf\/8156127?name=%2520auf%2520das%2520Jahr%25201865.%2520F%25C3%25BCnfzehnter%2520Jahrgang.\" title=\"[258,27\u00a0mb]\"> [PDF] <\/a><\/li>\n<li><a href=\"http:\/\/digital.ub.uni-duesseldorf.de\/ihd\/periodical\/structure\/8541963?query=Genealogie\">1866 \u2013 16. Jahrgang<\/a>\u00a0<a href=\"http:\/\/digital.ub.uni-duesseldorf.de\/download\/pdf\/8541963?name=%2520auf%2520das%2520Jahr%25201866.%2520Sechzehnter%2520Jahrgang.\" title=\"[237,06\u00a0mb]\"> [PDF] <\/a><\/li>\n<li><a href=\"http:\/\/digital.ub.uni-duesseldorf.de\/ihd\/periodical\/structure\/8655227?query=Genealogie\">1867 \u2013 17. Jahrgang<\/a>\u00a0<a href=\"http:\/\/digital.ub.uni-duesseldorf.de\/download\/pdf\/8655227?name=%2520auf%2520das%2520Jahr%25201867.%2520Siebzehnter%2520Jahrgang.\" title=\"[246,14\u00a0mb]\"> [PDF] <\/a><\/li>\n<li><a href=\"http:\/\/digital.ub.uni-duesseldorf.de\/ihd\/periodical\/structure\/8691120?query=Genealogie\">1868 \u2013 18. Jahrgang<\/a>\u00a0<a href=\"http:\/\/digital.ub.uni-duesseldorf.de\/download\/pdf\/8691120?name=%2520auf%2520das%2520Jahr%25201868.%2520Achtzehnter%2520Jahrgang.\" title=\"[258,20\u00a0mb]\"> [PDF] <\/a><\/li>\n<li><a href=\"http:\/\/digital.ub.uni-duesseldorf.de\/ihd\/periodical\/structure\/8491298?query=Genealogie\">1869 \u2013 19. Jahrgang<\/a>\u00a0<a href=\"http:\/\/digital.ub.uni-duesseldorf.de\/download\/pdf\/8491298?name=%2520auf%2520das%2520Jahr%25201869.%2520Neunzehnter%2520Jahrgang.\" title=\"[242,22\u00a0mb]\"> [PDF] <\/a><\/li>\n<li><a href=\"http:\/\/digital.ub.uni-duesseldorf.de\/ihd\/periodical\/structure\/8345824?query=Genealogie\">1870 \u2013 20. Jahrgang<\/a>\u00a0<a href=\"http:\/\/digital.ub.uni-duesseldorf.de\/download\/pdf\/8345824?name=%2520auf%2520das%2520Jahr%25201870.%2520Zwanzigster%2520Jahrgang.\" title=\"[235,52\u00a0mb]\"> [PDF] <\/a><\/li>\n<li><a href=\"http:\/\/digital.ub.uni-duesseldorf.de\/ihd\/periodical\/structure\/8387624?query=Genealogie\">1871 \u2013 21. Jahrgang<\/a>\u00a0<a href=\"http:\/\/digital.ub.uni-duesseldorf.de\/download\/pdf\/8387624?name=%2520auf%2520das%2520Jahr%25201871.%2520Ein%2520und%2520zwanzigster%2520Jahrgang.\" title=\"[191,31\u00a0mb]\"> [PDF] <\/a><\/li>\n<li><a href=\"http:\/\/digital.ub.uni-duesseldorf.de\/ihd\/periodical\/structure\/8573088?query=Genealogie\">1872 \u2013 22. Jahrgang<\/a>\u00a0<a href=\"http:\/\/digital.ub.uni-duesseldorf.de\/download\/pdf\/8573088?name=1872.%2520Zwei%2520und%2520zwanzigster%2520Jahrgang.\" title=\"[198,71\u00a0mb]\"> [PDF] <\/a><\/li>\n<li><a href=\"http:\/\/digital.ub.uni-duesseldorf.de\/ihd\/periodical\/structure\/8469169?query=Genealogie\">1873 \u2013 23. Jahrgang<\/a>\u00a0<a href=\"http:\/\/digital.ub.uni-duesseldorf.de\/download\/pdf\/8469169?name=%2520auf%2520das%2520Jahr%25201873.%2520Drei%2520und%2520zwanzigster%2520Jahrgang.\" title=\"[196,77\u00a0mb]\"> [PDF] <\/a><\/li>\n<li><a href=\"http:\/\/digital.ub.uni-duesseldorf.de\/ihd\/periodical\/structure\/8668182?query=Genealogie\">1874 \u2013 24. Jahrgang<\/a>\u00a0<a href=\"http:\/\/digital.ub.uni-duesseldorf.de\/download\/pdf\/8668182?name=1874.%2520Vier%2520und%2520zwanzigster%2520Jahrgang.\" title=\"[211,48\u00a0mb]\"> [PDF] <\/a><\/li>\n<li><a href=\"http:\/\/books.google.com\/books?id=5L0TAAAAYAAJ&pg=PR1#v=onepage&q&f=false\">1875 \u2013 25. Jahrgang<\/a><\/li>\n<li><a href=\"http:\/\/digital.ub.uni-duesseldorf.de\/ihd\/periodical\/structure\/8254545?query=Genealogie\">1876 \u2013 26. Jahrgang<\/a>\u00a0<a href=\"http:\/\/digital.ub.uni-duesseldorf.de\/download\/pdf\/8254545?name=1876.%2520Sechs%2520und%2520zwanzigster%2520Jahrgang.\" title=\"[216,46\u00a0mb]\"> [PDF] <\/a><\/li>\n<li><a href=\"http:\/\/digital.ub.uni-duesseldorf.de\/ihd\/periodical\/structure\/8647699?query=Genealogie\">1877 \u2013 27. Jahrgang<\/a>\u00a0<a href=\"http:\/\/digital.ub.uni-duesseldorf.de\/download\/pdf\/8647699?name=1877.%2520Sieben%2520und%2520zwanzigster%2520Jahrgang.\" title=\"[233,34\u00a0mb]\"> [PDF] <\/a><\/li>\n<li><a href=\"http:\/\/digital.ub.uni-duesseldorf.de\/ihd\/periodical\/structure\/8701681?query=Genealogie\">1878 \u2013 28. Jahrgang<\/a>\u00a0<a href=\"http:\/\/digital.ub.uni-duesseldorf.de\/download\/pdf\/8701681?name=1878.%2520Acht%2520und%2520zwanzigster%2520Jahrgang.\" title=\"[249,12\u00a0mb]\"> [PDF] <\/a><\/li>\n<li><a href=\"http:\/\/digital.ub.uni-duesseldorf.de\/ihd\/periodical\/structure\/8219854?query=Genealogie\">1879 \u2013 29. Jahrgang<\/a>\u00a0<a href=\"http:\/\/digital.ub.uni-duesseldorf.de\/download\/pdf\/8219854?name=1879.%2520Neun%2520und%2520zwanzigster%2520Jahrgang.\" title=\"[218,07\u00a0mb]\"> [PDF] <\/a><\/li>\n<li><a href=\"http:\/\/digital.ub.uni-duesseldorf.de\/ihd\/periodical\/structure\/8382703?query=Genealogie\">1880 \u2013 30. Jahrgang<\/a>\u00a0<a href=\"http:\/\/digital.ub.uni-duesseldorf.de\/download\/pdf\/8382703?name=1880.%2520Drei%25C3%259Figster%2520Jahrgang.\" title=\"[220,52\u00a0mb]\"> [PDF] <\/a><\/li>\n<li><a href=\"http:\/\/digital.ub.uni-duesseldorf.de\/ihd\/periodical\/structure\/8179072?query=Genealogie\">1881 \u2013 31. Jahrgang<\/a>\u00a0<a href=\"http:\/\/digital.ub.uni-duesseldorf.de\/download\/pdf\/8179072?name=1881.%2520Ein%2520und%2520drei%25C3%259Figster%2520Jahrgang.\" title=\"[218,72\u00a0mb]\"> [PDF] <\/a><\/li>\n<li><a href=\"http:\/\/digital.ub.uni-duesseldorf.de\/ihd\/periodical\/structure\/8415871?query=Genealogie\">1882 \u2013 32. Jahrgang<\/a>\u00a0<a href=\"http:\/\/digital.ub.uni-duesseldorf.de\/download\/pdf\/8415871?name=1882.%2520Zwei%2520und%2520drei%25C3%259Figster%2520Jahrgang.\" title=\"[229,34\u00a0mb]\"> [PDF] <\/a><\/li>\n<li><a href=\"http:\/\/digital.ub.uni-duesseldorf.de\/ihd\/periodical\/structure\/8440562?query=Genealogie\">1883 \u2013 33. Jahrgang<\/a>\u00a0<a href=\"http:\/\/digital.ub.uni-duesseldorf.de\/download\/pdf\/8440562?name=1883.%2520Drei%2520und%2520drei%25C3%259Figster%2520Jahrgang.\" title=\"[228,91\u00a0mb]\"> [PDF] <\/a><\/li>\n<li><a href=\"http:\/\/digital.ub.uni-duesseldorf.de\/ihd\/periodical\/structure\/8724110?query=Genealogie\">1884 \u2013 34. Jahrgang<\/a>\u00a0<a href=\"http:\/\/digital.ub.uni-duesseldorf.de\/download\/pdf\/8724110?name=1884.%2520Vier%2520und%2520drei%25C3%259Figster%2520Jahrgang\" title=\"[239,91\u00a0mb]\"> [PDF] <\/a><\/li>\n<li><a href=\"http:\/\/digital.ub.uni-duesseldorf.de\/ihd\/periodical\/structure\/8831786?query=Genealogie\">1885 \u2013 35. Jahrgang<\/a>\u00a0<a href=\"http:\/\/digital.ub.uni-duesseldorf.de\/download\/pdf\/8831786?name=1885.%2520F%25C3%25BCnf%2520und%2520drei%25C3%259Figster%2520Jahrgang.\" title=\"[259,51\u00a0mb]\"> [PDF] <\/a><\/li>\n<li><a href=\"http:\/\/digital.ub.uni-duesseldorf.de\/ihd\/periodical\/structure\/8854157?query=Genealogie\">1886 \u2013 36. Jahrgang<\/a>\u00a0<a href=\"http:\/\/digital.ub.uni-duesseldorf.de\/download\/pdf\/8854157?name=1886.%2520Sechs%2520und%2520drei%25C3%259Figster%2520Jahrgang.\" title=\"[264,11\u00a0mb]\"> [PDF] <\/a><\/li>\n<li><a href=\"http:\/\/digital.ub.uni-duesseldorf.de\/ihd\/periodical\/structure\/8860798?query=Genealogie\">1887 \u2013 37 Jahrgang<\/a>\u00a0<a href=\"http:\/\/digital.ub.uni-duesseldorf.de\/download\/pdf\/8860798?name=1887.%2520Sieben%2520und%2520drei%25C3%259Figster%2520Jahrgang.\" title=\"[244,86\u00a0mb]\"> [PDF] <\/a><\/li>\n<li><a href=\"http:\/\/digital.ub.uni-duesseldorf.de\/ihd\/periodical\/structure\/8863931?query=Genealogie\">1888 \u2013 38. Jahrgang<\/a>\u00a0<a href=\"http:\/\/digital.ub.uni-duesseldorf.de\/download\/pdf\/8863931?name=1888.%2520Acht%2520und%2520drei%25C3%259Figster%2520Jahrgang.\" title=\"[225,56\u00a0mb]\"> [PDF] <\/a><\/li>\n<li><a href=\"http:\/\/digital.ub.uni-duesseldorf.de\/ihd\/periodical\/structure\/8911097?query=Genealogie\">1889 \u2013 39. Jahrgang<\/a>\u00a0<a href=\"http:\/\/digital.ub.uni-duesseldorf.de\/download\/pdf\/8911097?name=1889.%2520Neun%2520und%2520drei%25C3%259Figster%2520Jahrgang.\" title=\"[232,13\u00a0mb]\"> [PDF] <\/a><\/li>\n<li><a href=\"http:\/\/digital.ub.uni-duesseldorf.de\/ihd\/periodical\/structure\/8900450?query=Genealogie\">1890 \u2013 40. Jahrgang<\/a>\u00a0<a href=\"http:\/\/digital.ub.uni-duesseldorf.de\/download\/pdf\/8900450?name=1890.%2520Vierzigster%2520Jahrgang.\" title=\"[217,13\u00a0mb]\"> [PDF] <\/a><\/li>\n<li><a href=\"http:\/\/digital.ub.uni-duesseldorf.de\/ihd\/periodical\/structure\/8896713?query=Genealogie\">1891 \u2013 41. Jahrgang<\/a>\u00a0<a href=\"http:\/\/digital.ub.uni-duesseldorf.de\/download\/pdf\/8896713?name=1891.%2520Einundvierzigster%2520Jahrgang.\" title=\"[219,07\u00a0mb]\"> [PDF] <\/a><\/li>\n<li><a href=\"http:\/\/digital.ub.uni-duesseldorf.de\/ihd\/periodical\/structure\/8913834?query=Genealogie\">1892 \u2013 42. Jahrgang<\/a>\u00a0<a href=\"http:\/\/digital.ub.uni-duesseldorf.de\/download\/pdf\/8913834?name=1892.%2520Zweiundvierzigster%2520Jahrgang.\" title=\"[236,68\u00a0mb]\"> [PDF] <\/a><\/li>\n<li><a href=\"http:\/\/digital.ub.uni-duesseldorf.de\/ihd\/periodical\/structure\/9194020?query=Genealogie\">1893 \u2013 43. Jahrgang<\/a>\u00a0<a href=\"http:\/\/digital.ub.uni-duesseldorf.de\/download\/pdf\/9194020?name=1893.%2520Dreiundvierzigster%2520Jahrgang.\" title=\"[234,14\u00a0mb]\"> [PDF] <\/a><\/li>\n<li><a href=\"http:\/\/digital.ub.uni-duesseldorf.de\/ihd\/periodical\/structure\/9144222?query=Genealogie\">1894 \u2013 44. Jahrgang<\/a>\u00a0<a href=\"http:\/\/digital.ub.uni-duesseldorf.de\/download\/pdf\/9144222?name=1894.%2520Vierundvierzigster%2520Jahrgang.\" title=\"[230,81\u00a0mb]\"> [PDF] <\/a><\/li>\n<li><a href=\"http:\/\/books.google.com\/books?id=LMUTAAAAYAAJ&pg=PP1#v=onepage&q&f=false\">1896 \u2013 46. Jahrgang<\/a><\/li>\n<li><a href=\"http:\/\/www.archive.org\/download\/gothaischesgen1899491goth\/gothaischesgen1899491goth.pdf\">1899 \u2013 49. Jahrgang Teil 1<\/a><\/li>\n<li><a href=\"http:\/\/www.archive.org\/download\/gothaischesgenea1899492goth\/gothaischesgenea1899492goth.pdf\">1899 \u2013 49. Jahrgang Teil 2<\/a><\/li>\n<li><a href=\"http:\/\/www.archive.org\/download\/gothaischesgenea_a551goth\/gothaischesgenea_a551goth.pdf\">1905 \u2013 55. Jahrgang Teil 1<\/a><\/li>\n<li><a href=\"http:\/\/www.archive.org\/download\/gothaischesgenea552goth\/gothaischesgenea552goth.pdf\">1905 \u2013 55. Jahrgang Teil 2<\/a><\/li>\n<li><a href=\"http:\/\/books.google.com\/books?id=rIEPAAAAYAAJ&pg=PP7#v=onepage&q&f=false\">1908 \u2013 58. Jahrgang<\/a><\/li>\n<li><a href=\"http:\/\/www.archive.org\/download\/gothaischesgenea661goth\/gothaischesgenea661goth.pdf\">1916 \u2013 62. Jahrgang Teil 1<\/a><\/li>\n<li><a href=\"http:\/\/www.archive.org\/download\/gothaischesgene662goth\/gothaischesgene662goth.pdf\">1916 \u2013 62. Jahrgang Teil 2<\/a><\/li>\n<li><a href=\"http:\/\/www.archive.org\/download\/gothaischesgenea692goth\/gothaischesgenea692goth.pdf\">1919 \u2013 69. Jahrgang<\/a><\/li>\n<\/ul>\n","protected":false},"excerpt":{"rendered":"<p>Verzeichnis s\u00e4mtlicher Geschlechter, die im Gothaischen Hofkalender und in den Genealogischen Taschenb\u00fcchern enthalten sind. Das Gothaische Genealogische Taschenbuch der freiherrlichen H\u00e4user erschien zwischen 1848 und 1942 im Verlag Justus Perthes<\/p>\n<div><a href=\"https:\/\/dirkpeters.info\/?page_id=354\" class=\"exp-read-more exp-read-more-underlined\">Read More<\/a><\/div>\n","protected":false},"author":1,"featured_media":0,"parent":123,"menu_order":0,"comment_status":"closed","ping_status":"closed","template":"","meta":{"jetpack_post_was_ever_published":false,"footnotes":"","_links_to":"","_links_to_target":""},"class_list":["post-354","page","type-page","status-publish","hentry"],"jetpack_shortlink":"https:\/\/wp.me\/P8HCXc-5I","jetpack-related-posts":[{"id":346,"url":"https:\/\/dirkpeters.info\/?page_id=346","url_meta":{"origin":354,"position":0},"title":"Gothaisches Genealogisches Taschenbuch der gr\u00e4flichen H\u00e4user","author":"dirkpeters","date":"9. Mai 2017","format":false,"excerpt":"Verzeichnis s\u00e4mtlicher Geschlechter, die im Gothaischen Hofkalender und in den Genealogischen Taschenb\u00fcchern enthalten sind.Das Gothaische genealogische Taschenbuch der gr\u00e4flichen H\u00e4user erschine von 1825 - 1942 im Verlag von Justus Perthes in Gotha. Ab 1923 war es in die Unterreihen A (gerade Jahrg\u00e4nge, Gr\u00e4fliche H\u00e4user des sp\u00e4testens um 1400 nachgewiesenen ritterb\u00fcrtigen\u2026","rel":"","context":"In \"Adel\"","block_context":{"text":"Adel","link":"https:\/\/dirkpeters.info\/?tag=adel"},"img":{"alt_text":"Gotha Grafen","src":"https:\/\/i0.wp.com\/test.dirkpeters.net\/wp-content\/uploads\/2017\/05\/gotha_grafen-694x1024.jpg?resize=350%2C200","width":350,"height":200,"srcset":"https:\/\/i0.wp.com\/test.dirkpeters.net\/wp-content\/uploads\/2017\/05\/gotha_grafen-694x1024.jpg?resize=350%2C200 1x, https:\/\/i0.wp.com\/test.dirkpeters.net\/wp-content\/uploads\/2017\/05\/gotha_grafen-694x1024.jpg?resize=525%2C300 1.5x"},"classes":[]},{"id":351,"url":"https:\/\/dirkpeters.info\/?page_id=351","url_meta":{"origin":354,"position":1},"title":"Gothaisches Genealogisches Taschenbuch der Uradeligen H\u00e4user","author":"dirkpeters","date":"9. Mai 2017","format":false,"excerpt":"Verzeichnis s\u00e4mtlicher Geschlechter, die im Gothaischen Hofkalender und in den Genealogischen Taschenb\u00fcchern enthalten sind. Das Gothaisches Genealogisches Taschenbuch der Uradeligen H\u00e4user erschien zwischen 1900 und 1942 im Verlag von Justus Perthes in Gotha. Von 1900 bis 1906 erschien es als Gothaisches Genealogisches Taschenbuch der Adeligen H\u00e4user, von 1907 bis 1919\u2026","rel":"","context":"In \"Adel\"","block_context":{"text":"Adel","link":"https:\/\/dirkpeters.info\/?tag=adel"},"img":{"alt_text":"","src":"https:\/\/i0.wp.com\/dirkpeters.info\/wp-content\/uploads\/2018\/10\/Adel-A-1908-644x1024.jpg?resize=350%2C200","width":350,"height":200,"srcset":"https:\/\/i0.wp.com\/dirkpeters.info\/wp-content\/uploads\/2018\/10\/Adel-A-1908-644x1024.jpg?resize=350%2C200 1x, https:\/\/i0.wp.com\/dirkpeters.info\/wp-content\/uploads\/2018\/10\/Adel-A-1908-644x1024.jpg?resize=525%2C300 1.5x"},"classes":[]},{"id":123,"url":"https:\/\/dirkpeters.info\/?page_id=123","url_meta":{"origin":354,"position":2},"title":"Service","author":"dirkpeters","date":"6. Mai 2017","format":false,"excerpt":"A Adel im Netz Ahnenlisten aus dem Ahnenlistenumlauf, 21 Microfilmrollen Ahnenreihen aus allen Deutschen Gauen Ahnenreihenwerk Geschwister Fischer Die Ahnenstammkartei des deutschen Volkes: Teil I, gesamt 638 Mikrofilmrollen Die Ahnenstammkartei des deutschen Volkes: Teil II, Ahnenlisten, gesamt 576 Mikrofilmrollen Ahnentafel Peters Akten des preu\u00df. Heroldsamtes Altpreu\u00dfische Geschlechterkunde Armorial et nobiliaire\u2026","rel":"","context":"In \"Links\"","block_context":{"text":"Links","link":"https:\/\/dirkpeters.info\/?tag=links"},"img":{"alt_text":"","src":"","width":0,"height":0},"classes":[]},{"id":366,"url":"https:\/\/dirkpeters.info\/?page_id=366","url_meta":{"origin":354,"position":3},"title":"Meine Genealogische Bibliothek &#8211; Sammelwerke","author":"dirkpeters","date":"9. Mai 2017","format":false,"excerpt":"Deutsches Geschlechterbuch Bde. 1-87 (CD's) - C. A. Starke Verlag Genealogisches Handbuch des Adels Reihe - C. A. Starke Verlag Adelige H\u00e4user A Bde. 1 - 8, 12, 14, 18 Adelige H\u00e4user B Bd. 1 Adelige H\u00e4user Bde. 34 - 36 Freiherrliche H\u00e4user A Bde. 1 - 6, 12 Freiherrliche\u2026","rel":"","context":"In \"B\u00fccher\"","block_context":{"text":"B\u00fccher","link":"https:\/\/dirkpeters.info\/?tag=buecher"},"img":{"alt_text":"","src":"","width":0,"height":0},"classes":[]},{"id":3633,"url":"https:\/\/dirkpeters.info\/?page_id=3633","url_meta":{"origin":354,"position":4},"title":"Erz\u00e4hlende genealogische Stammtafeln zur europ\u00e4ischen Geschichte","author":"dirkpeters","date":"14. Dezember 2019","format":false,"excerpt":"Autor: Andreas Thiele Verlag: R. G. Fischer Verlag Inhaltsverzeichnis der einzelnen B\u00e4nde Band I Teilband 1: Deutsche Kaiser-, K\u00f6nigs-, Herzogs- und Grafenh\u00e4user I 4. Auflage 2003 Die Merowinger, Frankenk\u00f6nige bis 751 Die Karolinger, Hausmeier, K\u00f6nige und Kaiser Die fr\u00fchen Robertiner im \u00dcberblick Die Konradiner, Herz\u00f6ge v. Franken u. Schwaben, K\u00f6nige\u2026","rel":"","context":"In \"B\u00fccher\"","block_context":{"text":"B\u00fccher","link":"https:\/\/dirkpeters.info\/?tag=buecher"},"img":{"alt_text":"","src":"https:\/\/i0.wp.com\/dirkpeters.info\/wp-content\/uploads\/2019\/09\/es.jpg?fit=348%2C500&ssl=1&resize=350%2C200","width":350,"height":200},"classes":[]},{"id":397,"url":"https:\/\/dirkpeters.info\/?page_id=397","url_meta":{"origin":354,"position":5},"title":"Meine genealogische Bibliothek &#8211; Zeitschriften und Jahrb\u00fccher","author":"dirkpeters","date":"10. Mai 2017","format":false,"excerpt":"AMF Mitteldeutsche Familiengeschichte, Bd. V. 1976-1979 Zeitschrift f\u00fcr Mitteldeutsche Familiengeschichte, seit 2008 BGG Brandenburgische Genealogische Nachrichten ab 2006 Brandenburgisches Genealogisches Jahrbuch ab Bd. 1 Compgen Computergenealogie, 2005 - 2014 Pommerscher Greif Sedina Archiv ab 2014 Verein f\u00fcr mecklenburgische Familien- und Personengeschichte e. V. Mitteilungen des Vereins f\u00fcr mecklenburgische Familien- und\u2026","rel":"","context":"In \"AMF\"","block_context":{"text":"AMF","link":"https:\/\/dirkpeters.info\/?tag=amf"},"img":{"alt_text":"","src":"","width":0,"height":0},"classes":[]}],"jetpack_sharing_enabled":true,"jetpack_likes_enabled":true,"_links":{"self":[{"href":"https:\/\/dirkpeters.info\/index.php?rest_route=\/wp\/v2\/pages\/354","targetHints":{"allow":["GET"]}}],"collection":[{"href":"https:\/\/dirkpeters.info\/index.php?rest_route=\/wp\/v2\/pages"}],"about":[{"href":"https:\/\/dirkpeters.info\/index.php?rest_route=\/wp\/v2\/types\/page"}],"author":[{"embeddable":true,"href":"https:\/\/dirkpeters.info\/index.php?rest_route=\/wp\/v2\/users\/1"}],"replies":[{"embeddable":true,"href":"https:\/\/dirkpeters.info\/index.php?rest_route=%2Fwp%2Fv2%2Fcomments&post=354"}],"version-history":[{"count":5,"href":"https:\/\/dirkpeters.info\/index.php?rest_route=\/wp\/v2\/pages\/354\/revisions"}],"predecessor-version":[{"id":1580,"href":"https:\/\/dirkpeters.info\/index.php?rest_route=\/wp\/v2\/pages\/354\/revisions\/1580"}],"up":[{"embeddable":true,"href":"https:\/\/dirkpeters.info\/index.php?rest_route=\/wp\/v2\/pages\/123"}],"wp:attachment":[{"href":"https:\/\/dirkpeters.info\/index.php?rest_route=%2Fwp%2Fv2%2Fmedia&parent=354"}],"curies":[{"name":"wp","href":"https:\/\/api.w.org\/{rel}","templated":true}]}}