{"id":346,"date":"2017-05-09T21:45:38","date_gmt":"2017-05-09T19:45:38","guid":{"rendered":"http:\/\/test.dirkpeters.net\/?page_id=346"},"modified":"2017-05-23T20:04:23","modified_gmt":"2017-05-23T18:04:23","slug":"gothaisches-genealogisches-taschenbuch-der-graeflichen-haeuser","status":"publish","type":"page","link":"https:\/\/dirkpeters.info\/?page_id=346","title":{"rendered":"Gothaisches Genealogisches Taschenbuch der gr\u00e4flichen H\u00e4user"},"content":{"rendered":"<p><a href=\"http:\/\/digital.ub.uni-duesseldorf.de\/download\/pdf\/1236530?name=Verzeichnis%20s%C3%A4mtlicher%20Geschlechter%20die%20im%20Gothaischen%20Hofkalender%20und%20in%20den%20Ge\"><\/p>\n<p style=\"text-align:center; padding: 5px; background:#EFEFEF; border: 1px solid;\"><strong>Verzeichnis s\u00e4mtlicher Geschlechter, die im Gothaischen Hofkalender und in den Genealogischen Taschenb\u00fcchern enthalten sind.<\/strong><\/p>\n<p><\/a><img data-recalc-dims=\"1\" loading=\"lazy\" decoding=\"async\" width=\"694\" height=\"1024\" data-attachment-id=\"360\" data-permalink=\"https:\/\/dirkpeters.info\/?attachment_id=360\" data-orig-file=\"https:\/\/i0.wp.com\/dirkpeters.info\/wp-content\/uploads\/2017\/05\/gotha_grafen.jpg?fit=769%2C1135&ssl=1\" data-orig-size=\"769,1135\" data-comments-opened=\"1\" data-image-meta=\"{&quot;aperture&quot;:&quot;0&quot;,&quot;credit&quot;:&quot;&quot;,&quot;camera&quot;:&quot;&quot;,&quot;caption&quot;:&quot;&quot;,&quot;created_timestamp&quot;:&quot;0&quot;,&quot;copyright&quot;:&quot;&quot;,&quot;focal_length&quot;:&quot;0&quot;,&quot;iso&quot;:&quot;0&quot;,&quot;shutter_speed&quot;:&quot;0&quot;,&quot;title&quot;:&quot;&quot;,&quot;orientation&quot;:&quot;0&quot;}\" data-image-title=\"gotha_grafen\" data-image-description=\"\" data-image-caption=\"\" data-large-file=\"https:\/\/i0.wp.com\/dirkpeters.info\/wp-content\/uploads\/2017\/05\/gotha_grafen.jpg?fit=694%2C1024&ssl=1\" src=\"https:\/\/i0.wp.com\/test.dirkpeters.net\/wp-content\/uploads\/2017\/05\/gotha_grafen-694x1024.jpg?resize=694%2C1024\" alt=\"Gotha Grafen\" style=\"width:300px; padding: 10px; margin: 10px; border: 1px solid;\" class=\"alignright size-large wp-image-360\" srcset=\"https:\/\/i0.wp.com\/dirkpeters.info\/wp-content\/uploads\/2017\/05\/gotha_grafen.jpg?resize=694%2C1024&ssl=1 694w, https:\/\/i0.wp.com\/dirkpeters.info\/wp-content\/uploads\/2017\/05\/gotha_grafen.jpg?resize=203%2C300&ssl=1 203w, https:\/\/i0.wp.com\/dirkpeters.info\/wp-content\/uploads\/2017\/05\/gotha_grafen.jpg?resize=768%2C1134&ssl=1 768w, https:\/\/i0.wp.com\/dirkpeters.info\/wp-content\/uploads\/2017\/05\/gotha_grafen.jpg?w=769&ssl=1 769w\" sizes=\"auto, (max-width: 694px) 100vw, 694px\" \/>Das Gothaische genealogische Taschenbuch der gr\u00e4flichen H\u00e4user erschine von 1825 \u2013 1942 im Verlag von Justus Perthes in Gotha. Ab 1923 war es in die Unterreihen A (gerade Jahrg\u00e4nge, Gr\u00e4fliche H\u00e4user des sp\u00e4testens um 1400 nachgewiesenen ritterb\u00fcrtigen deutschen Landadels und B (ungerade Jahrg\u00e4nge, Gr\u00e4fliche H\u00e4user des seit Anfang des 15. Jh. bis zur Neuzeit nachgewiesenen deutschen und \u00f6sterreich-ungarischen Erbadels.<\/p>\n<ul>\n<li>Band 02.<a href=\"http:\/\/hdl.handle.net\/2027\/nyp.33433081806329\" target=\"_blank\"> (1826)<\/a><\/li>\n<li>Band 04.<a href=\"http:\/\/books.google.com\/books?id=1LcTAAAAYAAJ&hl=de&pg=PA1#v=onepage&q&f=false\" target=\"_blank\"> (1828)<\/a><\/li>\n<li>Band 05.<a href=\"http:\/\/hdl.handle.net\/2027\/nyp.33433081806303\" target=\"_blank\"> (1829)<\/a><\/li>\n<li>Band 06.<a href=\"http:\/\/hdl.handle.net\/2027\/nyp.33433081806410\" target=\"_blank\"> (1831)<\/a><\/li>\n<li>Band 07.<a href=\"http:\/\/hdl.handle.net\/2027\/nyp.33433081806337\" target=\"_blank\"> (1833)<\/a><\/li>\n<li>Band 08.<a href=\"http:\/\/hdl.handle.net\/2027\/nyp.33433081806279\" target=\"_blank\"> (1835)<\/a><\/li>\n<li>Band 09.<a href=\"http:\/\/hdl.handle.net\/2027\/nyp.33433081806261\" target=\"_blank\"> (1836)<\/a><\/li>\n<li>Band 10.<a href=\"http:\/\/hdl.handle.net\/2027\/nyp.33433081806352\" target=\"_blank\"> (1837)<\/a><\/li>\n<li>Band 11.<a href=\"http:\/\/hdl.handle.net\/2027\/nyp.33433081806436\" target=\"_blank\"> (1838)<\/a><\/li>\n<li>Band 12.<a href=\"http:\/\/hdl.handle.net\/2027\/nyp.33433081806428\" target=\"_blank\"> (1839)<\/a><\/li>\n<li>Band 13.<a href=\"http:\/\/hdl.handle.net\/2027\/nyp.33433081806378\" target=\"_blank\"> (1840)<\/a><\/li>\n<li>Band 14.<a href=\"http:\/\/hdl.handle.net\/2027\/nyp.33433081806287\" target=\"_blank\"> (1841)<\/a><\/li>\n<li>Band 15.<a href=\"http:\/\/hdl.handle.net\/2027\/nyp.33433081806345\" target=\"_blank\"> (1842)<\/a><\/li>\n<li>Band 17.<a href=\"http:\/\/hdl.handle.net\/2027\/nyp.33433081806295\" target=\"_blank\"> (1844)<\/a><\/li>\n<li>Band 19.<a href=\"http:\/\/hdl.handle.net\/2027\/nyp.33433081806501\" target=\"_blank\"> (1846)<\/a><\/li>\n<li>Band 20.<a href=\"http:\/\/books.google.com\/books?id=WcITAAAAYAAJ&dq=related%3AOCLC17849854&lr&as_brr=1&pg=PP13#v=onepage&q&f=false\" target=\"_blank\"> (1847)<\/a><\/li>\n<li>Band 21.<a href=\"http:\/\/hdl.handle.net\/2027\/nyp.33433081806527\" target=\"_blank\"> (1848)<\/a><\/li>\n<li>Band 22.<a href=\"http:\/\/hdl.handle.net\/2027\/nyp.33433081806493\" target=\"_blank\"> (1849)<\/a><\/li>\n<li>Band 24.<a href=\"http:\/\/hdl.handle.net\/2027\/nyp.33433081806550\" target=\"_blank\"> (1851)<\/a><\/li>\n<li>Band 25.<a href=\"http:\/\/hdl.handle.net\/2027\/nyp.33433081806568\" target=\"_blank\"> (1852)<\/a><\/li>\n<li>Band 26.<a href=\"http:\/\/hdl.handle.net\/2027\/nyp.33433081806592\" target=\"_blank\"> (1853)<\/a><\/li>\n<li>Band 27.<a href=\"http:\/\/hdl.handle.net\/2027\/nyp.33433081806576\" target=\"_blank\"> (1854)<\/a><\/li>\n<li>Band 28.<a href=\"http:\/\/www.mdz-nbn-resolving.de\/urn\/resolver.pl?urn=urn:nbn:de:bvb:12-bsb10428685-7\">1855)<\/a><\/li>\n<li>Band 30.<a href=\"http:\/\/www.mdz-nbn-resolving.de\/urn\/resolver.pl?urn=urn:nbn:de:bvb:12-bsb10428686-3\">1857)<\/a><\/li>\n<li>Band 31.<a href=\"http:\/\/www.mdz-nbn-resolving.de\/urn\/resolver.pl?urn=urn:nbn:de:bvb:12-bsb10428687-8\">1858)<\/a><\/li>\n<li>Band 32.<a href=\"http:\/\/reader.digitale-sammlungen.de\/resolve\/display\/bsb10715814.html\" target=\"_blank\"> (1859)<\/a><\/li>\n<li>Band 33.<a href=\"http:\/\/www.mdz-nbn-resolving.de\/urn\/resolver.pl?urn=urn:nbn:de:bvb:12-bsb10428688-3\">1860)<\/a><\/li>\n<li>Band 34.<a href=\"http:\/\/www.mdz-nbn-resolving.de\/urn\/resolver.pl?urn=urn:nbn:de:bvb:12-bsb10428689-4\">1861)<\/a><\/li>\n<li>Band 35.<a href=\"http:\/\/hdl.handle.net\/2027\/nyp.33433081806451\" target=\"_blank\"> (1862)<\/a><\/li>\n<li>Band 36.<a href=\"http:\/\/www.mdz-nbn-resolving.de\/urn\/resolver.pl?urn=urn:nbn:de:bvb:12-bsb10428690-1\">1863)<\/a><\/li>\n<li>Band 37.<a href=\"http:\/\/www.mdz-nbn-resolving.de\/urn\/resolver.pl?urn=urn:nbn:de:bvb:12-bsb10428691-7\">1864)<\/a><\/li>\n<li>Band 38.<a href=\"http:\/\/www.mdz-nbn-resolving.de\/urn\/resolver.pl?urn=urn:nbn:de:bvb:12-bsb10428692-2\">1865)<\/a><\/li>\n<li>Band 39.<a href=\"http:\/\/hdl.handle.net\/2027\/nyp.33433081806485\" target=\"_blank\"> (1866)<\/a><\/li>\n<li>Band 41.<a href=\"http:\/\/www.mdz-nbn-resolving.de\/urn\/resolver.pl?urn=urn:nbn:de:bvb:12-bsb10428693-8\">1868)<\/a><\/li>\n<li>Band 44.<a href=\"http:\/\/hdl.handle.net\/2027\/nyp.33433081806667\" target=\"_blank\"> (1871)<\/a><\/li>\n<li>Band 47.<a href=\"http:\/\/wiki-commons.genealogy.net\/images\/d\/d5\/Gothaisches_Genealogisches_Taschenbuch_der_Graeflichen_Haeuser_1874.djvu\" target=\"_blank\"> (1874)<\/a><\/li>\n<li>Band 48.<a href=\"http:\/\/books.google.com\/books?id=CnEPAAAAYAAJ&pg=PP9#v=onepage&q&f=false\" target=\"_blank\"> (1875)<\/a><\/li>\n<li>Band 52.<a href=\"http:\/\/wiki-commons.genealogy.net\/images\/7\/7a\/Gothaisches_Genealogisches_Taschenbuch_der_Graeflichen_Haeuser_1879.djvu\" target=\"_blank\"> (1879)<\/a><\/li>\n<li>Band 54.<a href=\"http:\/\/books.google.com\/books?id=wWwPAAAAYAAJ&pg=PR5#v=onepage&q&f=false\" target=\"_blank\"> (1881)<\/a><\/li>\n<li>Band 55.<a href=\"http:\/\/books.google.com\/books?id=GmoPAAAAYAAJ&pg=PP7#v=onepage&q&f=false\" target=\"_blank\"> (1882)<\/a><\/li>\n<li>Band 57.<a href=\"http:\/\/books.google.com\/books?id=bWwPAAAAYAAJ&pg=PR5#v=onepage&q&f=false\" target=\"_blank\"> (1884)<\/a><\/li>\n<li>Band 62.<a href=\"http:\/\/books.google.com\/books?id=-n4PAAAAYAAJ&dq=von%20krassow&hl=de&pg=PA642#v=onepage&q=von%20krassow&f=false\" target=\"_blank\"> (1893)<\/a><\/li>\n<li>Band 64.<a href=\"http:\/\/books.google.com\/books?id=RGYPAAAAYAAJ&pg=PP7#v=onepage&q&f=false\" target=\"_blank\"> (1891)<\/a><\/li>\n<li>Band 65.<a href=\"http:\/\/books.google.com\/books?id=In4PAAAAYAAJ&pg=PP1#v=onepage&q&f=false\" target=\"_blank\"> (1892)<\/a><\/li>\n<li>Band 66.<a href=\"http:\/\/books.google.com\/books?id=Yc51AAAAMAAJ&pg=PP7#v=onepage&q&f=false\" target=\"_blank\"> (1893)<\/a><\/li>\n<li>Band 67.<a href=\"http:\/\/books.google.com\/books?id=24oPAAAAYAAJ&pg=PP7#v=onepage&q&f=false\" target=\"_blank\"> (1894)<\/a><\/li>\n<li>Band 69.<a href=\"http:\/\/books.google.com\/books?id=LMUTAAAAYAAJ&pg=PP1#v=onepage&q&f=false\" target=\"_blank\"> (1896)<\/a><\/li>\n<li>Band 70.<a href=\"http:\/\/books.google.com\/books?id=csgTAAAAYAAJ&pg=PP1#v=onepage&q&f=false\" target=\"_blank\"> (1897)<\/a><\/li>\n<li>Band 71.<a href=\"http:\/\/books.google.com\/books?id=t8UTAAAAYAAJ&pg=PP11#v=onepage&q&f=false\" target=\"_blank\"> (1898)<\/a><\/li>\n<li>Band 76.<a href=\"http:\/\/books.google.com\/books?id=LcYTAAAAYAAJ&pg=PR6-IA3#v=onepage&q&f=false\" target=\"_blank\"> (1903)<\/a><\/li>\n<li>Band 78.<a href=\"http:\/\/books.google.com\/books?id=y74TAAAAYAAJ&pg=PR9#v=onepage&q&f=false\" target=\"_blank\"> ( 1905)<\/a><\/li>\n<li>Band 79.<a href=\"http:\/\/books.google.com\/books?id=4sITAAAAYAAJ&pg=RA1-PR5#v=onepage&q&f=false\" target=\"_blank\"> (1906)<\/a><\/li>\n<li>Band 81.<a href=\"http:\/\/books.google.com\/books?id=S8MTAAAAYAAJ&pg=PP11#v=onepage&q&f=false\" target=\"_blank\"> (1908)<\/a><\/li>\n<\/ul>\n","protected":false},"excerpt":{"rendered":"<p>Verzeichnis s\u00e4mtlicher Geschlechter, die im Gothaischen Hofkalender und in den Genealogischen Taschenb\u00fcchern enthalten sind. Das Gothaische genealogische Taschenbuch der gr\u00e4flichen H\u00e4user erschine von 1825 \u2013 1942 im Verlag von Justus<\/p>\n<div><a href=\"https:\/\/dirkpeters.info\/?page_id=346\" class=\"exp-read-more exp-read-more-underlined\">Read More<\/a><\/div>\n","protected":false},"author":1,"featured_media":0,"parent":123,"menu_order":0,"comment_status":"closed","ping_status":"closed","template":"","meta":{"jetpack_post_was_ever_published":false,"footnotes":"","_links_to":"","_links_to_target":""},"class_list":["post-346","page","type-page","status-publish","hentry"],"jetpack_shortlink":"https:\/\/wp.me\/P8HCXc-5A","jetpack-related-posts":[{"id":351,"url":"https:\/\/dirkpeters.info\/?page_id=351","url_meta":{"origin":346,"position":0},"title":"Gothaisches Genealogisches Taschenbuch der Uradeligen H\u00e4user","author":"dirkpeters","date":"9. Mai 2017","format":false,"excerpt":"Verzeichnis s\u00e4mtlicher Geschlechter, die im Gothaischen Hofkalender und in den Genealogischen Taschenb\u00fcchern enthalten sind. Das Gothaisches Genealogisches Taschenbuch der Uradeligen H\u00e4user erschien zwischen 1900 und 1942 im Verlag von Justus Perthes in Gotha. Von 1900 bis 1906 erschien es als Gothaisches Genealogisches Taschenbuch der Adeligen H\u00e4user, von 1907 bis 1919\u2026","rel":"","context":"In \"Adel\"","block_context":{"text":"Adel","link":"https:\/\/dirkpeters.info\/?tag=adel"},"img":{"alt_text":"","src":"https:\/\/i0.wp.com\/dirkpeters.info\/wp-content\/uploads\/2018\/10\/Adel-A-1908-644x1024.jpg?resize=350%2C200","width":350,"height":200,"srcset":"https:\/\/i0.wp.com\/dirkpeters.info\/wp-content\/uploads\/2018\/10\/Adel-A-1908-644x1024.jpg?resize=350%2C200 1x, https:\/\/i0.wp.com\/dirkpeters.info\/wp-content\/uploads\/2018\/10\/Adel-A-1908-644x1024.jpg?resize=525%2C300 1.5x"},"classes":[]},{"id":123,"url":"https:\/\/dirkpeters.info\/?page_id=123","url_meta":{"origin":346,"position":1},"title":"Service","author":"dirkpeters","date":"6. Mai 2017","format":false,"excerpt":"A Adel im Netz Ahnenlisten aus dem Ahnenlistenumlauf, 21 Microfilmrollen Ahnenreihen aus allen Deutschen Gauen Ahnenreihenwerk Geschwister Fischer Die Ahnenstammkartei des deutschen Volkes: Teil I, gesamt 638 Mikrofilmrollen Die Ahnenstammkartei des deutschen Volkes: Teil II, Ahnenlisten, gesamt 576 Mikrofilmrollen Ahnentafel Peters Akten des preu\u00df. Heroldsamtes Altpreu\u00dfische Geschlechterkunde Armorial et nobiliaire\u2026","rel":"","context":"In \"Links\"","block_context":{"text":"Links","link":"https:\/\/dirkpeters.info\/?tag=links"},"img":{"alt_text":"","src":"","width":0,"height":0},"classes":[]},{"id":354,"url":"https:\/\/dirkpeters.info\/?page_id=354","url_meta":{"origin":346,"position":2},"title":"Gothaisches Genealogisches Taschenbuch der freiherrlichen H\u00e4user","author":"dirkpeters","date":"9. Mai 2017","format":false,"excerpt":"Verzeichnis s\u00e4mtlicher Geschlechter, die im Gothaischen Hofkalender und in den Genealogischen Taschenb\u00fcchern enthalten sind.Das Gothaische Genealogische Taschenbuch der freiherrlichen H\u00e4user erschien zwischen 1848 und 1942 im Verlag Justus Perthes in Gotha. 1848 - 1. Jahrgang 1849 - 2. Jahrgang 1853 - 3. Jahrgang 1854 - 4. Jahrgang 1855 - 5.\u2026","rel":"","context":"In \"Adel\"","block_context":{"text":"Adel","link":"https:\/\/dirkpeters.info\/?tag=adel"},"img":{"alt_text":"Gotha Freiherren","src":"https:\/\/i0.wp.com\/test.dirkpeters.net\/wp-content\/uploads\/2017\/05\/gotha_freiherren-679x1024.jpg?resize=350%2C200","width":350,"height":200},"classes":[]},{"id":366,"url":"https:\/\/dirkpeters.info\/?page_id=366","url_meta":{"origin":346,"position":3},"title":"Meine Genealogische Bibliothek &#8211; Sammelwerke","author":"dirkpeters","date":"9. Mai 2017","format":false,"excerpt":"Deutsches Geschlechterbuch Bde. 1-87 (CD's) - C. A. Starke Verlag Genealogisches Handbuch des Adels Reihe - C. A. Starke Verlag Adelige H\u00e4user A Bde. 1 - 8, 12, 14, 18 Adelige H\u00e4user B Bd. 1 Adelige H\u00e4user Bde. 34 - 36 Freiherrliche H\u00e4user A Bde. 1 - 6, 12 Freiherrliche\u2026","rel":"","context":"In \"B\u00fccher\"","block_context":{"text":"B\u00fccher","link":"https:\/\/dirkpeters.info\/?tag=buecher"},"img":{"alt_text":"","src":"","width":0,"height":0},"classes":[]},{"id":3633,"url":"https:\/\/dirkpeters.info\/?page_id=3633","url_meta":{"origin":346,"position":4},"title":"Erz\u00e4hlende genealogische Stammtafeln zur europ\u00e4ischen Geschichte","author":"dirkpeters","date":"14. Dezember 2019","format":false,"excerpt":"Autor: Andreas Thiele Verlag: R. G. Fischer Verlag Inhaltsverzeichnis der einzelnen B\u00e4nde Band I Teilband 1: Deutsche Kaiser-, K\u00f6nigs-, Herzogs- und Grafenh\u00e4user I 4. Auflage 2003 Die Merowinger, Frankenk\u00f6nige bis 751 Die Karolinger, Hausmeier, K\u00f6nige und Kaiser Die fr\u00fchen Robertiner im \u00dcberblick Die Konradiner, Herz\u00f6ge v. Franken u. Schwaben, K\u00f6nige\u2026","rel":"","context":"In \"B\u00fccher\"","block_context":{"text":"B\u00fccher","link":"https:\/\/dirkpeters.info\/?tag=buecher"},"img":{"alt_text":"","src":"https:\/\/i0.wp.com\/dirkpeters.info\/wp-content\/uploads\/2019\/09\/es.jpg?fit=348%2C500&ssl=1&resize=350%2C200","width":350,"height":200},"classes":[]},{"id":380,"url":"https:\/\/dirkpeters.info\/?page_id=380","url_meta":{"origin":346,"position":5},"title":"Meine Genealogische Bibliothek \u2013 Europ\u00e4ische Stammtafeln","author":"dirkpeters","date":"10. Mai 2017","format":false,"excerpt":"Europ\u00e4ische Stammtafeln - Stammtafeln zur Geschichte der Europ\u00e4ischen Staaten - Frank Baron Freytag von Loringhoven Bd. I - Die deutschen Staaten (J. A. Stargardt, Marburg, 1960) Bd. II - Die au\u00dferdeutschen Staaten (J. A. Stargardt, Marburg, 1960) Bd. IV - Standesherrliche H\u00e4user I (J. A. Stargardt, Marburg, 1968) Detlev Schwennicke:\u2026","rel":"","context":"In \"Adel\"","block_context":{"text":"Adel","link":"https:\/\/dirkpeters.info\/?tag=adel"},"img":{"alt_text":"","src":"https:\/\/i0.wp.com\/dirkpeters.info\/wp-content\/uploads\/2019\/03\/ESI-II-2.jpg?resize=350%2C200&ssl=1","width":350,"height":200,"srcset":"https:\/\/i0.wp.com\/dirkpeters.info\/wp-content\/uploads\/2019\/03\/ESI-II-2.jpg?resize=350%2C200&ssl=1 1x, https:\/\/i0.wp.com\/dirkpeters.info\/wp-content\/uploads\/2019\/03\/ESI-II-2.jpg?resize=525%2C300&ssl=1 1.5x, https:\/\/i0.wp.com\/dirkpeters.info\/wp-content\/uploads\/2019\/03\/ESI-II-2.jpg?resize=700%2C400&ssl=1 2x"},"classes":[]}],"jetpack_sharing_enabled":true,"jetpack_likes_enabled":true,"_links":{"self":[{"href":"https:\/\/dirkpeters.info\/index.php?rest_route=\/wp\/v2\/pages\/346","targetHints":{"allow":["GET"]}}],"collection":[{"href":"https:\/\/dirkpeters.info\/index.php?rest_route=\/wp\/v2\/pages"}],"about":[{"href":"https:\/\/dirkpeters.info\/index.php?rest_route=\/wp\/v2\/types\/page"}],"author":[{"embeddable":true,"href":"https:\/\/dirkpeters.info\/index.php?rest_route=\/wp\/v2\/users\/1"}],"replies":[{"embeddable":true,"href":"https:\/\/dirkpeters.info\/index.php?rest_route=%2Fwp%2Fv2%2Fcomments&post=346"}],"version-history":[{"count":5,"href":"https:\/\/dirkpeters.info\/index.php?rest_route=\/wp\/v2\/pages\/346\/revisions"}],"predecessor-version":[{"id":1581,"href":"https:\/\/dirkpeters.info\/index.php?rest_route=\/wp\/v2\/pages\/346\/revisions\/1581"}],"up":[{"embeddable":true,"href":"https:\/\/dirkpeters.info\/index.php?rest_route=\/wp\/v2\/pages\/123"}],"wp:attachment":[{"href":"https:\/\/dirkpeters.info\/index.php?rest_route=%2Fwp%2Fv2%2Fmedia&parent=346"}],"curies":[{"name":"wp","href":"https:\/\/api.w.org\/{rel}","templated":true}]}}