{"id":319,"date":"2017-05-07T22:52:58","date_gmt":"2017-05-07T20:52:58","guid":{"rendered":"http:\/\/test.dirkpeters.net\/?page_id=319"},"modified":"2017-05-07T22:57:26","modified_gmt":"2017-05-07T20:57:26","slug":"handbuch-des-preussischen-adels","status":"publish","type":"page","link":"https:\/\/dirkpeters.info\/?page_id=319","title":{"rendered":"Handbuch des Preu\u00dfischen Adels"},"content":{"rendered":"<p>Das Handbuch des Preu\u00dfischen Adels, wurde 1891 und 1893 in zwei B\u00e4nden unter Leitung von Marcelli Janecki herausgegeben. Gedacht war das Werk als Erg\u00e4nzung zu den Gothaischen Taschenb\u00fcchern, dies es zu diesem Zeitpunkt nur f\u00fcr F\u00fcrsten, Grafen und Freiherren gab.<\/p>\n<p><a href=\"?p=324\">Einf\u00fchrung<\/a><\/p>\n<p>In den beiden B\u00e4nden sind genealogische Angaben zu folgenden Familien enthalten:<\/p>\n<table>\n<tr>\n<th>Band 1<\/th>\n<th>Band 2<\/th>\n<\/tr>\n<tr>\n<td style=\"vertical-align:top; width:50%; text-align:justify\">\nv. Aschenbach; v. Adler; v. Alvensleben; v. Anderten; v. Anker; v. Arndt; v. Aster; Auer von Herrenkirchen; v. Aweyden; v. Bagensky; v. Balan; v. Balcke; v. Bamberg; v. Barsewisch; v. Bartenwerder; v. Barton gen. v. Stedman; v. Basse; v. Baumeister; v. Becker; v. Bemberg-Flamersheim; Benecke v. Gr\u00f6ditzberg; v. Berenberg-Go\u00dfler; v. Bergmann; v. der Berswordt u. v. der Berswordt-Wallrabe; v. Bescherer; v. Bethmann-Hollweg; v. Biehler; v. Bilfinger; v. Bitter; v. Bleichr\u00f6der; v. Blume; v. Bodemeyer; v. B\u00f6hlendorff-K\u00f6lpin; v. Boehm; du Bois de Dunilac; v. Broecker; v. Bruce; v. Br\u00fcning; v. Buek; v. Burchard; v. Bychelberg; v. Caprivi; v. Carstanien; v. Carstenn-Lichterfeld; Cecola v. Waltier; v. Chappuis; v. Chorus; v. Cioromski; v. Coler; v. Colomier; v. Consbruch; v. Cramer; v. Cuny; v. Dassel; v. daum; v. Dechen; v. Decker; v. Delhaes; v. Denzin; Dietz v. Bauer; v. Doerr; v. Donner; v. Dresow; v. Dre\u00dfler; v. Dreyse; v. D\u00fcesberg; v. Duncker; v. Eckenbrecher; v. Eichhorn; v. Elbe-Carnitz; v. Elbe; v. Eltester; v. Enckevort; v. Engelcken; v. Esmarch; v. Estorff; v. Eynern; v. Fabricius; v. Falk; v. Fassong; v. Feldmann; v. Fetter; v. Fl\u00f6ckher; v. Frank; v. Frantius; v. Freier; v. Frerichs; v. Gartzen; v. Gehrmann; v. Gneist; v. Gotsch; v. Gottschall; v. Graefe; v. Gra\u00df; v. Griesheim; v. Gruner; Gryzik von Schomberg-Godulla; v. G\u00fcndell; v. Guenther; v. Gumpert; v. Gustorf; v. Haase; v. Haenel; v. H\u00e4nisch; v. Hagens; v. Hansemann; v. Hardt; v. Hartrott; v. Hasselbach; v. Hederich; v. Heimendahl; v. Heineccius; v. Heinrichshofen; v. Helmholtz; v. Henk; v. Henninges; v. Hergenhahn; v. Hering; v. Herwarth und Herwarth v. Bittenfeld; v. Heuser; v. Heusinger; v. Heyer; v. Hitzig; v. Hochw\u00e4chter; v. Hoffbaer; v. Hoffmann; v. Hofmann; v. Hofmann-Chappuis; Holthoff v. Fa\u00dfmann; v. Hornhardt; v. Hottinger; v. H\u00fcllesheim; v. H\u00fcpeden; v. Hufeland; v. Jacobi; Jacobi v. Wangelin; v. Jaeckel; v. Jagwitz; v. Jerin; v. Joeden; v. John; v. Jordan; v. Jordans; v. Kahle; v, Kalitsch; v. Kayser; v. Kaisenberg; v. Keisenberg; v. Kempis; v. Kesseler; v. Ke\u00dfler; v. Kienitz; v. Klahr; v. Kla\u00df; v. Klatte; v. Kloeden (Klaeden); v. Kl\u00fcber; v. K\u00f6ckritz und Friedland; v. K\u00f6nig; v. Koerber; v. Korn; v. Korn-Rudelsdorf; v. Kortzfleisch; v. Kraatz-Koschlau; v. Kramsta; v. Krause; v. Krell; v. Kriegsheim; v. Kries; v. Kritter; v. Krohn; v. Kr\u00fcger; v. Krupka; v. Kulmiz; v. Kummer; Kunhardt v. Schmidt; v. Kunowski; v. Kupsch; v. Kutzschenbach; v. Lade; v. Lamprecht; v. Landw\u00fcst; v. Langenbeck; v. Laue; v. Lauer; v. Laurens; Le Tanneux v. Saint-Paul und Le Tanneux v. Saint-Paul-Illaire; v. der Leyen; v. Liebenau; v. Lignitz; v. Livonius; v. Lobenhausen; v. L\u00f6bbecke; v. Loebenstein; v. L\u2019oeillot de Mars; v. Loesch; v. Loesewitz; v. Lorck; v. Luck (Lucke); v. Luckwald; v. L\u00fcdemann; v. L\u00fclsdorff; v. Maltitz; v. Mannlich-Lehmann; v. Mantey; v. Marcard; v. Marquardt; v. Martini; v. Mauntz; v, Mayer; v. Mecklenburg; v. Meier; v. Melchior; v. Mens; v. Meske; v. Mettler; v. Meyer; v. Meyerinck; v. Milczewski; v. Milewski; v. Mischke; v. Mittelstedt; v. Mitzel; v. Mollard; v. Mo\u00dfner; v. M\u00fcller; v. M\u00fcnnich; v. Nachtigal; v. Nathusius; v. Neufville; v. Neuhau\u00df; v. Nippold; v. Nobbe; v. Nowag; v. Nowag-Seeling; v. Oelrichs; v. Oesterreich; v. Oetinger; v. Olfers; v. Ollech; v. Oppell; v. Oppermann; v. Osterroth; v. Palmowski; v. Pappritz; Pfeffer v. Salomon; v. Pilgrim; v. Pilgrim-Baltazzi; v. Pochhammer; v. Poeppinghausen; v. Raabe; v. Radecke; v. Ranke; v. Rauch; v. Reclam; v. Redlich; v. R\u00e8ge; v. Reichel; v. Renouard; v. Reynier; v. Ribbentrop; v. Rodewald; v. Roerdansz; v. Roos; v. Rosenstiel; v. Rosenthal; v. Rotth; v. Runckel; v. Saenger; v. Safft; v. Salomon; v. Salpius und v. Salpius gen. v. Oldenburg; v. Salviati; v. Sametzki; v. Sanden; Sandes v. Hoffmann; v. Sandt; v. Sannow; v. Scharfenberg; v. Scharnhorst; v. Schaubert; v. Schaumann; v. Schelling; v. Schenk; v. Schepke; v. Scherbening; v. Schlick; v. Schmidt; Schmidt v. Osten; v. Schmidt-Pauli; v. Schnackenberg; v. Sch\u00fc\u00dfler; v. Schuhmann; v. Seeberg; v. Selle; v. Siber; v. Siefart; v. Siemens; v. Simon; v. Simson; v. Spangenberg; v. Sperber; v. Stabbert; v. Steegen; v. Stegmann und Stein; v. Steinmann; v. Stocken; v. St\u00f6ssel; v. Storp; v. Strahl; v. Strempel; v. Strubberg; v. St\u00fcnzner; v. Stumpfeld und v. Stumpfeld-Lillienanker; v. Stumpff; v. Talatzko; v. Tellemann-Steuber; v. Tempelhoff; v. Tepper; Tepper v. Trzebon-Ferguson; v. Thaer; v. Thiele; v. Thielen; v. Tiedemann; Tortilovitz v. Batocki und Tortilowicz v. Batocki-Friebe; v. Trenk; v. Treu; v. Tschirschnitz; v. Tzahn; v. Ulrici; v. Urff; v. Usedom; v. Vacano; v. Vahlkampf; v. Vietsch; v. Vignau; v. Villaume; v. Volkmann; v. Wahlert; v. Waetjen; v. Walcke-Schuldt; v. Websky; v. Wegner; v. Wellmann; v. Wentzel; Werckmeister gen. v. Oesterling; v. Weyrauch; v. Wichelhaus; v. Wichmann; v. Widekind; v. Wiedner; v. Wienkowski und v. Wienkowski gen. v. Saltzwedel; v. Wietzlow; v. Wilde; v. Wilke; v. Willert; v. Witzmann; v. Wittcke; v. Wittken (Wittke); v. Wright; v. Zernicki; v. Zingler; v. Zollikofer-Altenklingen; v. Zschock\n<\/td>\n<td style=\"vertical-align:top; width:50%; text-align:justify;\">\nv. Albedyl; v. Alers; v. Alten; v. Amann; v. Arent; Aschenborn von Collin; v. Aschoff; v. Asseburg; v. Aulock; v. Balluseck; v. Barfus; v. Bauer; v. Baumgarth; v. Beguelin; v. Bennigsen und v. Bennigsen-Foerder; v. Bercken; v. Bila (Biela, Byla); v. Boehmer; v. Boehn; v. B\u00f6tticher; v. Boetticher; v. Bogen; v. Boguslawitz; v. Both; v. Brakenhausen; v. Bramann; v. Braun; v. Bredau; v. Bredow; v. Brockhusen (Brockhausen, Bruchhausen); v. Broesigke; v. Bronsart (Bronsart v. Schellendorf und v. Lampinet gen. v. Bronsart; v. Burgsdorff; v. Choltitz; v. Clav\u00e9-Bouhaben; v. Coester; v. Colomb; v. Delius; v. Dewitz und v. Dewitz gen. v. Krebs; v. Diericke; v. Dorndorf; v. Drabich-Waechter; v. Eberstein und v. Eller-Eberstein; v. Ehrenkrook; v. Ehrhardt; v. Elpons; v. Elszner; v. Engelmann; v. Eschwege; v. Etzel; v. Fabecki (Fabeck); v. Fischer; v. Flies; v, Flottwell; Fritz v. Adlersfeld; v. Fritze; v. der Gabelentz und v. der Gabelentz-Linsingen; v. der Gablentz; v. Gablenz; v. Geisler; v. Gei\u00dfler; v. Gentil de Lavallade; v. Gerlach; v. u. zu Gilsa; v. Goeckingk; v. Goessel; v. Graeve; v. Grimm und v. Grimm-Gamet; v. Grollmann; v. Grolman; v. Grumbkow (Grumbckow); v. Hake; v. Hartmann; v. Hassel; v. Heimburg; Helmrich v. Elgott (v. Helmrich); v. Hesberg; v. Heuduck; v. Hildebrand; v. Hindersin; v. Holtz; v. Hundelshausen; v. Hutier; v. Igel; v. Jachmann; v. Jaegersfeld; John v. Freyend; v. Johnston; Kalau vom Hofe; v. Kemnitz; v. Keudell; v. Koenen; v. Koppy; v. Koscielski und v. Kirchenheim; v. Kossel; v. K\u00fchlwetter; v. Kutzleben; v. Ladenbach; v. Lange; v. Langenbeck; v. Lautz; v. Le Coq; v. Legat; v. Lengsfeld; v. Loewe; v. u. zu Loewenstein; v. Lucke; v. Madai; v. der Malsburg; Mauve gen. v. Schmidt; v. Mechow; v. Meerscheidt-H\u00fcllessem und v. Meerscheidt gen. v. H\u00fcllessem; v. Meien; Meyer gen. v. Sallawa und Radau; v. Michelmann; Mikusch v. Buchberg und v. Mikusch-Buchberg; v. M\u00fcnenberg; v. Mutius; v. Niebuhr; v. Oidtman; v. Oppen, Oppen v. Huldenberg und v. Oppen-Schilden; v. Ostau; v. Passow; v. Pelser-Behrensberg; v. Perbandt; v. Pfuel (Pfuhl); v. Philipsborn; v. Pieverling; v. Preinitz; Rabe v. Pappenheim; v. Rabenau; v. Rath; v. Redei; v. Rose; v. Roy; v. Sandersleben; v. u. zu Schachten; v. Scheele; v. Schlechtendal; v. Schlichting und v. Schlichting und Bukowiec; v. Schoeler; v. Sch\u00f6n; v. Schoenermark; v. Schon; Schulz v. Heinersdorf; v. Schutzbar gen. Milchling; v. Schwake; v. Schwertzell; v. Spitz; Steobanus v. Wriechen; v. Stephan; v. Strantz; v. Studnitz; v. Tabouillot und v. Tabouillot gen. v. Scheibler; v. Taysen; v. Toussaint; v. Trott zu Solz; v. Uckro; Vogel v. Falckenstein; v. Wagner; v. Wilcke; v. Wildenbruch; v. Wilmowski; v. Wins; v. Winter; Winter v. Adlersfl\u00fcgel; v. Witte; v. Wodtke; v. Wolf; v. Wolff und Wolff v. Schutter; v. Wolff; Wolff v. Gudenberg; v. Wolffgramm; v. Worgitzky; v. Zeschau; v. Zglinitzki\n<\/td>\n<\/tr>\n<\/table>\n","protected":false},"excerpt":{"rendered":"<p>Das Handbuch des Preu\u00dfischen Adels, wurde 1891 und 1893 in zwei B\u00e4nden unter Leitung von Marcelli Janecki herausgegeben. Gedacht war das Werk als Erg\u00e4nzung zu den Gothaischen Taschenb\u00fcchern, dies es<\/p>\n<div><a href=\"https:\/\/dirkpeters.info\/?page_id=319\" class=\"exp-read-more exp-read-more-underlined\">Read More<\/a><\/div>\n","protected":false},"author":1,"featured_media":0,"parent":123,"menu_order":0,"comment_status":"closed","ping_status":"closed","template":"","meta":{"jetpack_post_was_ever_published":false,"footnotes":"","_links_to":"","_links_to_target":""},"class_list":["post-319","page","type-page","status-publish","hentry"],"jetpack_shortlink":"https:\/\/wp.me\/P8HCXc-59","jetpack-related-posts":[{"id":366,"url":"https:\/\/dirkpeters.info\/?page_id=366","url_meta":{"origin":319,"position":0},"title":"Meine Genealogische Bibliothek &#8211; Sammelwerke","author":"dirkpeters","date":"9. Mai 2017","format":false,"excerpt":"Deutsches Geschlechterbuch Bde. 1-87 (CD's) - C. A. Starke Verlag Genealogisches Handbuch des Adels Reihe - C. A. Starke Verlag Adelige H\u00e4user A Bde. 1 - 8, 12, 14, 18 Adelige H\u00e4user B Bd. 1 Adelige H\u00e4user Bde. 34 - 36 Freiherrliche H\u00e4user A Bde. 1 - 6, 12 Freiherrliche\u2026","rel":"","context":"In \"B\u00fccher\"","block_context":{"text":"B\u00fccher","link":"https:\/\/dirkpeters.info\/?tag=buecher"},"img":{"alt_text":"","src":"","width":0,"height":0},"classes":[]},{"id":486,"url":"https:\/\/dirkpeters.info\/?page_id=486","url_meta":{"origin":319,"position":1},"title":"Akten des preu\u00df. Heroldsamtes","author":"dirkpeters","date":"10. Mai 2017","format":false,"excerpt":"Die Akten des preu\u00df. Heroldsamtes befinden sich im Geheimen Staatsarchiv Preussischer Kulturbesitz, Repositur 176. Diese Liste wurde freundlicherweise von Herrn Severin zur Verf\u00fcgung gestellt. In der Sammlung sind Unterlagen zu folgenden Familien vorhanden: A Aalen, v., Abegg, Abel, v., Abendroth, v., Abercron, v., Ablaing v.Giessenburg, Barone, Abrath, v., Achard, Achen,\u2026","rel":"","context":"In \"Adel\"","block_context":{"text":"Adel","link":"https:\/\/dirkpeters.info\/?tag=adel"},"img":{"alt_text":"Siegelmarke K\u00f6niglich Preu\u00dfisches Heroldsamt","src":"https:\/\/i0.wp.com\/test.dirkpeters.net\/wp-content\/uploads\/2017\/05\/Siegelmarke_K%C3%B6niglich_Preussisches_Heroldsamt_Heraldik_W0235973.png?resize=350%2C200","width":350,"height":200},"classes":[]},{"id":125,"url":"https:\/\/dirkpeters.info\/?page_id=125","url_meta":{"origin":319,"position":2},"title":"Lexika im Internet","author":"dirkpeters","date":"6. Mai 2017","format":false,"excerpt":"Im World Wide Web finden sich eine Menge Lexika, viele sind davon auch f\u00fcr die Familienforschung n\u00fctzlich. Hier sind Links zu einigen interessanten Werken: Allgemeine \/ Neue Deutsche Biographie Startseite Genealogisch-historisch-statistischer Almanach 1824 1830 1831 1832 Hellbach, Johann Christian von: Adels-Lexikon, oder, Handbuch \u00fcber die historischen, genealogischen und diplomatischen ,\u2026","rel":"","context":"\u00c4hnlicher Beitrag","block_context":{"text":"\u00c4hnlicher Beitrag","link":""},"img":{"alt_text":"","src":"","width":0,"height":0},"classes":[]},{"id":1544,"url":"https:\/\/dirkpeters.info\/?page_id=1544","url_meta":{"origin":319,"position":3},"title":"Familien aus Mecklenburg und Vorpommern &#8211; Familien","author":"dirkpeters","date":"14. September 2014","format":false,"excerpt":"Wolf L\u00fcdeke von Weltzien: Familien aus Mecklenburg und Vorpommern, Vier B\u00e4nde, Buch & Bild Verlag Hans-Joachim Sch\u00f6rle, Nagold 1989-1995 Behandelte Familien Band 1 Band 2 Band 3 Band 4 v. Apenborg (1313-1804) v. Issensee (1557-1704) v. Bere (1239-1580) v. Blixen (1239-1878) v. Collen (1237-1660) v. Eickstedt (1100-1890) v. Freyburg -\u2026","rel":"","context":"In \"Adel\"","block_context":{"text":"Adel","link":"https:\/\/dirkpeters.info\/?tag=adel"},"img":{"alt_text":"","src":"","width":0,"height":0},"classes":[]},{"id":748,"url":"https:\/\/dirkpeters.info\/?page_id=748","url_meta":{"origin":319,"position":4},"title":"Pommersche Lebensbilder","author":"dirkpeters","date":"12. Mai 2017","format":false,"excerpt":"Pommersche Lebensbilder, herausgegeben von der Landesgeschichtlichen Forschungstelle (Historischen Kommission) f\u00fcr Pommern, Bde. 1 \u2013 3, Verlag Leon Sauniers Buchhandlung, Stettin 1934 \u20131939 Band 1 Band 2 Band 3 Arndt, Ernst Moritz Benzmann, Hans v. Beseler, Hans Billroth, Theodor v. Bismarck, Johanna, geb. v. Puttkamer Clausius, Rudolf Dohrn, Anton Droysen, Johann\u2026","rel":"","context":"In \"Biographie\"","block_context":{"text":"Biographie","link":"https:\/\/dirkpeters.info\/?tag=biographie"},"img":{"alt_text":"","src":"","width":0,"height":0},"classes":[]},{"id":123,"url":"https:\/\/dirkpeters.info\/?page_id=123","url_meta":{"origin":319,"position":5},"title":"Service","author":"dirkpeters","date":"6. Mai 2017","format":false,"excerpt":"A Adel im Netz Ahnenlisten aus dem Ahnenlistenumlauf, 21 Microfilmrollen Ahnenreihen aus allen Deutschen Gauen Ahnenreihenwerk Geschwister Fischer Die Ahnenstammkartei des deutschen Volkes: Teil I, gesamt 638 Mikrofilmrollen Die Ahnenstammkartei des deutschen Volkes: Teil II, Ahnenlisten, gesamt 576 Mikrofilmrollen Ahnentafel Peters Akten des preu\u00df. Heroldsamtes Altpreu\u00dfische Geschlechterkunde Armorial et nobiliaire\u2026","rel":"","context":"In \"Links\"","block_context":{"text":"Links","link":"https:\/\/dirkpeters.info\/?tag=links"},"img":{"alt_text":"","src":"","width":0,"height":0},"classes":[]}],"jetpack_sharing_enabled":true,"jetpack_likes_enabled":true,"_links":{"self":[{"href":"https:\/\/dirkpeters.info\/index.php?rest_route=\/wp\/v2\/pages\/319","targetHints":{"allow":["GET"]}}],"collection":[{"href":"https:\/\/dirkpeters.info\/index.php?rest_route=\/wp\/v2\/pages"}],"about":[{"href":"https:\/\/dirkpeters.info\/index.php?rest_route=\/wp\/v2\/types\/page"}],"author":[{"embeddable":true,"href":"https:\/\/dirkpeters.info\/index.php?rest_route=\/wp\/v2\/users\/1"}],"replies":[{"embeddable":true,"href":"https:\/\/dirkpeters.info\/index.php?rest_route=%2Fwp%2Fv2%2Fcomments&post=319"}],"version-history":[{"count":5,"href":"https:\/\/dirkpeters.info\/index.php?rest_route=\/wp\/v2\/pages\/319\/revisions"}],"predecessor-version":[{"id":326,"href":"https:\/\/dirkpeters.info\/index.php?rest_route=\/wp\/v2\/pages\/319\/revisions\/326"}],"up":[{"embeddable":true,"href":"https:\/\/dirkpeters.info\/index.php?rest_route=\/wp\/v2\/pages\/123"}],"wp:attachment":[{"href":"https:\/\/dirkpeters.info\/index.php?rest_route=%2Fwp%2Fv2%2Fmedia&parent=319"}],"curies":[{"name":"wp","href":"https:\/\/api.w.org\/{rel}","templated":true}]}}