{"id":283,"date":"2017-05-07T20:04:07","date_gmt":"2017-05-07T18:04:07","guid":{"rendered":"http:\/\/test.dirkpeters.net\/?page_id=283"},"modified":"2017-05-07T20:07:47","modified_gmt":"2017-05-07T18:07:47","slug":"pommerscher-adelsspiegel","status":"publish","type":"page","link":"https:\/\/dirkpeters.info\/?page_id=283","title":{"rendered":"Pommerscher Adelsspiegel"},"content":{"rendered":"<p><img decoding=\"async\" src=\"..\/wp-content\/uploads\/2010\/02\/elzow_2-300x240.jpg\" style=\"float:right; margin: 1px; padding: 10px; border: 1px solid;\" \/>Der Pommersche Adelsspiegel, basierend auf den Arbeiten von Albrecht Elzow und zum Teil erg\u00e4nzt durch Christoph von Heydebreck und Friedrich Wilhelm von der Osten, stellt ein wichtiges Hilfsmittel f\u00fcr alle dar, die zu Familien des pommerschen Adels forschen. Teile m\u00f6gen heute \u00fcberholt sein, allerdings ist der Adelsspiegel unverzichtbar, da hier auch Familien enthalten sind, die inzwischen ausgestorben sind und keinen Eingang in die Standardwerke wie Gotha oder GHdA gefunden haben.<\/p>\n<p>Eine Einf\u00fchrung zum Pommerschen Adelsspiegel gibt es im <a href=\"?p=289\">Blog<\/a>. Es sind Unterlagen zu folgenden Familien enthalten:<\/p>\n<h1>A<\/h1>\n<p>Ahlebeck, Ahlemann, Alkune, Apenburg, Arensdorff, Arnswalde, Arras, Ahnen, Anckerheim<\/p>\n<h1>\n\tB<br \/>\n<\/h1>\n<p>Baden, Balgen, Bandemer, Bargansky, Barnekow, Barthold, Bartschen, Bartzen, Baumann, Behr, Belling, Below, Berg, Berglas, Bialcken, Bibow, Bichowen, Biecken, Bilow, Birkhahn, Billerbeck, Blanckenburg, Blankensee, Blixen, Bl\u00fccher, Blumenfelde, Blumenthal, Bocken, Bockum (Alten-Bockum), v. d. Boeck, Boehn, Bogeschen, Bohlen, Bolpancken, Boltenstern, Bonin, Bonow, Bonsewski, Borcke, Borcke-Brallentin, Bornen, Bornstedt, Borntin, Borsken, Borsky, Barszyskowsky, Bozepolski, Brandt, Braun, Braunschweig, Brederlow, Breitenbach, Brenckenhoff, Briesen, Brockhusen, Broecker, Bronicken, Brunellen, Br\u00fcnnow, Br\u00fcsehaver, Br\u00fcsewitz, Brychten, Brzesinsky, Bubken, Budde, Buggenhagen, Bugslaffe, Bukow, Bulgrin, Bunnewitz, Butzke, B\u00fctzow, Bychowsky<\/p>\n<h1>\n\tC<br \/>\n<\/h1>\n<p>Calsow, Camptz, Carnitz, Chamiren, Chelentzen, Chemnitz, Chinowne, Choschinsky, Chmelentzen, Cocceji, Colrep (Collrepp), Condasine, Connoschen, Conowen, Cowalcken, Czarnowsky, Czapsky, Czirsan, Czyszewsky<\/p>\n<h1>\n\tD<br \/>\n<\/h1>\n<p>Dambrowsken, Damerkowen, Dammes, Damitz, Dargolewsky, Darguschen, Darsen, Darscken, Dechow, Dewitz, Dietherth, Divitz, Dittmannsdorff, Dollen, Dotenberg, Drosdow, Dunecken, Dyck, Dyringshoven (Diringshofen), Dziecelsky<\/p>\n<h1>\n\tE<br \/>\n<\/h1>\n<p>Everstein, Eden, Edling, Ehrenfels, Eichmann, Eickstedt, Elver, Engelbrecht, Erskein, Enckevort<\/p>\n<h1>\n\tF<br \/>\n<\/h1>\n<p>Faltzburg, Felstow, Fische, Fischer, Flatow, Flemming, Focke, Forcade, Franscky (Fransecky), Freytag, Friedlieb, Friedensberg, Froreich, Frosten, Fueger, Fuhrmann, Funck, F\u00fcrstenberg<\/p>\n<h1>\n\tG<br \/>\n<\/h1>\n<p>Gagern, GalabickyGallbrecht, Galsdorff, Ganscken, Gantlipecky, Gantzke, Gaudecker, Gentzkow, Gerlach, Glasenapp, Gl\u00f6den, Glyszinsky, Goddentow, Goldbeck, Goltz, Goroken (Gorcke), Gostkowsken, Gottberge, Gotzlowen, Grabowen, Grabowsky, Grape, Greiphenpheill (Greifenpheill), Greiggenschildt, Grellen, Griepen, Gristow, Groell, Groeben, Grubbe, Grumbkowen (Grumbkow), Guldenklee (G\u00fcldenklee), G\u00fcntersberg, Guntersincker, Gutzmerow<\/p>\n<h1>\n\tH<br \/>\n<\/h1>\n<p>Haacke, Haase, Hackewitz, Hagemeister, Hagen, Hanow, Hallart d`Elliot, Hammerstedt, Hebron, Hechthausen, Hecklow, Heiden, Helpte, Hellermann, Hempel, Hertzberg, Heydebreck, Heyden, Hindenburg, Hirschfelde siehe Chelentzen, Hobe, Hoffmann, Hohenhausen, Holcke, Holleben, Hornen, Hoym, Huse<\/p>\n<h1>\n\tI<br \/>\n<\/h1>\n<p>Ihlenfeld, Iterzsenken, Iwatzhoff<\/p>\n<h1>\n\tJ<br \/>\n<\/h1>\n<p>Jeckell, Jadomke, J\u00e4ger, Jagow, Jahncke, Janeken, Janitz, Jannewitz, Jantzen, Jardin, Jasky, Jasmund, Jatzkow, Jastrzinsky, J\u00f6rke<\/p>\n<h1>\n\tK<br \/>\n<\/h1>\n<p>Kahlden, Kamecke (Kameke), Kampen, Katze, Katzowecky, Kaul (K\u00fchl), Kavenbr\u00fcck, Kedinge, Kessenbrinck (Keffenbrinck?), Keteln, Keulen, Kh\u00f6ler, Kiedrowsky, Kirchbach, Kilscher, Kleist, Klemptze, Klonzinski, Klopoteken, Knobelsdorff, Knuth, Kotzkowsky, Kockow, Koggern, K\u00f6ller, K\u00f6ppern, Kortun, K\u00f6ten, Kossen, Kowen, Krackewitz (Krakewitz), Kressow, Krausenstein, Krauthoff, Kremzow, Kreyenfels, Kriese, Krockow, Kroll v. Freyhen, Seiberte v. Kronenfels, Krusen, Kucken, K\u00fcsell, K\u00fcssow, Kunten, Kupine<\/p>\n<h1>\n\tL<br \/>\n<\/h1>\n<p>Labebach, Labuhn, Lagerstr\u00f6m, Lancken, Lemmeke, Lepel, Lenz, Lettow, Lietze, Liliendop, Lockstedt,  Lode, Lopnow, Losthien, L\u00fcderitz, L\u00fche, L\u00fcssow<\/p>\n<h1>\n\tM<br \/>\n<\/h1>\n<p>Machowen (Machow), Madry, Malaschitzky, Maltitz, Malwitz, Mandreyen, Manteuffel, Mardefeld, Margken, Marschall v.BiebersteinMarwitz, Mascow, Massow, Mellentin (Mellenthin), Mellin, Meseritz, Mevius, Meyer, Mildenitz, Miltitz, Minghen, Mirbach, Mistzin, Mitzlaff, Modozewski, Molotki, Moltke, Moltzahn (Matzahn), M\u00f6nchow (M\u00fcnchow), M\u00f6rder, M\u00f6vius, Mrossek, M\u00fcller v.der L\u00fchne, M\u00fcller auf Lesekow, Muckerwitz<\/p>\n<h1>\n\tN<br \/>\n<\/h1>\n<p>Nassen, Natzmer, Necker, Neideothe, Nesnaschwewen, Nettelhorst, Netzow, Nienkerken (Neunkirchen), Normann<\/p>\n<h1>\n\tO<br \/>\n<\/h1>\n<p>Obelitz, Ohe, Oesterling, Ohrenstedt, Opfer, Osseken, Osten, Owstien<\/p>\n<h1>\n\tP<br \/>\n<\/h1>\n<p>Palbitzky, Panker, Pariser, Parchow, Passenau, Paulsdorf, Payleben, Pentz, Petersdorff, Peterswalde, Pfuel, Platen, Plessen, Pirch, Ploetz, Podewils, Polten, Prebendow, Preu\u00df, Pritz, Pustar, Pucher, Putbus, Puttkamer<\/p>\n<h1>\n\tR<br \/>\n<\/h1>\n<p>Rahicken, Ramel, Ramin, Range, Reckow, Reusewitz, Reventlow, Rexin, Rhenschi\u00f6lt, Ridel, Rhein, Rintheld, Roggenbuk, Roggenpahn, R\u00f6hden, Rosenberg, Rosenhand, Rosenstedt, Rotlieb, Runge<\/p>\n<h1>\n\tS<br \/>\n<\/h1>\n<p>Sager, Saneke, Sapendoffsky, Sawke, Schachm\u00e4nner, Schack, Schaetzell, Scheele, Scheveken, Schevenbach (Schaevenbach), Schiebelstein, Schidzeck, Schinburen, Schinkel, Schlabberndorff (Schlabrendorff), Schladen, Schlichting, Schlegel, Schlieben, Schlieffen, Schlochow, Schmalensee, Schmeling, Schmettau, Schmudde, Schnell, Sch\u00f6ning, Schrock, Sch\u00fctten, Sch\u00fctz, Schulten, Schultz, Schwicken, Schwallenberg, Schwan, Schwartz, Schwave, Schwerin, Schwetzkow, Schwichow, Sdunen (Paraschinski), Sebottke, Segebade, Seibert, Sellasinsken (Zelasiniky Selasinsky), Semorowsken, Seyher, Sikarski, Simmer, Sincken, Schmachterhagen, Somnitz, Soyer, Speckin, Sparfeld, Spotten, Steding, Steinkeller, Stein, Steinwehr, Stendeck, Stentin, Sternbach, Stetterow, Stettin, Stippen, Stojentin, Stoske, Strantz, Strollentin, Studrzienski, Stuecken, St\u00fcmcke, St\u00fcwen, Suckow, Sulitzky, Sydow, Sziocken<\/p>\n<h1>\n\tT<br \/>\n<\/h1>\n<p>Tadden (Thadden), Tarmen, Tauentzien, Tempsky, Terner, Tessen, Tessin, Tessmer, Thiele, Thomecke, Thormann, Thun, Tode, Tornow, Trape, Trampe, Trautvetter, Trojen, Trzebiatkowsky, Tuchen<\/p>\n<h1>\n\tU<br \/>\n<\/h1>\n<p>Uckermann, Unverfaerth, Usedom<\/p>\n<h1>\n\tV<br \/>\n<\/h1>\n<p>Vagetz, Valles, Vangerow, Vanicken, Vanlosten, Varchmin, Vargie, Vemer, Velstow, Versen, Vitzau, Vitzen, Vlemenga, Voelkersamb, Vogelsang, Vogt, Vohrmann (Vormann), Volckmann, Vrijgeboren<\/p>\n<h1>\n\tW<br \/>\n<\/h1>\n<p>Wachholtz (Wacholtz Wachholz), Wackenitz (Wakenitz), Waldow, Walschleben (Walsleben), Warnstedt, Wassowsky, Wartensleben, Watter, Wedel (Wedell), Wedelstaedt (Wedelst\u00e4dt Wedelstedt), Weicher, Weidenberg, Weiler, Wei\u00dfenfels, Wei\u00dfenstein, Welzin (Weltzien), Wenden, Wersowitz, Weyer (Weyher), Wieden, Winsheim, Winter, Winterfeld (Winterfeldt), Witten, Wittke, Witson, Wenck, Wobeser, Woedken, Woje, Wojten (Woiten), Wolden, Wolschow, Wopersnow, Wotike, Woyke, Wrangel, Wreede (Wrede), Wulff, Wolffradt, Wulffen, Wunderschine, Wussowen (Wussow), Wyszewske<\/p>\n<h1>\n\tZ<br \/>\n<\/h1>\n<p>Zamorij, Zancken, Zahrt, Zarbsken, Zastrow, Zelasinken (Selasinsky), Zemmen, Zemmern, Zepelin, Zermosky, Zetzken, Ziezelsken, Zinnen, Zitzewitz, Zozenow, Zume<\/p>\n","protected":false},"excerpt":{"rendered":"<p>Der Pommersche Adelsspiegel, basierend auf den Arbeiten von Albrecht Elzow und zum Teil erg\u00e4nzt durch Christoph von Heydebreck und Friedrich Wilhelm von der Osten, stellt ein wichtiges Hilfsmittel f\u00fcr alle<\/p>\n<div><a href=\"https:\/\/dirkpeters.info\/?page_id=283\" class=\"exp-read-more exp-read-more-underlined\">Read More<\/a><\/div>\n","protected":false},"author":1,"featured_media":0,"parent":123,"menu_order":0,"comment_status":"closed","ping_status":"closed","template":"","meta":{"jetpack_post_was_ever_published":false,"footnotes":"","_links_to":"","_links_to_target":""},"class_list":["post-283","page","type-page","status-publish","hentry"],"jetpack_shortlink":"https:\/\/wp.me\/P8HCXc-4z","jetpack-related-posts":[{"id":390,"url":"https:\/\/dirkpeters.info\/?page_id=390","url_meta":{"origin":283,"position":0},"title":"Meine Genealogische Bibliothek \u2013 Regionales","author":"dirkpeters","date":"10. Mai 2017","format":false,"excerpt":"Brandenburg Biographisches Handbuch der preussischen Verwaltungs- und Justizbeamten 1740-1806\/15 - Straubel, Rolf - K.G.Saur 2009; Einzelver\u00f6ffentlichung der Historischen Kommission zu Berlin, Band 85 Der B\u00fcrger- und Einwohnerkataster der Stadt Spandau von 1723 - Pohl, Joachim - Degener & Co Der Eisenbahnabschnitt Erkner - Frankfurt (Oder) Geschichte und Personal 1842-1990 -\u2026","rel":"","context":"In \"B\u00fccher\"","block_context":{"text":"B\u00fccher","link":"https:\/\/dirkpeters.info\/?tag=buecher"},"img":{"alt_text":"","src":"","width":0,"height":0},"classes":[]},{"id":131,"url":"https:\/\/dirkpeters.info\/?page_id=131","url_meta":{"origin":283,"position":1},"title":"Familien\u00fcbergreifende Reihen und B\u00fccher","author":"dirkpeters","date":"6. Mai 2017","format":false,"excerpt":"Links zu B\u00fcchern und Reihen, die familien\u00fcbergreifende Informationen bzw. Informationen zu mehreren Familien enthalten.Das Herunterladen von B\u00fcchern bei Google, die nach 1870 erschienen sind funktioniert nur \u00fcber einen amerikanischen Proxy bzw. das Firefox-Addon googlesharing. Das eingeschaltete Browsen simuliert nun die Suche als US-B\u00fcrger und erm\u00f6glicht im Gesamtergebnis zuverl\u00e4ssig einige Downloads\u2026","rel":"","context":"\u00c4hnlicher Beitrag","block_context":{"text":"\u00c4hnlicher Beitrag","link":""},"img":{"alt_text":"","src":"","width":0,"height":0},"classes":[]},{"id":123,"url":"https:\/\/dirkpeters.info\/?page_id=123","url_meta":{"origin":283,"position":2},"title":"Service","author":"dirkpeters","date":"6. Mai 2017","format":false,"excerpt":"A Adel im Netz Ahnenlisten aus dem Ahnenlistenumlauf, 21 Microfilmrollen Ahnenreihen aus allen Deutschen Gauen Ahnenreihenwerk Geschwister Fischer Die Ahnenstammkartei des deutschen Volkes: Teil I, gesamt 638 Mikrofilmrollen Die Ahnenstammkartei des deutschen Volkes: Teil II, Ahnenlisten, gesamt 576 Mikrofilmrollen Ahnentafel Peters Akten des preu\u00df. Heroldsamtes Altpreu\u00dfische Geschlechterkunde Armorial et nobiliaire\u2026","rel":"","context":"In \"Links\"","block_context":{"text":"Links","link":"https:\/\/dirkpeters.info\/?tag=links"},"img":{"alt_text":"","src":"","width":0,"height":0},"classes":[]},{"id":1544,"url":"https:\/\/dirkpeters.info\/?page_id=1544","url_meta":{"origin":283,"position":3},"title":"Familien aus Mecklenburg und Vorpommern &#8211; Familien","author":"dirkpeters","date":"14. September 2014","format":false,"excerpt":"Wolf L\u00fcdeke von Weltzien: Familien aus Mecklenburg und Vorpommern, Vier B\u00e4nde, Buch & Bild Verlag Hans-Joachim Sch\u00f6rle, Nagold 1989-1995 Behandelte Familien Band 1 Band 2 Band 3 Band 4 v. Apenborg (1313-1804) v. Issensee (1557-1704) v. Bere (1239-1580) v. Blixen (1239-1878) v. Collen (1237-1660) v. Eickstedt (1100-1890) v. Freyburg -\u2026","rel":"","context":"In \"Adel\"","block_context":{"text":"Adel","link":"https:\/\/dirkpeters.info\/?tag=adel"},"img":{"alt_text":"","src":"","width":0,"height":0},"classes":[]},{"id":380,"url":"https:\/\/dirkpeters.info\/?page_id=380","url_meta":{"origin":283,"position":4},"title":"Meine Genealogische Bibliothek \u2013 Europ\u00e4ische Stammtafeln","author":"dirkpeters","date":"10. Mai 2017","format":false,"excerpt":"Europ\u00e4ische Stammtafeln - Stammtafeln zur Geschichte der Europ\u00e4ischen Staaten - Frank Baron Freytag von Loringhoven Bd. I - Die deutschen Staaten (J. A. Stargardt, Marburg, 1960) Bd. II - Die au\u00dferdeutschen Staaten (J. A. Stargardt, Marburg, 1960) Bd. IV - Standesherrliche H\u00e4user I (J. A. Stargardt, Marburg, 1968) Detlev Schwennicke:\u2026","rel":"","context":"In \"Adel\"","block_context":{"text":"Adel","link":"https:\/\/dirkpeters.info\/?tag=adel"},"img":{"alt_text":"","src":"https:\/\/i0.wp.com\/dirkpeters.info\/wp-content\/uploads\/2019\/03\/ESI-II-2.jpg?resize=350%2C200&ssl=1","width":350,"height":200,"srcset":"https:\/\/i0.wp.com\/dirkpeters.info\/wp-content\/uploads\/2019\/03\/ESI-II-2.jpg?resize=350%2C200&ssl=1 1x, https:\/\/i0.wp.com\/dirkpeters.info\/wp-content\/uploads\/2019\/03\/ESI-II-2.jpg?resize=525%2C300&ssl=1 1.5x, https:\/\/i0.wp.com\/dirkpeters.info\/wp-content\/uploads\/2019\/03\/ESI-II-2.jpg?resize=700%2C400&ssl=1 2x"},"classes":[]},{"id":3836,"url":"https:\/\/dirkpeters.info\/?page_id=3836","url_meta":{"origin":283,"position":5},"title":"Familiengeschichen und Ahnenlisten b\u00fcrgerlicher Familien","author":"dirkpeters","date":"20. Juli 2020","format":false,"excerpt":"A | B | C | D | E | F | G | H | I | J | K | L | M | N | O | P | Q | R | S | T | U | V | W | Z | nach oben\u2026","rel":"","context":"In \"Ahnenforschung\"","block_context":{"text":"Ahnenforschung","link":"https:\/\/dirkpeters.info\/?tag=ahnenforschung"},"img":{"alt_text":"","src":"","width":0,"height":0},"classes":[]}],"jetpack_sharing_enabled":true,"jetpack_likes_enabled":true,"_links":{"self":[{"href":"https:\/\/dirkpeters.info\/index.php?rest_route=\/wp\/v2\/pages\/283","targetHints":{"allow":["GET"]}}],"collection":[{"href":"https:\/\/dirkpeters.info\/index.php?rest_route=\/wp\/v2\/pages"}],"about":[{"href":"https:\/\/dirkpeters.info\/index.php?rest_route=\/wp\/v2\/types\/page"}],"author":[{"embeddable":true,"href":"https:\/\/dirkpeters.info\/index.php?rest_route=\/wp\/v2\/users\/1"}],"replies":[{"embeddable":true,"href":"https:\/\/dirkpeters.info\/index.php?rest_route=%2Fwp%2Fv2%2Fcomments&post=283"}],"version-history":[{"count":5,"href":"https:\/\/dirkpeters.info\/index.php?rest_route=\/wp\/v2\/pages\/283\/revisions"}],"predecessor-version":[{"id":293,"href":"https:\/\/dirkpeters.info\/index.php?rest_route=\/wp\/v2\/pages\/283\/revisions\/293"}],"up":[{"embeddable":true,"href":"https:\/\/dirkpeters.info\/index.php?rest_route=\/wp\/v2\/pages\/123"}],"wp:attachment":[{"href":"https:\/\/dirkpeters.info\/index.php?rest_route=%2Fwp%2Fv2%2Fmedia&parent=283"}],"curies":[{"name":"wp","href":"https:\/\/api.w.org\/{rel}","templated":true}]}}