{"id":1544,"date":"2014-09-14T08:28:21","date_gmt":"2014-09-14T06:28:21","guid":{"rendered":"http:\/\/test.dirkpeters.net\/?page_id=1544"},"modified":"2017-05-23T08:45:03","modified_gmt":"2017-05-23T06:45:03","slug":"familien-aus-mecklenburg-und-vorpommern-familien","status":"publish","type":"page","link":"https:\/\/dirkpeters.info\/?page_id=1544","title":{"rendered":"Familien aus Mecklenburg und Vorpommern &#8211; Familien"},"content":{"rendered":"<p>Wolf L\u00fcdeke von Weltzien: Familien aus Mecklenburg und Vorpommern, Vier B\u00e4nde, Buch & Bild Verlag Hans-Joachim Sch\u00f6rle, Nagold 1989-1995<\/p>\n<hr>\n<p><strong>Behandelte Familien<\/strong><\/p>\n<hr>\n<table>\n<tr>\n<td style=\"width:25%\">Band 1<\/td>\n<td style=\"width:25%\">Band 2<\/td>\n<td style=\"width:25%\">Band 3<\/td>\n<td style=\"width:25%\">Band 4<\/td>\n<\/tr>\n<tr>\n<td>\n<ul>\n<li>v. Apenborg (1313-1804)<\/li>\n<li>v. Issensee (1557-1704)<\/li>\n<li>v. Bere (1239-1580)<\/li>\n<li>v. Blixen (1239-1878)<\/li>\n<li>v. Collen (1237-1660)<\/li>\n<li>v. Eickstedt (1100-1890)<\/li>\n<li>v. Freyburg \u2013 Schlottmann (1572-1940)<\/li>\n<li>v. Halberstadt (1266-1788)<\/li>\n<li>v. Heydebreck (1245-1601)<\/li>\n<li>v. Hiller (1540-1989)<\/li>\n<li>v. Kaland (1240-1730)<\/li>\n<li>Reichsgrafen de Larrey (1560-1856)<\/li>\n<li>Reichsfreiherrn L\u00f6w von und zu Steinfurth (1690-1828)<\/li>\n<li>v. L\u00fcbberstorff (1288-1776)<\/li>\n<li>Freiherrn v. Minutoli (1567-1936)<\/li>\n<li>v. Packmohr (1550-1630)<\/li>\n<li>v. Pancker (1316-1745)<\/li>\n<li>v. Passow (1284-1959)<\/li>\n<li>v. Pederstorff (1490-1788)<\/li>\n<li>du Puits (1428-1884)<\/li>\n<li>v. Rieben (1170-1989)<\/li>\n<li>v. Petcum (1470-1750)<\/li>\n<li>v. Soneke (1244-1550)<\/li>\n<li>v. Schmatzhagen (1288-1664)<\/li>\n<li>v. Uschwitz (1610-1892)<\/li>\n<li>v. Weltzien in Ru\u00dfland (1700-1917)<\/li>\n<li>v. Wildberg (1315-1625)<\/li>\n<\/ul>\n<\/td>\n<td>\n<ul>\n<li>v. Barnewitz (1376-1810)<\/li>\n<li>v. Bellin w Mecklenbrug (1200-1470)<\/li>\n<li>v. Bevernest (1357-1687)<\/li>\n<li>v. Capellen (1302-1682)<\/li>\n<li>v. Caphengst (1321-1750)<\/li>\n<li>v. Cossebade f\u00e4lschlich v. Kospoth genannt (1320-1895)<\/li>\n<li>v. Fronhofen (1421-1782)<\/li>\n<li>v. Gummern (1320-1531)<\/li>\n<li>v. Havelberg (1232-1368)<\/li>\n<li>de Cene (1263-1451)<\/li>\n<li>v. Crivitz (1317-1446)<\/li>\n<li>Crivitz von Tarnewitz (1540-1814)<\/li>\n<li>Frege, v. Frege, v. Frege-Weltzien (1654-1968)<\/li>\n<li>v. Gerstenberg (1612-1927)<\/li>\n<li>v. Klein (1520-1992)<\/li>\n<li>v. Lepel in Mecklenburg (1231-1830)<\/li>\n<li>v. Mevius (1443-1863)<\/li>\n<li>v. Nimptsch auf R\u00fcgen (1730-1836)<\/li>\n<li>Grafen v. der Osten Sacken (1768-1890)<\/li>\n<li>Grafen v. Hessenstein (1790-1905)<\/li>\n<li>St\u00fcdemann v. Ehrenstein (1548-1846)<\/li>\n<li>v. Weferling (1283-1775)<\/li>\n<li>die Sippe mit dem Stral (1137-1443)<\/li>\n<li>v. Bornhoeved (1142-1225)<\/li>\n<li>v. Z\u00fcle (1200-1778)<\/li>\n<li>v. Z\u00fcle gen. v. Hagen (1344-1367)<\/li>\n<\/ul>\n<\/td>\n<td>\n<ul>\n<li>v. Barold (1226-1746)<\/li>\n<li>de Cene (1263-1461)<\/li>\n<li>v. Crivitz (1332-1446)<\/li>\n<li>Crivitz von Tarnevitz (1540-1814)<\/li>\n<li>v. Frege (v. Frege-Weltzien, 1654-1968)<\/li>\n<li>v. Gerstenberg (1612-1927)<\/li>\n<li>v. Klein (1520-1992)<\/li>\n<li>v. Lepel (1231-1830)<\/li>\n<li>v. Mevius (1443-1863)<\/li>\n<li>v. Nimptsch (1730-1836) v. der Osten-Sacken und v. Hessenstein auf Bellin (1741-1905)<\/li>\n<li>v. Stoislaff (1218-1750)<\/li>\n<li>St\u00fcdemann von Ehrenstein (1548-1946)<\/li>\n<li>v. Weferling (1233-1775)<\/li>\n<li>die Sippe mit dem Stral (1137-1443)<\/li>\n<li>v. Z\u00fcle (1254-1752)<\/li>\n<li>v. Z\u00fcle gen. v. Hagen (1344-1367)<\/p>\n<hr>\n<\/ul>\n<\/td>\n<td>\n<ul>\n<li>v. Adrum (1242-1665)<\/li>\n<li>v. Averberg (1240-1660)<\/li>\n<li>v. Bestenbostel (1304-1781)<\/li>\n<li>v. Bischwang (1496-1783)<\/li>\n<li>v. Fikensolt (1123-1712)<\/li>\n<li>F\u00fcrsten von Friesland (1300-1744)<\/li>\n<li>v. Hoinckhusen (1610-1773)<\/li>\n<li>v. Husan (1523-1681)<\/li>\n<li>v. Ilow (1220-1936)<\/li>\n<li>v. Kaltenhoff (1410-1683)<\/li>\n<li>v. Klein (1712-1742)<\/li>\n<li>v. Lindow (1297-1677)<\/li>\n<li>v. Linstow (1100-1995<\/li>\n<li>Mac Dougall (1500-1923)<\/li>\n<li>Marchand, Freiherren v. Lilienburg (1593-1819)<\/li>\n<li>v. Nortmann (1274-1482)<\/li>\n<li>v. Oldenburg (1211-1615)<\/li>\n<li>v. Osterwold (1181-1519)<\/li>\n<li>v. Passow (1559-1657)<\/li>\n<li>v. Peccatel (1218-1824)<\/li>\n<li>v. Pentz (1803-1945)<\/li>\n<li>de Plate (1170-1550)<\/li>\n<li>v. Ritzerow \u2013 die Raben (1215-1616)<\/li>\n<li>v. Schack (1765-1780)<\/li>\n<li>v. Schalburg (1780-1785)<\/li>\n<li>Schlieffenberg (v. Schlieffen, 1732-1945)<\/li>\n<li>v. Thumb (1477-1644)<\/li>\n<li>v. Verlstein u v. Heespen (1600-1776)<\/li>\n<li>v. Vieregge (1633-1765, 1482-1780)<\/li>\n<li>v. Weltzien-Fischhausen (1653-1830)<\/li>\n<li>v. Wendhausen (1600-1852);<\/li>\n<\/ul>\n<\/td>\n<\/tr>\n<\/table>\n<hr \/>\n<p><a href=\"?page_id=1152\">Verzeichnis der vorkommenden Familiennamen<\/a><\/p>\n<hr \/>\n","protected":false},"excerpt":{"rendered":"<p>Wolf L\u00fcdeke von Weltzien: Familien aus Mecklenburg und Vorpommern, Vier B\u00e4nde, Buch &#038; Bild Verlag Hans-Joachim Sch\u00f6rle, Nagold 1989-1995 Behandelte Familien Band 1 Band 2 Band 3 Band 4 v.<\/p>\n<div><a href=\"https:\/\/dirkpeters.info\/?page_id=1544\" class=\"exp-read-more exp-read-more-underlined\">Read More<\/a><\/div>\n","protected":false},"author":1,"featured_media":0,"parent":123,"menu_order":0,"comment_status":"closed","ping_status":"closed","template":"","meta":{"jetpack_post_was_ever_published":false,"footnotes":"","_links_to":"","_links_to_target":""},"class_list":["post-1544","page","type-page","status-publish","hentry"],"jetpack_shortlink":"https:\/\/wp.me\/P8HCXc-oU","jetpack-related-posts":[{"id":373,"url":"https:\/\/dirkpeters.info\/?page_id=373","url_meta":{"origin":1544,"position":0},"title":"Meine Genealogische Bibliothek \u2013 Ahnenreihen, Stammlisten, Ortsfamilienb\u00fccher","author":"dirkpeters","date":"10. Mai 2017","format":false,"excerpt":"Ahnen zu Karl dem Grossen und Widukind in 765 Ahnenst\u00e4mmen - Winkhaus, Eberhard; Selbstverlag Ennepetal-Altenvoerde 1950 Ahnenreihen aus allen deutschen Gauen Bde. 1 - 4 - Ehrenkrook, Hans Friedrich v. - C. A. Starke Verlag, Verzeichnis der Ahnenreihen Ahnen und Enkel, Bd. 1, Sammlung von Ahnen- und Nachkommenlisten - Euler,\u2026","rel":"","context":"In \"Ahnenreihen\"","block_context":{"text":"Ahnenreihen","link":"https:\/\/dirkpeters.info\/?tag=ahnenreihen"},"img":{"alt_text":"","src":"https:\/\/i0.wp.com\/dirkpeters.info\/wp-content\/uploads\/2019\/09\/es.jpg?resize=350%2C200&ssl=1","width":350,"height":200},"classes":[]},{"id":390,"url":"https:\/\/dirkpeters.info\/?page_id=390","url_meta":{"origin":1544,"position":1},"title":"Meine Genealogische Bibliothek \u2013 Regionales","author":"dirkpeters","date":"10. Mai 2017","format":false,"excerpt":"Brandenburg Biographisches Handbuch der preussischen Verwaltungs- und Justizbeamten 1740-1806\/15 - Straubel, Rolf - K.G.Saur 2009; Einzelver\u00f6ffentlichung der Historischen Kommission zu Berlin, Band 85 Der B\u00fcrger- und Einwohnerkataster der Stadt Spandau von 1723 - Pohl, Joachim - Degener & Co Der Eisenbahnabschnitt Erkner - Frankfurt (Oder) Geschichte und Personal 1842-1990 -\u2026","rel":"","context":"In \"B\u00fccher\"","block_context":{"text":"B\u00fccher","link":"https:\/\/dirkpeters.info\/?tag=buecher"},"img":{"alt_text":"","src":"","width":0,"height":0},"classes":[]},{"id":123,"url":"https:\/\/dirkpeters.info\/?page_id=123","url_meta":{"origin":1544,"position":2},"title":"Service","author":"dirkpeters","date":"6. Mai 2017","format":false,"excerpt":"A Adel im Netz Ahnenlisten aus dem Ahnenlistenumlauf, 21 Microfilmrollen Ahnenreihen aus allen Deutschen Gauen Ahnenreihenwerk Geschwister Fischer Die Ahnenstammkartei des deutschen Volkes: Teil I, gesamt 638 Mikrofilmrollen Die Ahnenstammkartei des deutschen Volkes: Teil II, Ahnenlisten, gesamt 576 Mikrofilmrollen Ahnentafel Peters Akten des preu\u00df. Heroldsamtes Altpreu\u00dfische Geschlechterkunde Armorial et nobiliaire\u2026","rel":"","context":"In \"Links\"","block_context":{"text":"Links","link":"https:\/\/dirkpeters.info\/?tag=links"},"img":{"alt_text":"","src":"","width":0,"height":0},"classes":[]},{"id":1152,"url":"https:\/\/dirkpeters.info\/?page_id=1152","url_meta":{"origin":1544,"position":3},"title":"Familien aus Mecklenburg und Vorpommern &#8211; Namensindex","author":"dirkpeters","date":"16. Mai 2017","format":false,"excerpt":"Wolf L\u00fcdeke von Weltzien: Familien aus Mecklenburg und Vorpommern Verzeichnis der vorkommenden Familiennamen Die Familiennamen wurden so aufgenommen, wie sie im Verzeichnis der B\u00fccher aufgef\u00fchrt wurden. Dem Buch h\u00e4tte auf jeden Fall ein fachkundiger Lektor gut getan. A | B | C | D | E | F | G\u2026","rel":"","context":"In \"Adel\"","block_context":{"text":"Adel","link":"https:\/\/dirkpeters.info\/?tag=adel"},"img":{"alt_text":"","src":"","width":0,"height":0},"classes":[]},{"id":380,"url":"https:\/\/dirkpeters.info\/?page_id=380","url_meta":{"origin":1544,"position":4},"title":"Meine Genealogische Bibliothek \u2013 Europ\u00e4ische Stammtafeln","author":"dirkpeters","date":"10. Mai 2017","format":false,"excerpt":"Europ\u00e4ische Stammtafeln - Stammtafeln zur Geschichte der Europ\u00e4ischen Staaten - Frank Baron Freytag von Loringhoven Bd. I - Die deutschen Staaten (J. A. Stargardt, Marburg, 1960) Bd. II - Die au\u00dferdeutschen Staaten (J. A. Stargardt, Marburg, 1960) Bd. IV - Standesherrliche H\u00e4user I (J. A. Stargardt, Marburg, 1968) Detlev Schwennicke:\u2026","rel":"","context":"In \"Adel\"","block_context":{"text":"Adel","link":"https:\/\/dirkpeters.info\/?tag=adel"},"img":{"alt_text":"","src":"https:\/\/i0.wp.com\/dirkpeters.info\/wp-content\/uploads\/2019\/03\/ESI-II-2.jpg?resize=350%2C200&ssl=1","width":350,"height":200,"srcset":"https:\/\/i0.wp.com\/dirkpeters.info\/wp-content\/uploads\/2019\/03\/ESI-II-2.jpg?resize=350%2C200&ssl=1 1x, https:\/\/i0.wp.com\/dirkpeters.info\/wp-content\/uploads\/2019\/03\/ESI-II-2.jpg?resize=525%2C300&ssl=1 1.5x, https:\/\/i0.wp.com\/dirkpeters.info\/wp-content\/uploads\/2019\/03\/ESI-II-2.jpg?resize=700%2C400&ssl=1 2x"},"classes":[]},{"id":3633,"url":"https:\/\/dirkpeters.info\/?page_id=3633","url_meta":{"origin":1544,"position":5},"title":"Erz\u00e4hlende genealogische Stammtafeln zur europ\u00e4ischen Geschichte","author":"dirkpeters","date":"14. Dezember 2019","format":false,"excerpt":"Autor: Andreas Thiele Verlag: R. G. Fischer Verlag Inhaltsverzeichnis der einzelnen B\u00e4nde Band I Teilband 1: Deutsche Kaiser-, K\u00f6nigs-, Herzogs- und Grafenh\u00e4user I 4. Auflage 2003 Die Merowinger, Frankenk\u00f6nige bis 751 Die Karolinger, Hausmeier, K\u00f6nige und Kaiser Die fr\u00fchen Robertiner im \u00dcberblick Die Konradiner, Herz\u00f6ge v. Franken u. Schwaben, K\u00f6nige\u2026","rel":"","context":"In \"B\u00fccher\"","block_context":{"text":"B\u00fccher","link":"https:\/\/dirkpeters.info\/?tag=buecher"},"img":{"alt_text":"","src":"https:\/\/i0.wp.com\/dirkpeters.info\/wp-content\/uploads\/2019\/09\/es.jpg?fit=348%2C500&ssl=1&resize=350%2C200","width":350,"height":200},"classes":[]}],"jetpack_sharing_enabled":true,"jetpack_likes_enabled":true,"_links":{"self":[{"href":"https:\/\/dirkpeters.info\/index.php?rest_route=\/wp\/v2\/pages\/1544","targetHints":{"allow":["GET"]}}],"collection":[{"href":"https:\/\/dirkpeters.info\/index.php?rest_route=\/wp\/v2\/pages"}],"about":[{"href":"https:\/\/dirkpeters.info\/index.php?rest_route=\/wp\/v2\/types\/page"}],"author":[{"embeddable":true,"href":"https:\/\/dirkpeters.info\/index.php?rest_route=\/wp\/v2\/users\/1"}],"replies":[{"embeddable":true,"href":"https:\/\/dirkpeters.info\/index.php?rest_route=%2Fwp%2Fv2%2Fcomments&post=1544"}],"version-history":[{"count":3,"href":"https:\/\/dirkpeters.info\/index.php?rest_route=\/wp\/v2\/pages\/1544\/revisions"}],"predecessor-version":[{"id":1547,"href":"https:\/\/dirkpeters.info\/index.php?rest_route=\/wp\/v2\/pages\/1544\/revisions\/1547"}],"up":[{"embeddable":true,"href":"https:\/\/dirkpeters.info\/index.php?rest_route=\/wp\/v2\/pages\/123"}],"wp:attachment":[{"href":"https:\/\/dirkpeters.info\/index.php?rest_route=%2Fwp%2Fv2%2Fmedia&parent=1544"}],"curies":[{"name":"wp","href":"https:\/\/api.w.org\/{rel}","templated":true}]}}