{"id":135,"date":"2017-05-06T21:57:28","date_gmt":"2017-05-06T19:57:28","guid":{"rendered":"http:\/\/test.dirkpeters.net\/?page_id=135"},"modified":"2019-02-10T19:30:38","modified_gmt":"2019-02-10T18:30:38","slug":"wappenbuecher","status":"publish","type":"page","link":"https:\/\/dirkpeters.info\/?page_id=135","title":{"rendered":"Wappenb\u00fccher"},"content":{"rendered":"<p>Links zu verschiedenen Wappenb\u00fcchern<\/p>\n<hr>\n<ul>\n<li>Bagmihl, Julius Theodor: Pommersches Wappenbuch\n<ul>\n<li><a title=\"http:\/\/kpbc.umk.pl\/dlibra\/publication\/20770\/content\" rel=\"nofollow\" href=\"http:\/\/kpbc.umk.pl\/dlibra\/publication\/20770\/content\">Band 1<\/a><\/li>\n<li><a title=\"http:\/\/kpbc.umk.pl\/dlibra\/publication\/20772\/content\" rel=\"nofollow\" href=\"http:\/\/kpbc.umk.pl\/dlibra\/publication\/20772\/content\">Band 2<\/a><\/li>\n<li><a title=\"http:\/\/kpbc.umk.pl\/dlibra\/publication\/20773\/content\" rel=\"nofollow\" href=\"http:\/\/kpbc.umk.pl\/dlibra\/publication\/20773\/content\">Band 3<\/a><\/li>\n<li><a title=\"http:\/\/kpbc.umk.pl\/dlibra\/publication\/20774\/content\" rel=\"nofollow\" href=\"http:\/\/kpbc.umk.pl\/dlibra\/publication\/20774\/content\">Band 4<\/a><\/li>\n<li><a title=\"http:\/\/kpbc.umk.pl\/dlibra\/publication\/20775\/content\" rel=\"nofollow\" href=\"http:\/\/kpbc.umk.pl\/dlibra\/publication\/20775\/content\">Band 5<\/a><\/li>\n<\/ul>\n<\/li>\n<li><a href=\"?p=3179\">Siebmachers Wappenb\u00fccher (Neuherausgabe 1854-1967)<\/a><\/li>\n<li><a title=\"http:\/\/books.google.de\/books?id=U7IFAAAAYAAJ&dq=Wappenbuch&as_brr=1&hl=en&source=gbs_navlinks_s\" rel=\"nofollow\" href=\"http:\/\/books.google.de\/books?id=U7IFAAAAYAAJ&dq=Wappenbuch&as_brr=1&hl=en&source=gbs_navlinks_s\">Darnier, Paul Eduard: Wappenbuch s\u00e4mmtlicher zur  ehstl\u00e4ndischen Adelsmatrikel geh\u00f6riger Familien, 1837<\/a><\/li>\n<li><a title=\"http:\/\/personen.digitale-sammlungen.de\/baltlex\/Band_bsb00000445.html\" rel=\"nofollow\" href=\"http:\/\/personen.digitale-sammlungen.de\/baltlex\/Band_bsb00000445.html\">Klingspor, Carl Arvid von: Baltisches Wappenbuch. Wappen  s\u00e4mmtlicher, den Ritterschaften von Livland, Estland, Kurland und Oesel  zugeh\u00f6riger Adelsgeschlechter, Stockholm 1882<\/a><\/li>\n<li>Spie\u00dfen, Max von: Wappenbuche des westf\u00e4lischen Adels\n<ul>\n<li><a title=\"http:\/\/wiki-commons.genealogy.net\/images\/0\/0e\/WappenWestfAdel.djvu?djvuopts&page=1\" rel=\"nofollow\" href=\"http:\/\/wiki-commons.genealogy.net\/images\/0\/0e\/WappenWestfAdel.djvu?djvuopts&page=1\">Band 1<\/a><\/li>\n<li><a title=\"http:\/\/wiki-commons.genealogy.net\/images\/e\/e3\/Wappen_Westf_Adel2.djvu?djvuopts&page=1\" rel=\"nofollow\" href=\"http:\/\/wiki-commons.genealogy.net\/images\/e\/e3\/Wappen_Westf_Adel2.djvu?djvuopts&page=1\">Band 2<\/a><\/li>\n<\/ul>\n<\/li>\n<li>Walliser Wappenb\u00fccher\n<ul>\n<li><a title=\"http:\/\/doc.rero.ch\/lm.php?url=1000,10,19,20100223150016-VE\/RB_6.pdf\" rel=\"nofollow\" href=\"http:\/\/doc.rero.ch\/lm.php?url=1000,10,19,20100223150016-VE\/RB_6.pdf\">Armorial Valaisan: Walliser Wappenbuch<\/a><\/li>\n<li><a title=\"http:\/\/doc.rero.ch\/lm.php?url=1000,10,19,20100209143845-DK\/D_TB_3018_1.pdf\" rel=\"nofollow\" href=\"http:\/\/doc.rero.ch\/lm.php?url=1000,10,19,20100209143845-DK\/D_TB_3018_1.pdf\">Neues Walliser Wappenbuch, Ausgabe 1974<\/a><\/li>\n<li><a title=\"http:\/\/doc.rero.ch\/lm.php?url=1000,10,19,20100209144651-QB\/D_TB_3018_2.pdf\" rel=\"nofollow\" href=\"http:\/\/doc.rero.ch\/lm.php?url=1000,10,19,20100209144651-QB\/D_TB_3018_2.pdf\">Neues Walliser Wappenbuch, Ausgabe 1984<\/a><\/li>\n<\/ul>\n<\/li>\n<li>Tyroff, Konrad: Wappenbuch des gesammten Adels des K\u00f6nigreichs  Baiern: Aus der Adelsmatrikel gezogen\n<ul>\n<li><a title=\"http:\/\/wiki-commons.genealogy.net\/images\/0\/0f\/Wappen_bayern_01_1818.djvu?djvuopts&page=1\" rel=\"nofollow\" href=\"http:\/\/wiki-commons.genealogy.net\/images\/0\/0f\/Wappen_bayern_01_1818.djvu?djvuopts&page=1\">Bd. 1<\/a><\/li>\n<li><a title=\"http:\/\/wiki-commons.genealogy.net\/images\/5\/5c\/Wappen_bayern_5_1822.djvu?djvuopts&page=1\" rel=\"nofollow\" href=\"http:\/\/wiki-commons.genealogy.net\/images\/5\/5c\/Wappen_bayern_5_1822.djvu?djvuopts&page=1\">Bd. 5<\/a><\/li>\n<li><a title=\"http:\/\/books.google.de\/books?id=Y-1HAAAAMAAJ&dq=Wappenbuch&as_brr=1&hl=en&source=gbs_navlinks_s\" rel=\"nofollow\" href=\"http:\/\/books.google.de\/books?id=Y-1HAAAAMAAJ&dq=Wappenbuch&as_brr=1&hl=en&source=gbs_navlinks_s\">Bd. 7 und 8<\/a><\/li>\n<li><a title=\"http:\/\/books.google.de\/books?id=ee5HAAAAMAAJ&dq=Wappenbuch&as_brr=1&hl=en&source=gbs_navlinks_s\" rel=\"nofollow\" href=\"http:\/\/books.google.de\/books?id=ee5HAAAAMAAJ&dq=Wappenbuch&as_brr=1&hl=en&source=gbs_navlinks_s\">Bd. 11 und 12<\/a><\/li>\n<li><a title=\"http:\/\/wiki-commons.genealogy.net\/images\/4\/42\/Wappen_Bayern_14.djvu?djvuopts&page=1\" rel=\"nofollow\" href=\"http:\/\/wiki-commons.genealogy.net\/images\/4\/42\/Wappen_Bayern_14.djvu?djvuopts&page=1\">Bd. 14<\/a><\/li>\n<li><a title=\"http:\/\/wiki-commons.genealogy.net\/images\/d\/df\/Wappen_Bayern_15.djvu?djvuopts&page=1\" rel=\"nofollow\" href=\"http:\/\/wiki-commons.genealogy.net\/images\/d\/df\/Wappen_Bayern_15.djvu?djvuopts&page=1\">Bd. 15<\/a><\/li>\n<\/ul>\n<\/li>\n<\/ul>\n<p>Dar\u00fcber hinaus ist bei <a href=\"http:\/\/www.ancestry.de\" target=\"_blank\">Ancestry.de<\/a> der komplette Siebmacher, allerdings kostenpflichtig, eingestellt.<\/p>\n","protected":false},"excerpt":{"rendered":"<p>Links zu verschiedenen Wappenb\u00fcchern Bagmihl, Julius Theodor: Pommersches Wappenbuch Band 1 Band 2 Band 3 Band 4 Band 5 Siebmachers Wappenb\u00fccher (Neuherausgabe 1854-1967) Darnier, Paul Eduard: Wappenbuch s\u00e4mmtlicher zur ehstl\u00e4ndischen<\/p>\n<div><a href=\"https:\/\/dirkpeters.info\/?page_id=135\" class=\"exp-read-more exp-read-more-underlined\">Read More<\/a><\/div>\n","protected":false},"author":1,"featured_media":0,"parent":123,"menu_order":0,"comment_status":"closed","ping_status":"closed","template":"","meta":{"jetpack_post_was_ever_published":false,"footnotes":"","_links_to":"","_links_to_target":""},"class_list":["post-135","page","type-page","status-publish","hentry"],"jetpack_shortlink":"https:\/\/wp.me\/P8HCXc-2b","jetpack-related-posts":[{"id":346,"url":"https:\/\/dirkpeters.info\/?page_id=346","url_meta":{"origin":135,"position":0},"title":"Gothaisches Genealogisches Taschenbuch der gr\u00e4flichen H\u00e4user","author":"dirkpeters","date":"9. Mai 2017","format":false,"excerpt":"Verzeichnis s\u00e4mtlicher Geschlechter, die im Gothaischen Hofkalender und in den Genealogischen Taschenb\u00fcchern enthalten sind.Das Gothaische genealogische Taschenbuch der gr\u00e4flichen H\u00e4user erschine von 1825 - 1942 im Verlag von Justus Perthes in Gotha. Ab 1923 war es in die Unterreihen A (gerade Jahrg\u00e4nge, Gr\u00e4fliche H\u00e4user des sp\u00e4testens um 1400 nachgewiesenen ritterb\u00fcrtigen\u2026","rel":"","context":"In \"Adel\"","block_context":{"text":"Adel","link":"https:\/\/dirkpeters.info\/?tag=adel"},"img":{"alt_text":"Gotha Grafen","src":"https:\/\/i0.wp.com\/test.dirkpeters.net\/wp-content\/uploads\/2017\/05\/gotha_grafen-694x1024.jpg?resize=350%2C200","width":350,"height":200,"srcset":"https:\/\/i0.wp.com\/test.dirkpeters.net\/wp-content\/uploads\/2017\/05\/gotha_grafen-694x1024.jpg?resize=350%2C200 1x, https:\/\/i0.wp.com\/test.dirkpeters.net\/wp-content\/uploads\/2017\/05\/gotha_grafen-694x1024.jpg?resize=525%2C300 1.5x"},"classes":[]},{"id":351,"url":"https:\/\/dirkpeters.info\/?page_id=351","url_meta":{"origin":135,"position":1},"title":"Gothaisches Genealogisches Taschenbuch der Uradeligen H\u00e4user","author":"dirkpeters","date":"9. Mai 2017","format":false,"excerpt":"Verzeichnis s\u00e4mtlicher Geschlechter, die im Gothaischen Hofkalender und in den Genealogischen Taschenb\u00fcchern enthalten sind. Das Gothaisches Genealogisches Taschenbuch der Uradeligen H\u00e4user erschien zwischen 1900 und 1942 im Verlag von Justus Perthes in Gotha. Von 1900 bis 1906 erschien es als Gothaisches Genealogisches Taschenbuch der Adeligen H\u00e4user, von 1907 bis 1919\u2026","rel":"","context":"In \"Adel\"","block_context":{"text":"Adel","link":"https:\/\/dirkpeters.info\/?tag=adel"},"img":{"alt_text":"","src":"https:\/\/i0.wp.com\/dirkpeters.info\/wp-content\/uploads\/2018\/10\/Adel-A-1908-644x1024.jpg?resize=350%2C200","width":350,"height":200,"srcset":"https:\/\/i0.wp.com\/dirkpeters.info\/wp-content\/uploads\/2018\/10\/Adel-A-1908-644x1024.jpg?resize=350%2C200 1x, https:\/\/i0.wp.com\/dirkpeters.info\/wp-content\/uploads\/2018\/10\/Adel-A-1908-644x1024.jpg?resize=525%2C300 1.5x"},"classes":[]},{"id":125,"url":"https:\/\/dirkpeters.info\/?page_id=125","url_meta":{"origin":135,"position":2},"title":"Lexika im Internet","author":"dirkpeters","date":"6. Mai 2017","format":false,"excerpt":"Im World Wide Web finden sich eine Menge Lexika, viele sind davon auch f\u00fcr die Familienforschung n\u00fctzlich. Hier sind Links zu einigen interessanten Werken: Allgemeine \/ Neue Deutsche Biographie Startseite Genealogisch-historisch-statistischer Almanach 1824 1830 1831 1832 Hellbach, Johann Christian von: Adels-Lexikon, oder, Handbuch \u00fcber die historischen, genealogischen und diplomatischen ,\u2026","rel":"","context":"\u00c4hnlicher Beitrag","block_context":{"text":"\u00c4hnlicher Beitrag","link":""},"img":{"alt_text":"","src":"","width":0,"height":0},"classes":[]},{"id":439,"url":"https:\/\/dirkpeters.info\/?page_id=439","url_meta":{"origin":135,"position":3},"title":"Ahnentafel Peters","author":"dirkpeters","date":"10. Mai 2017","format":false,"excerpt":"Die Ahnentafel enth\u00e4lt die Vorfahren meiner Tochter bis zur 25. Generation. Die \u00f6ffentliche Version stelle ich hier zum Download bereit, sie enth\u00e4lt keine Familiendokumente sowie keine weiteren Angaben zu lebenden Personen. Der Band 4 enth\u00e4lt Anmerkungen, Namensverzeichnisse und Quellenangaben, sowie die Ahnentafeln Gaastra und Mainzinger. Der aktuelle Forschungsstand ist in\u2026","rel":"","context":"In \"Ahnentafel\"","block_context":{"text":"Ahnentafel","link":"https:\/\/dirkpeters.info\/?tag=ahnentafel"},"img":{"alt_text":"Ahnentafel Band 1","src":"..\/wp-content\/uploads\/2017\/05\/ahnentafel_bd_1-212x300.jpg","width":350,"height":200},"classes":[]},{"id":131,"url":"https:\/\/dirkpeters.info\/?page_id=131","url_meta":{"origin":135,"position":4},"title":"Familien\u00fcbergreifende Reihen und B\u00fccher","author":"dirkpeters","date":"6. Mai 2017","format":false,"excerpt":"Links zu B\u00fcchern und Reihen, die familien\u00fcbergreifende Informationen bzw. Informationen zu mehreren Familien enthalten.Das Herunterladen von B\u00fcchern bei Google, die nach 1870 erschienen sind funktioniert nur \u00fcber einen amerikanischen Proxy bzw. das Firefox-Addon googlesharing. Das eingeschaltete Browsen simuliert nun die Suche als US-B\u00fcrger und erm\u00f6glicht im Gesamtergebnis zuverl\u00e4ssig einige Downloads\u2026","rel":"","context":"\u00c4hnlicher Beitrag","block_context":{"text":"\u00c4hnlicher Beitrag","link":""},"img":{"alt_text":"","src":"","width":0,"height":0},"classes":[]},{"id":748,"url":"https:\/\/dirkpeters.info\/?page_id=748","url_meta":{"origin":135,"position":5},"title":"Pommersche Lebensbilder","author":"dirkpeters","date":"12. Mai 2017","format":false,"excerpt":"Pommersche Lebensbilder, herausgegeben von der Landesgeschichtlichen Forschungstelle (Historischen Kommission) f\u00fcr Pommern, Bde. 1 \u2013 3, Verlag Leon Sauniers Buchhandlung, Stettin 1934 \u20131939 Band 1 Band 2 Band 3 Arndt, Ernst Moritz Benzmann, Hans v. Beseler, Hans Billroth, Theodor v. Bismarck, Johanna, geb. v. Puttkamer Clausius, Rudolf Dohrn, Anton Droysen, Johann\u2026","rel":"","context":"In \"Biographie\"","block_context":{"text":"Biographie","link":"https:\/\/dirkpeters.info\/?tag=biographie"},"img":{"alt_text":"","src":"","width":0,"height":0},"classes":[]}],"jetpack_sharing_enabled":true,"jetpack_likes_enabled":true,"_links":{"self":[{"href":"https:\/\/dirkpeters.info\/index.php?rest_route=\/wp\/v2\/pages\/135","targetHints":{"allow":["GET"]}}],"collection":[{"href":"https:\/\/dirkpeters.info\/index.php?rest_route=\/wp\/v2\/pages"}],"about":[{"href":"https:\/\/dirkpeters.info\/index.php?rest_route=\/wp\/v2\/types\/page"}],"author":[{"embeddable":true,"href":"https:\/\/dirkpeters.info\/index.php?rest_route=\/wp\/v2\/users\/1"}],"replies":[{"embeddable":true,"href":"https:\/\/dirkpeters.info\/index.php?rest_route=%2Fwp%2Fv2%2Fcomments&post=135"}],"version-history":[{"count":3,"href":"https:\/\/dirkpeters.info\/index.php?rest_route=\/wp\/v2\/pages\/135\/revisions"}],"predecessor-version":[{"id":3191,"href":"https:\/\/dirkpeters.info\/index.php?rest_route=\/wp\/v2\/pages\/135\/revisions\/3191"}],"up":[{"embeddable":true,"href":"https:\/\/dirkpeters.info\/index.php?rest_route=\/wp\/v2\/pages\/123"}],"wp:attachment":[{"href":"https:\/\/dirkpeters.info\/index.php?rest_route=%2Fwp%2Fv2%2Fmedia&parent=135"}],"curies":[{"name":"wp","href":"https:\/\/api.w.org\/{rel}","templated":true}]}}