{"id":131,"date":"2017-05-06T21:53:13","date_gmt":"2017-05-06T19:53:13","guid":{"rendered":"http:\/\/test.dirkpeters.net\/?page_id=131"},"modified":"2017-06-05T21:19:55","modified_gmt":"2017-06-05T19:19:55","slug":"familienuebergreifende-reihen-und-buecher","status":"publish","type":"page","link":"https:\/\/dirkpeters.info\/?page_id=131","title":{"rendered":"Familien\u00fcbergreifende Reihen und B\u00fccher"},"content":{"rendered":"<p>Links zu B\u00fcchern und Reihen, die familien\u00fcbergreifende Informationen bzw. Informationen zu mehreren Familien enthalten.<br \/>Das Herunterladen von B\u00fcchern bei Google, die nach 1870 erschienen sind funktioniert nur \u00fcber einen amerikanischen Proxy bzw. das <a href=\"https:\/\/addons.mozilla.org\/de\/firefox\/addon\/60333\/\">Firefox-Addon<\/a> googlesharing. Das eingeschaltete Browsen simuliert nun die Suche als US-B\u00fcrger und erm\u00f6glicht im Gesamtergebnis zuverl\u00e4ssig einige Downloads mehr, wenn man darauf achtet die Domain mit <a href=\"http:\/\/books.google.com\/\">http:\/\/books.google.com\/<\/a> aufzurufen.<\/p>\n<ul>\n<li>Ahlefeldt, Louis von, Rumohr Dr\u00fcllt, von: <a href=\"http:\/\/digiwubu.gdz-cms.de\/ddms\/dimg\/?IDDOC=290525\">Die Schleswig-Holsteinische Ritterschaft Heft 1 und 2, Die Familie von Ahlefeldt, Schleswig 1869<\/a><\/li>\n<li>Behrens, Konrad Barthold: <a href=\"http:\/\/gdz.sub.uni-goettingen.de\/dms\/load\/img\/?IDDOC=297551\">Genealogische und zum Theil historische Vorstellung des Uhrsprungs und Fortstammung Einiger Uhralter, Wohlgeborener Hochadelichen H\u00e4user, Hannover und Wolfenb\u00fcttel 1703<\/a><\/li>\n<li>B\u00e9ringuier, Dr. R.: <a href=\"http:\/\/wiki-commons.genealogy.net\/images\/2\/2f\/Berlin_Franz_Colonie_1885.djvu?djvuopts&amp;page=1\">Die Stammb\u00e4ume der Mitglieder der Franz\u00f6sichen Colonie in Berlin, Berlin 1887<\/a><\/li>\n<li>Biedermann, Johann Gottfried:\n<ul>\n<li><a href=\"http:\/\/digital.slub-dresden.de\/sammlungen\/werkansicht\/323473083\/1\/\/\/all\/?type=0\">Geschlechts-Register Der Reichs Frey unmittelbaren Ritterschafft Landes zu Francken l\u00f6blichen Orts Ottenwald<\/a><\/li>\n<li><a href=\"http:\/\/gdz.sub.uni-goettingen.de\/dms\/load\/toc\/\">Genealogie der hohen F\u00fcrstenh\u00e4user im Fr\u00e4nkischen Kreise<\/a><\/li>\n<li><a href=\"http:\/\/www.mdz-nbn-resolving.de\/urn\/resolver.pl?urn=urn:nbn:de:bvb:12-bsb10328046-6\">Geschlechtsregister Der Reichsfrey unmittelbaren Ritterschaft Landes zu Franken L\u00f6blichen Orts Rh\u00f6n und Werra<\/a><\/li>\n<li><a href=\"http:\/\/www.mdz-nbn-resolving.de\/urn\/resolver.pl?urn=urn:nbn:de:bvb:12-bsb10328047-2\">Geschlechtsregister der Reichsfrey unmittelbaren Ritterschaft Landes zu Franken L\u00f6blichen Orts Baunach<\/a><\/li>\n<li><a href=\"http:\/\/www.mdz-nbn-resolving.de\/urn\/resolver.pl?urn=urn:nbn:de:bvb:12-bsb10624302-4\">Geschlechts-Register der l\u00f6blichen Ritterschafft im Voigtlande<\/a><\/li>\n<li><a href=\"http:\/\/www.mdz-nbn-resolving.de\/urn\/resolver.pl?urn=urn:nbn:de:bvb:12-bsb10328050-0\">Geschlechts-Register Der Reichs-Frey unmittelbaren Ritterschafft Landes zu Francken, L\u00f6blichen Orts Steigerwald<\/a><\/li>\n<li><a href=\"http:\/\/www.mdz-nbn-resolving.de\/urn\/resolver.pl?urn=urn:nbn:de:bvb:12-bsb10328049-7\">Geschlechts-Register Der Reichs-Frey-unmittelbaren Ritterschafft Landes zu Francken L\u00f6blichen Orts-Geb\u00fcrg<\/a><\/li>\n<\/ul>\n<\/li>\n<li>Buttlar-Elberberg, Rudolf von: <a href=\"http:\/\/digiwubu.gdz-cms.de\/ddms\/dimg\/?IDDOC=294866\">Stammbuch der Althessischen Ritterschaft, Kassel 1888<\/a><\/li>\n<li>Damberger, Joseph Ferdinand: <a href=\"http:\/\/books.google.com\/books?id=RTMFAAAAIAAJ&amp;dq=subject:%22genealogy%22&amp;lr=lang_de&amp;as_drrb_is=q&amp;as_minm_is=0&amp;as_miny_is=&amp;as_maxm_is=0&amp;as_maxy_is=&amp;num=100&amp;as_brr=1&amp;source=gbs_navlinks_s\">F\u00fcrstenbuch zur F\u00fcrstentafel der europ\u00e4ischen Stattengeschichte, F. Pustet, 1831<\/a><\/li>\n<li>Fahne, Anton:\n<ul>\n<li><a href=\"http:\/\/digiwubu.gdz-cms.de\/ddms\/dimg\/?IDDOC=323047\">Denkmale und Ahnentafeln des Geschlechts Mumm oder Momm, C\u00f6ln 1875<\/a><\/li>\n<li>Denkmale und Ahnentafeln in Rheinland und Westfalen\n<ul>\n<li><a href=\"http:\/\/digiwubu.gdz-cms.de\/ddms\/dimg\/?IDDOC=323015\">2. Bd: Aufschw\u00f6rungen der Bergischen Ritterschaft; Das Geschlecht Tenckinck, D\u00fcsseldorf 1878<\/a><\/li>\n<li><a href=\"http:\/\/digiwubu.gdz-cms.de\/ddms\/dimg\/?IDDOC=323037\">3. Bd: Aufschw\u00f6rungen der Ritterschaft des Herzogthums Cleve, D\u00fcsseldorf 1879<\/a><\/li>\n<li><a href=\"http:\/\/digiwubu.gdz-cms.de\/ddms\/dimg\/?IDDOC=324111\">4. Bd: Aufschw\u00f6rungen der j\u00fclischen Ritterschaft, Aufschw\u00f6rungen des Damenstifts Oberndorf, D\u00fcsseldorf 1880<\/a><\/li>\n<li><a href=\"http:\/\/digiwubu.gdz-cms.de\/ddms\/dimg\/?IDDOC=324125\">5. Bd: Aufschw\u00f6rungen der j\u00fclischen Ritterschaft, D\u00fcsseldorf 1882<\/a><\/li>\n<li><a href=\"http:\/\/gdz.sub.uni-goettingen.de\/dms\/load\/img\/?PPN=PPN575050632\">6. Band Der kleine Waldt der freyen Reichsstatt Collen<\/a><\/li>\n<\/ul>\n<\/li>\n<li><a href=\"http:\/\/digiwubu.gdz-cms.de\/ddms\/dimg\/?IDDOC=300267\">Die Geschichte der Herren und Freiherren von H\u00f6vel, 1. Bd. 2. Abt.: Geschichte von hundert Rheinischen, Westph\u00e4lischen, Niederl\u00e4ndischen und andern hervorragenden Geschlechtern, C\u00f6ln 1860<\/a><\/li>\n<\/ul>\n<\/li>\n<li>F\u00fcrth, Freiherr Hermann Ariovist von: Beitr\u00e4ge und Material zur Geschichte Aachener Patrizier Familien\n<ul>\n<li><a href=\"http:\/\/wiki-commons.genealogy.net\/images\/b\/b8\/F%C3%BCrth_Aachener-Patrizier-1.djvu?djvuopts&amp;page=1\">Band 1<\/a><\/li>\n<li><a href=\"http:\/\/wiki-commons.genealogy.net\/images\/9\/90\/Fuerth-AC-Patrizier-2.djvu?djvuopts&amp;page=1\">Band 2<\/a><\/li>\n<li><a href=\"http:\/\/wiki-de.genealogy.net\/w\/index.php?title=Datei:Fuerth-Aachener-Patrizier-3.djvu&amp;page=1\">Band 3<\/a><\/li>\n<\/ul>\n<\/li>\n<li>Hatard, Damian: Die Hoheit des Teutschen Reichs-Adels\n<ul>\n<li><a href=\"http:\/\/books.google.de\/books?id=f-A-AAAAcAAJ&amp;dq=Die+Hoheit+des+Teutschen+Reichs-+Adels&amp;source=gbs_navlinks_s\">Band 1<\/a><\/li>\n<li><a href=\"http:\/\/books.google.de\/books?id=rOA-AAAAcAAJ&amp;dq=Die+Hoheit+des+Teutschen+Reichs-+Adels&amp;source=gbs_navlinks_s\">Band 2<\/a><\/li>\n<li><a href=\"http:\/\/books.google.de\/books?id=y-A-AAAAcAAJ&amp;dq=Die+Hoheit+des+Teutschen+Reichs-+Adels&amp;source=gbs_navlinks_s\">Band 3<\/a><\/li>\n<\/ul>\n<\/li>\n<li>Genealogisches Handbuch der baltischen Ritterschaften\n<ul>\n<li><a href=\"http:\/\/personen.digitale-sammlungen.de\/baltlex\/Band_bsb00000558.html\">Genealogisches Handbuch der baltischen Ritterschaften Teil 1, 1: Livland, G\u00f6rlitz 1929<\/a><\/li>\n<li><a href=\"http:\/\/personen.digitale-sammlungen.de\/baltlex\/Band_bsb00000559.html\">Genealogisches Handbuch der baltischen Ritterschaften Teil 1, 2: Livland, Lfg. 9-15, G\u00f6rlitz 1929<\/a><\/li>\n<li><a href=\"http:\/\/personen.digitale-sammlungen.de\/baltlex\/Band_bsb00000600.html\">Genealogisches Handbuch der baltischen Ritterschaften Teil 2, 1.2: Estland, G\u00f6rlitz 1930<\/a><\/li>\n<li><a href=\"http:\/\/personen.digitale-sammlungen.de\/baltlex\/Band_bsb00000601.html\">Genealogisches Handbuch der baltischen Ritterschaften Teil 2, 3: Estland, G\u00f6rlitz 1930<\/a><\/li>\n<li><a href=\"http:\/\/personen.digitale-sammlungen.de\/baltlex\/Band_bsb00000602.html\">Genealogisches Handbuch der baltischen Ritterschaften Teil 3,1: Kurland, G\u00f6rlitz<\/a><\/li>\n<li><a href=\"http:\/\/personen.digitale-sammlungen.de\/baltlex\/Band_bsb00000603.html\">Genealogisches Handbuch der baltischen Ritterschaften Teil 3, 2: Kurland, Lfg. 9-12, G\u00f6rlitz<\/a><\/li>\n<li><a href=\"http:\/\/personen.digitale-sammlungen.de\/baltlex\/Band_bsb00000345.html\">Genealogisches Handbuch der Oeselschen Ritterschaft, 1935<\/a><\/li>\n<\/ul>\n<\/li>\n<li>Gesterding, Carl; Pyl, Theodor: Pommersche Genealogien\n<ul>\n<li><a href=\"http:\/\/kpbc.umk.pl\/dlibra\/publication\/20960\/content\">Band 1<\/a><\/li>\n<li><a href=\"http:\/\/kpbc.umk.pl\/dlibra\/publication\/21575\/content\">Band 2<\/a><\/li>\n<li><a href=\"http:\/\/kpbc.umk.pl\/dlibra\/publication\/21576\/content\">Band 3<\/a><\/li>\n<li><a href=\"http:\/\/kpbc.umk.pl\/dlibra\/publication\/21577\/content\">Band 4<\/a><\/li>\n<li><a href=\"http:\/\/kpbc.umk.pl\/dlibra\/publication\/21578\/content\">Band 5<\/a><\/li>\n<\/ul>\n<\/li>\n<li>Grote, Hermann: <a href=\"https:\/\/archive.org\/details\/bub_gb_OSofAAAAMAAJ\" target=\"_blank\">Stammtafeln Mit Anhang Calendarium medii aevi<\/a><\/li>\n<li>Jacobi, Christian Friedrich: <a href=\"http:\/\/www.bsb-muenchen-digital.de\/%7Eweb\/web1042\/bsb10428237\/images\/index.html?digID=bsb10428237&amp;pimage=5&amp;v=100&amp;nav=0&amp;l=de\">Europ\u00e4isches Genealogisches Handbuch<\/a>, Leipzig 1794<\/li>\n<li>Kindler von Knobloch, Julius: <a href=\"http:\/\/digiwubu.gdz-cms.de\/ddms\/dimg\/?IDDOC=330035\">Der alte Adel im Oberelsass, Berlin 1882<\/a><\/li>\n<li>K\u00f6nig, Valentin:Genealogische Adels-Historie\n<ul>\n<li><a href=\"http:\/\/www.mdz-nbn-resolving.de\/urn\/resolver.pl?urn=urn:nbn:de:bvb:12-bsb10328201-9\">Band 1<\/a><\/li>\n<li><a href=\"http:\/\/www.mdz-nbn-resolving.de\/urn\/resolver.pl?urn=urn:nbn:de:bvb:12-bsb10328202-4\">Band 2<\/a><\/li>\n<li><a href=\"http:\/\/www.mdz-nbn-resolving.de\/urn\/resolver.pl?urn=urn:nbn:de:bvb:12-bsb10328203-0\">Band 3<\/a><\/li>\n<\/ul>\n<\/li>\n<li>Krick, Ludwig Heinrich: <a href=\"http:\/\/wiki-de.genealogy.net\/212_Stammtafeln_adeliger_Familien_denen_geistliche_W%C3%BCrdentr%C3%A4ger_des_Bistums_Passau_entsprossen_sind\">212 Stammtafeln adeliger Familien denen geistliche W\u00fcrdentr\u00e4ger des Bistums Passau entsprossen sind mit Einbeziehung der geistlichen W\u00fcrdentr\u00e4ger anderer Bist\u00fcmer, Vilshofen a. Donau: Missionskloster O. S. B. Schweiklberg 1924<\/a><\/li>\n<li>Leuckfeld, Johann Georg: <a href=\"http:\/\/www.digibib.tu-bs.de\/?docid=00033178\">Antiquitates Gandersheimenses: Oder Historische Beschreibung des uhralten kayserl. freyen weltlichen Reichs-stiffts Gandersheim \/ worinnen von dessen alter Lands-Gegend \u2026 wie auch zugeh\u00f6rten Kirchen \/ Capellen \/ und insonderheit Kl\u00f6stern: Brunshaussen \/ Cluss \/ und S. Mari\u00e6, Aebtissin \u2026 [u. s. w.<\/a> ausf\u00fchrlich gehandelt wird. Wolffenb\u00fcttel : Freytag, 1709]<\/li>\n<li>Luneberg, Mushard: <a href=\"http:\/\/digiwubu.gdz-cms.de\/ddms\/dimg\/?IDDOC=314542\">Bremisch- und Verdischer Ritter-Sahl Oder Denckmahl Der Uhralten Ber\u00fchmten Hoch-adelichen Geschlechter Insonderheit der Hochl\u00f6blichen Ritterschafft In Denen Hertzogth\u00fcmern Bremen und Verden, Bremen 1720<\/a><\/li>\n<li>M\u00f6hlmann, J. H. D.: <a href=\"http:\/\/digiwubu.gdz-cms.de\/ddms\/dresolver\/?PPN=PPN529038978\">Stammtafeln einiger Ostfriesischer, Hann\u00f6verscher und Westph\u00e4lischer Familien nebst dahin geh\u00f6renden Nachrichten, Leer 1882<\/a><\/li>\n<li>M\u00fclverstedt v., Georg Adalbert: <a href=\"http:\/\/books.google.com\/books?id=M5RAAAAAcAAJ&amp;dq=ehestiftungen%20leibgedingsbriefe&amp;hl=de&amp;pg=PR1#v=onepage&amp;q&amp;f=false\">Sammlung von Ehestiftungen und Leibgedingsbriefen ritterschaftlicher Geschlechter der Provinzen Sachsen, Brandenburg, Pommern und Preussen, nach archivalischen Quellen, Verlag Baensch jun.: Magdeburg 1863<\/a><\/li>\n<li><a href=\"http:\/\/kpbc.umk.pl\/dlibra\/docmetadata?id=3096&amp;from=&amp;dirids=1&amp;ver_id=1122606&amp;lp=31&amp;QI=%216C8FC586FF9DC2F122F27F9AFD06726A-1\">Stemmata genealogica praecipuarum in Prussia Familiarum Nobilium<\/a><\/li>\n<li>Sokop, Brigitte: <a href=\"https:\/\/archive.org\/details\/stammtafelneurop00unse\" target=\"_blank\">Stammtafeln europ\u00e4ischer Herrscherh\u00e4user<\/a><\/li>\n<li>Strange, Joseph: Beitr\u00e4ge zur Genealogie der adligen Geschlechter\n<ul>\n<li><a href=\"http:\/\/wiki-commons.genealogy.net\/images\/7\/7d\/Strange_01.djvu?djvuopts&amp;page=1\">Heft 1<\/a><\/li>\n<li><a href=\"http:\/\/wiki-commons.genealogy.net\/images\/f\/fb\/Strange_02.djvu?djvuopts&amp;page=1\">Heft 2<\/a><\/li>\n<li><a href=\"http:\/\/wiki-commons.genealogy.net\/images\/1\/12\/Strange_03.djvu?djvuopts&amp;page=1\">Heft 3<\/a><\/li>\n<li><a href=\"http:\/\/wiki-commons.genealogy.net\/images\/8\/86\/Strange_04.djvu\">Heft 4<\/a><\/li>\n<li><a href=\"http:\/\/wiki-commons.genealogy.net\/images\/8\/81\/Strange_05.djvu?djvuopts&amp;page=1\">Heft 5<\/a><\/li>\n<li><a href=\"http:\/\/wiki-commons.genealogy.net\/images\/b\/ba\/Strange_06.djvu?djvuopts&amp;page=1\">Heft 6<\/a><\/li>\n<li><a href=\"http:\/\/wiki-commons.genealogy.net\/images\/3\/3b\/Strange_07.djvu?djvuopts&amp;page=1\">Heft 7<\/a><\/li>\n<li><a href=\"http:\/\/wiki-commons.genealogy.net\/images\/b\/bc\/Strange_08.djvu?djvuopts&amp;page=1\">Heft 8<\/a><\/li>\n<li><a href=\"http:\/\/wiki-commons.genealogy.net\/images\/3\/3c\/Strange_09.djvu?djvuopts&amp;page=1\">Heft 9<\/a><\/li>\n<li><a href=\"http:\/\/wiki-commons.genealogy.net\/images\/8\/80\/Strange_10.djvu?djvuopts&amp;page=1\">Heft 10<\/a><\/li>\n<li><a href=\"http:\/\/wiki-commons.genealogy.net\/images\/f\/fe\/Strange_11.djvu?djvuopts&amp;page=1\">Heft 11<\/a><\/li>\n<li><a href=\"http:\/\/wiki-commons.genealogy.net\/images\/7\/76\/Strange_12.djvu?djvuopts&amp;page=1\">Heft 12<\/a><\/li>\n<\/ul>\n<\/li>\n<\/ul>\n","protected":false},"excerpt":{"rendered":"<p>Links zu B\u00fcchern und Reihen, die familien\u00fcbergreifende Informationen bzw. Informationen zu mehreren Familien enthalten.Das Herunterladen von B\u00fcchern bei Google, die nach 1870 erschienen sind funktioniert nur \u00fcber einen amerikanischen Proxy<\/p>\n<div><a href=\"https:\/\/dirkpeters.info\/?page_id=131\" class=\"exp-read-more exp-read-more-underlined\">Read More<\/a><\/div>\n","protected":false},"author":1,"featured_media":0,"parent":123,"menu_order":0,"comment_status":"closed","ping_status":"closed","template":"","meta":{"jetpack_post_was_ever_published":false,"footnotes":"","_links_to":"","_links_to_target":""},"class_list":["post-131","page","type-page","status-publish","hentry"],"jetpack_shortlink":"https:\/\/wp.me\/P8HCXc-27","jetpack-related-posts":[{"id":106,"url":"https:\/\/dirkpeters.info\/?page_id=106","url_meta":{"origin":131,"position":0},"title":"Impressum","author":"dirkpeters","date":"6. Mai 2017","format":false,"excerpt":"Angaben gem\u00e4\u00df \u00a7 5 Telemediengesetz Allgemeine Informationen Name und Anschrift Dirk Peters Am alten Wasserwerk 3 14669 Ketzin mail@dirkpeters.net Telefon: Da ich die Seite rein privat betreibe, gebe ich keine Telefonnummer an. Datenschutzerkl\u00e4rung Weitere Informationen Links auf meine Seiten Selbstverst\u00e4ndlich ist es gern gesehen, wenn Sie meine Homepagen auf Ihrer\u2026","rel":"","context":"\u00c4hnlicher Beitrag","block_context":{"text":"\u00c4hnlicher Beitrag","link":""},"img":{"alt_text":"","src":"","width":0,"height":0},"classes":[]},{"id":1086,"url":"https:\/\/dirkpeters.info\/?page_id=1086","url_meta":{"origin":131,"position":1},"title":"Europ\u00e4ische Stammtafeln","author":"dirkpeters","date":"15. Mai 2017","format":false,"excerpt":"Die Europ\u00e4ischen Stammtafeln gibt es aktuell beim Verlag Vittorio Klostermann in Frankfurt, dem Verlag Degener & Co, gebraucht sind sie \u00fcber ZVAB zu bekommen. Einige B\u00e4nde finden sich auch in meiner genealogischen Bibliothek. A | B | C | D | E | F | G | H | I\u2026","rel":"","context":"In \"B\u00fccher\"","block_context":{"text":"B\u00fccher","link":"https:\/\/dirkpeters.info\/?tag=buecher"},"img":{"alt_text":"","src":"","width":0,"height":0},"classes":[]},{"id":78,"url":"https:\/\/dirkpeters.info\/?page_id=78","url_meta":{"origin":131,"position":2},"title":"Genealogieblogs- und Webseiten","author":"dirkpeters","date":"6. Mai 2017","format":false,"excerpt":"Abenteuer Ahnenforschung - Der Blog von Andrea Bentschneider. In diesem Blog dreht sich alles um Themen rund um die Ahnen- und Familienforschung. Hier werden Sie Erfahrungsberichte, Hilfestellungen, Antworten auf Fragen, Hinweise auf Publikationen und TV-Sendungen sowie andere\u2026 Ahnenforschung der Familie Auf'm Kampe - Die Familienforschungsseite von Regina auf\u2019m Kampe, mit\u2026","rel":"","context":"\u00c4hnlicher Beitrag","block_context":{"text":"\u00c4hnlicher Beitrag","link":""},"img":{"alt_text":"","src":"","width":0,"height":0},"classes":[]},{"id":3633,"url":"https:\/\/dirkpeters.info\/?page_id=3633","url_meta":{"origin":131,"position":3},"title":"Erz\u00e4hlende genealogische Stammtafeln zur europ\u00e4ischen Geschichte","author":"dirkpeters","date":"14. Dezember 2019","format":false,"excerpt":"Autor: Andreas Thiele Verlag: R. G. Fischer Verlag Inhaltsverzeichnis der einzelnen B\u00e4nde Band I Teilband 1: Deutsche Kaiser-, K\u00f6nigs-, Herzogs- und Grafenh\u00e4user I 4. Auflage 2003 Die Merowinger, Frankenk\u00f6nige bis 751 Die Karolinger, Hausmeier, K\u00f6nige und Kaiser Die fr\u00fchen Robertiner im \u00dcberblick Die Konradiner, Herz\u00f6ge v. Franken u. Schwaben, K\u00f6nige\u2026","rel":"","context":"In \"B\u00fccher\"","block_context":{"text":"B\u00fccher","link":"https:\/\/dirkpeters.info\/?tag=buecher"},"img":{"alt_text":"","src":"https:\/\/i0.wp.com\/dirkpeters.info\/wp-content\/uploads\/2019\/09\/es.jpg?fit=348%2C500&ssl=1&resize=350%2C200","width":350,"height":200},"classes":[]},{"id":2014,"url":"https:\/\/dirkpeters.info\/?page_id=2014","url_meta":{"origin":131,"position":4},"title":"Datenschutzerkl\u00e4rung","author":"dirkpeters","date":"21. Mai 2018","format":false,"excerpt":"Wer wir sind Die Adresse unserer Website ist: http:\/\/dirkpeters.info. Welche personenbezogenen Daten wir sammeln und warum wir sie sammeln Kommentare Wenn Besucher Kommentare auf der Website schreiben, sammeln wir die Daten, die im Kommentar-Formular angezeigt werden, au\u00dferdem die IP-Adresse des Besuchers und den User-Agent-String (damit wird der Browser identifiziert), um\u2026","rel":"","context":"\u00c4hnlicher Beitrag","block_context":{"text":"\u00c4hnlicher Beitrag","link":""},"img":{"alt_text":"","src":"","width":0,"height":0},"classes":[]},{"id":542,"url":"https:\/\/dirkpeters.info\/?page_id=542","url_meta":{"origin":131,"position":5},"title":"Wikis f\u00fcr den Familienforscher","author":"dirkpeters","date":"11. Mai 2017","format":false,"excerpt":"Adelsvapens genealogi WikiDas Wiki rund um den schwedischen Adel. Mit einer sehr gro\u00dfen Auswahl an kompletten Genealogien des Schwedischen Adels. Digitales Archiv f\u00fcr FamiliengeschichteDas Digitale Archiv f\u00fcr Familiengeschichte (DAFFG) f\u00f6rdert den Betrieb einer Internetplattform (FamilienWIKI) zur Sammlung und Verbreitung von Informationen und Dokumenten genealogischer und familiengeschichtlicher Art. Unter Ber\u00fccksichtigung aller\u2026","rel":"","context":"In \"Ahnenforschung\"","block_context":{"text":"Ahnenforschung","link":"https:\/\/dirkpeters.info\/?tag=ahnenforschung"},"img":{"alt_text":"","src":"","width":0,"height":0},"classes":[]}],"jetpack_sharing_enabled":true,"jetpack_likes_enabled":true,"_links":{"self":[{"href":"https:\/\/dirkpeters.info\/index.php?rest_route=\/wp\/v2\/pages\/131","targetHints":{"allow":["GET"]}}],"collection":[{"href":"https:\/\/dirkpeters.info\/index.php?rest_route=\/wp\/v2\/pages"}],"about":[{"href":"https:\/\/dirkpeters.info\/index.php?rest_route=\/wp\/v2\/types\/page"}],"author":[{"embeddable":true,"href":"https:\/\/dirkpeters.info\/index.php?rest_route=\/wp\/v2\/users\/1"}],"replies":[{"embeddable":true,"href":"https:\/\/dirkpeters.info\/index.php?rest_route=%2Fwp%2Fv2%2Fcomments&post=131"}],"version-history":[{"count":3,"href":"https:\/\/dirkpeters.info\/index.php?rest_route=\/wp\/v2\/pages\/131\/revisions"}],"predecessor-version":[{"id":1721,"href":"https:\/\/dirkpeters.info\/index.php?rest_route=\/wp\/v2\/pages\/131\/revisions\/1721"}],"up":[{"embeddable":true,"href":"https:\/\/dirkpeters.info\/index.php?rest_route=\/wp\/v2\/pages\/123"}],"wp:attachment":[{"href":"https:\/\/dirkpeters.info\/index.php?rest_route=%2Fwp%2Fv2%2Fmedia&parent=131"}],"curies":[{"name":"wp","href":"https:\/\/api.w.org\/{rel}","templated":true}]}}