{"id":123,"date":"2017-05-06T21:47:33","date_gmt":"2017-05-06T19:47:33","guid":{"rendered":"http:\/\/test.dirkpeters.net\/?page_id=123"},"modified":"2021-04-23T19:08:37","modified_gmt":"2021-04-23T17:08:37","slug":"service","status":"publish","type":"page","link":"https:\/\/dirkpeters.info\/?page_id=123","title":{"rendered":"Service"},"content":{"rendered":"<p><!--startcolumns--><\/p>\n<h2>A<\/h2>\n<ul>\n<li><a href=\"?page_id=419\">Adel im Netz<\/a><\/li>\n<li><a href=\"https:\/\/www.familysearch.org\/search\/catalog\/688572?availability=Family%20History%20Library\" rel=\"noopener noreferrer\" target=\"_blank\">Ahnenlisten aus dem Ahnenlistenumlauf<\/a>, 21 Microfilmrollen<\/li>\n<li><a href=\"?page_id=422\">Ahnenreihen aus allen Deutschen Gauen<\/a><\/li>\n<li><a href=\"?p=3745\">Ahnenreihenwerk Geschwister Fischer<\/a><\/li>\n<li><a href=\"https:\/\/www.familysearch.org\/search\/catalog\/623674?availability=Family%20History%20Library\" rel=\"noopener noreferrer\" target=\"_blank\">Die Ahnenstammkartei des deutschen Volkes: Teil I<\/a>, gesamt 638 Mikrofilmrollen<\/li>\n<li><a href=\"https:\/\/www.familysearch.org\/search\/catalog\/593235?availability=Family%20History%20Library\" rel=\"noopener noreferrer\" target=\"_blank\">Die Ahnenstammkartei des deutschen Volkes: Teil II<\/a>, Ahnenlisten, gesamt 576 Mikrofilmrollen<\/li>\n<li><a href=\"?page_id=439\">Ahnentafel Peters<\/a><\/li>\n<li><a href=\"?page_id=486\">Akten des preu\u00df. Heroldsamtes<\/a><\/li>\n<li><a href=\"?p=921\">Altpreu\u00dfische Geschlechterkunde<\/a><\/li>\n<li><a href=\"?p=3997\">Armorial et nobiliaire de l\u2019ancien duch\u00e9 de Savoie<\/a><\/li>\n<li><a href=\"?p=1404\">Anmeldung zur Datenbank<\/a><\/li>\n<li><a href=\"?p=2098\">Archiv- und Gerichtsakten in S\u00e4chsischen Kirchenb\u00fcchern 1760-1890 bei Ancestry<\/a> <strong>komplett<\/strong><\/li>\n<li><a href=\"?p=2595\">Archive und Bibliotheken<\/a><\/li>\n<li><a href=\"?page_id=1095\">Ausgew\u00e4hlte Ahnentafeln der EDDA<\/a><\/li>\n<\/ul>\n<h2>B<\/h2>\n<ul>\n<li><a href=\"?page_id=510\">B\u00f6hmische Adelsfamilien<\/a><\/li>\n<li><a href=\"?page_id=513\">Brandenburgische Genealogische Nachrichten<\/a><\/li>\n<li><a href=\"?p=1411\">Brandenburgisches Genealogisches Jahrbuch<\/a><\/li>\n<li><a href=\"?page_id=837\">brandenburgisch-preu\u00dfische Generale<\/a><\/li>\n<li><a href=\"?p=1414\">Br\u00fcnner Taschenbuch (Links)<\/a><br \/><strong>Update 20.08.2018<\/strong><\/li>\n<li><a href=\"?p=1419\">Br\u00fcnner Taschenbuch (Familiennamen A-D)<\/a><\/li>\n<li><a href=\"?p=1427\">Br\u00fcnner Taschenbuch (Familiennamen E-H)<\/a><\/li>\n<li><a href=\"?p=1431\">Br\u00fcnner Taschenbuch (Familiennamen I-L)<\/a><\/li>\n<li><a href=\"?p=1433\">Br\u00fcnner Taschenbuch (Familiennamen M-P)<\/a><\/li>\n<li><a href=\"?p=1435\">Br\u00fcnner Taschenbuch (Familiennamen Q-T)<\/a><\/li>\n<li><a href=\"?p=1437\">Br\u00fcnner Taschenbuch (Familiennamen U-Z)<\/a><\/li>\n<li><a href=\"?p=1442\">B\u00fccher zum Baltikum<\/a><\/li>\n<li><a href=\"?p=1442\">B\u00fccher zu Brandenburg<\/a><\/li>\n<li><a href=\"?p=1455\">B\u00fccher zu Mecklenburg<\/a><\/li>\n<li><a href=\"?p=1458\">B\u00fccher zu Pommern<\/a><\/li>\n<li><a href=\"?p=1461\">B\u00fccher zu Sachsen<\/a><\/li>\n<li><a href=\"?p=1464\">B\u00fccher zu Schlesien<\/a><\/li>\n<\/ul>\n<h2>C<\/h2>\n<ul>\n<li><a href=\"?p=1467\">Codex diplomaticus Brandenburgensis<\/a><\/li>\n<\/ul>\n<h2>D<\/h2>\n<ul>\n<li>Danmarks Adels Aarbog\n<ul>\n<li><a href=\"?p=3311\">Links<\/a><br \/><strong>Update 14.06.2020<\/strong><\/li>\n<li><a href=\"?page_id=340\">Familienverzeichnis<\/a><\/li>\n<\/ul>\n<\/li>\n<li><a href=\"?p=3862\">Danziger genealogische Tafeln<\/a><\/li>\n<li><a href=\"?p=1481\">Datenbanken<\/a><\/li>\n<li><a href=\"?p=1485\">Der Rat und die Ratsgeschlechter des alten Breslau<\/a><\/li>\n<li><a href=\"?p=1489\">Deutsche Ahnentafeln in Listenform<\/a><\/li>\n<li><a href=\"?p=3102\">Deutsche Sammlungen bei Ancestry<\/a><br \/><strong>Update 01.02.1019<\/strong>\n<ul>\n<li><a href=\"?p=1493\">Volksz\u00e4hlungen und W\u00e4hlerlisten<\/a><\/li>\n<li><a href=\"?p=1498\">Geburts-, Heirats- und Sterberegister<\/a><\/li>\n<li><a href=\"?p=1501\">Milit\u00e4rische Aufzeichnungen<\/a><\/li>\n<li><a href=\"?p=3110\">Einwanderung und Auswanderung<\/a><\/li>\n<li><a href=\"?p=3116\">Zeitungen und Zeitschriften<\/a><\/li>\n<li><a href=\"?p=3116\">Fotos<\/a><\/li>\n<li><a href=\"?p=3123\">Orts- und Familiengeschichten<\/a><\/li>\n<li><a href=\"?p=3131\">Landkarten und Ortsverzeichnisse<\/a><\/li>\n<li><a href=\"?p=3140\">Adressb\u00fccher und Verzeichnisse<\/a><\/li>\n<li><a href=\"?p=3141\">Steuerregister, Kriminalregister, Grundbesitzregister und Testamente<\/a><\/li>\n<\/ul>\n<\/li>\n<li><a href=\"?p=1504\">Die Breslauer Rats- und Stadtgeschlechter<\/a><\/li>\n<li><a href=\"?p=1510\">Die Einwohner der Stadt Ketzin\/Osthavelland bis zur Mitte des 19. Jahrhunderts<\/a><\/li>\n<li><a href=\"?page_id=647\">Die Hoheit des Teutschen Reichsadels<\/a><\/li>\n<li><a href=\"?p=1517\">Digitale Bibliotheken<\/a><\/li>\n<li><a href=\"?page_id=561\">Diplomatische Nachrichten adelicher Familien<\/a><\/li>\n<li><a href=\"?p=1525\">Duplikate pommerscher Kirchenb\u00fccher<\/a><\/li>\n<\/ul>\n<p><!--column--><\/p>\n<h2>E<\/h2>\n<ul>\n<li><a href=\"?p=1475\">Ekkehart Neumann-Reppert<\/a><\/li>\n<li><a href=\"?page_id=3633\">Erz\u00e4hlende genealogische Stammtafeln zur europ\u00e4ischen Geschichte<\/a><\/li>\n<li><a href=\"?page_id=1086\">Europ\u00e4ische Stammtafeln<\/a><\/li>\n<\/ul>\n<h2>F<\/h2>\n<ul>\n<li><a href=\"?page_id=1544\">Familien aus Mecklenburg und Vorpommern \u2013 behandelte Familien<\/a><\/li>\n<li><a href=\"?page_id=1152\">Familien aus Mecklenburg und Vorpommern \u2013 Namensindex<\/a><\/li>\n<li><a href=\"?p=1521\">Familienchroniken adliger Familien A \u2013 C<\/a><\/li>\n<li><a href=\"?p=1933\">Familienchroniken adliger Familien D \u2013 F<\/a><\/li>\n<li><a href=\"?p=1930\">Familienchroniken adliger Familien G \u2013 H<\/a><\/li>\n<li><a href=\"?p=1925\">Familienchroniken adliger Familien I \u2013 L<\/a><\/li>\n<li><a href=\"?p=1920\">Familienchroniken adliger Familien M \u2013 O<\/a><\/li>\n<li><a href=\"?p=1917\">Familienchroniken adliger Familien P \u2013 R<\/a><\/li>\n<li><a href=\"?p=1912\">Familienchroniken adliger Familien S \u2013 T<\/a><\/li>\n<li><a href=\"?p=1905\">Familienchroniken adliger Familien U \u2013 Z<\/a><\/li>\n<li><a href=\"?page_id=3836\">Familiengeschichen und Ahnenlisten b\u00fcrgerlicher Familien<\/a><\/li>\n<li><a href=\"?page_id=131\">Familien\u00fcbergreifende Reihen und B\u00fccher<\/a><\/li>\n<li><a href=\"?p=1549\">Foren und Mailinglisten<\/a><\/li>\n<\/ul>\n<h2>G<\/h2>\n<ul>\n<li><a href=\"?page_id=78\">Genealogieblogs- und Webseiten<\/a><\/li>\n<li><a href=\"?p=1553\">Genealogiesoftware<\/a><\/li>\n<li><a href=\"?page_id=691\">Genealogisch-Historische Nachricht von denen Hochw\u00fcrdigsten und Durchlauchtigsten Herren-Meistern des Ritterlichen Johanniter-Ordens<\/a><\/li>\n<li><a href=\"?p=3486\">Genealogische Sammlung Ernst Kloss<\/a><\/li>\n<li><a href=\"?p=1557\">Genealogisches Handbuch b\u00fcrgerlicher Familien<\/a><\/li>\n<li><a href=\"?p=1471\">Genealogisches Handbuch der baltischen Ritterschaften<\/a><\/li>\n<li><a href=\"?p=1000\">Genealogisches Handbuch erloschener b\u00f6hmischer Herrenstandsfamilien<\/a><\/li>\n<li><a href=\"?p=1562\">Geschlechter der Hansestadt Rostock im 13. \u2013 18. Jahrhundert<\/a><\/li>\n<li><a href=\"?page_id=812\">Geschlechtsregister aus Halle an der Saale<\/a><\/li>\n<li><a href=\"?p=1567\">Gothaischer Hofkalender<\/a><\/li>\n<li>Gothaisches Genealogisches Taschenbuch\n<ul>\n<li><a href=\"?page_id=346\">Gr\u00e4fliche H\u00e4user<\/a><\/li>\n<li><a href=\"?page_id=354\">Freiherrliche H\u00e4user<\/a><\/li>\n<li><a href=\"?page_id=351\">Uradelige H\u00e4user (Adel A)<\/a><\/li>\n<li><a href=\"?p=1583\">Alter Adel und Briefadel (Adel B)<\/a><\/li>\n<\/ul>\n<\/li>\n<\/ul>\n<h2>H<\/h2>\n<ul>\n<li><a href=\"?page_id=319\">Handbuch des preu\u00dfischen Adels<\/a><\/li>\n<li><a href=\"?p=1587\">Herold, Vierteljahrsschrift f\u00fcr Heraldik, Sphragistik und Genealogie<\/a><\/li>\n<li><a href=\"?p=3845\">Hoerschelmann: Sammlung zuverl\u00e4ssiger Stamm- und Ahnentafeln verschiedener jetzt florirender adelichen und freyherrl. Familien<\/a><\/li>\n<li><a href=\"?p=1593\">H\u00f6fe und Familien in Tremmen (Westhavelland) 1520-1945<\/a><\/li>\n<li><a href=\"?p=1598\">H\u00f6fe und Familien in Zachow und Gutenpaaren (Westhavelland) 1538-1945<\/a><\/li>\n<\/ul>\n<h2>J<\/h2>\n<ul>\n<li><a href=\"?p=237\">Das Jahrbuch des Deutschen Adels<\/a><\/li>\n<li><a href=\"?p=995\">Johann Gottfried Biedermanns Geschlechtsregister<\/a><\/li>\n<\/ul>\n<h2>K<\/h2>\n<ul>\n<li><a href=\"?p=4076\">Kostenlose E-Books beim Brandenburgischen Landeshauptarchiv<\/a><\/li>\n<\/ul>\n<p><!--column--><\/p>\n<h2>L<\/h2>\n<ul>\n<li><a href=\"?p=1602\">Landbuch des Herzogtums Pommern<\/a><\/li>\n<li><a href=\"?page_id=125\">Lexika im Internet<\/a><\/li>\n<li><a href=\"?p=3381\">Lindnersche Stamm- und Ahnentafelsammlung<\/a><\/li>\n<\/ul>\n<h2>M<\/h2>\n<ul>\n<li><a href=\"?p=1609\">M\u00e4rkische Forschungen<\/a><\/li>\n<li><a href=\"?page_id=363\">Meine Genealogische Bibliothek<\/a>\n<ul>\n<li><a href=\"?page_id=373\">Ahnenreihen, Stammlisten, Ortsfamilienb\u00fccher<\/a><\/li>\n<li><a href=\"?page_id=380\">Europ\u00e4ische Stammtafeln<\/a><\/li>\n<li><a href=\"?page_id=385\">Familiengeschichten<\/a><\/li>\n<li><a href=\"?p=3855\">digitalisierte Familiengeschichten<\/a><\/li>\n<li><a href=\"?page_id=390\">Regionales<\/a><\/li>\n<li><a href=\"?page_id=366\">Sammelwerke<\/a><\/li>\n<li><a href=\"?page_id=394\">Sonstiges<\/a><\/li>\n<li><a href=\"?page_id=397\">Zeitschriften<\/a><\/li>\n<\/ul>\n<\/li>\n<\/ul>\n<h2>N<\/h2>\n<ul>\n<li><a href=\"?page_id=1130\">Nachfahren Philipp Melanchthons<\/a><\/li>\n<li><a href=\"?page_id=696\">Nachrichten vom Johanniterorden<\/a><\/li>\n<li><a href=\"?p=3323\">Nederland\u2019s Adelsboek<\/a><\/li>\n<\/ul>\n<h2>O<\/h2>\n<ul>\n<li><a href=\"?page_id=480\">Ortsfamilienbuch Schillingstedt<\/a><br \/><strong>Update 01.03.1019<\/strong><\/li>\n<\/ul>\n<h2>P<\/h2>\n<ul>\n<li><a href=\"?p=1614\">Personenbeschreibungen \/ Biographien<\/a><\/li>\n<li><a href=\"?page_id=283\">Pommerscher Adelsspiegel<\/a><\/li>\n<li><a href=\"?p=1617\">Pommersche Genealogien<\/a><\/li>\n<li><a href=\"?page_id=748\">Pommersche Lebensbilder<\/a><\/li>\n<\/ul>\n<h2>S<\/h2>\n<ul>\n<li><b>Neu: <\/b><a href=\"?page_id=4088\">Sammlung Ernst von Oidtman \u2013 Familienverzeichnis<\/a><\/li>\n<li><a href=\"?p=1623\">Sammlung Gallandi<\/a><\/li>\n<li><a href=\"?p=1533\">Sammlung Jacobi<\/a><\/li>\n<li><a href=\"?p=2082\">S\u00e4chsische Kirchenb\u00fccher 1760-1890 bei Ancestry<\/a> <strong>komplett<\/strong><\/li>\n<li><a href=\"?p=3179\">Siebmachers Wappenb\u00fccher (Neuherausgabe 1854-1967)<\/a><\/li>\n<li><a href=\"?p=243\">Stammbuch der Althessischen Ritterschaft<\/a><\/li>\n<li><a href=\"?post=3775\">Stammtafeln des Adels des Gro\u00dfherzogthums Baden<\/a><\/li>\n<li><a href=\"?p=760\">Stammtafeln Stralsunder Ratsfamilien<\/a><\/li>\n<li><a href=\"?p=1626\">Stamm-Tafeln Westdeutscher Adelsgeschlechter im Mittelalter<\/a><\/li>\n<li><a href=\"?p=3620\">Sveriges ridderskap och adels kalender<\/a><\/li>\n<\/ul>\n<h2>U<\/h2>\n<ul>\n<li><a href=\"?p=1630\">Universit\u00e4tsmatrikel<\/a><\/li>\n<\/ul>\n<h2>V<\/h2>\n<ul>\n<li><a href=\"?p=1634\">Valentin K\u00f6nigs Genealogische Adels-Historie<\/a><\/li>\n<li><a href=\"?p=1637\">Vereine f\u00fcr den Familienforscher<\/a><\/li>\n<\/ul>\n<h2>W<\/h2>\n<ul>\n<li><a href=\"?page_id=135\">Wappenb\u00fccher<\/a><\/li>\n<li><a href=\"?page_id=542\">Wikis f\u00fcr den Familienforscher<\/a><\/li>\n<\/ul>\n<h2>Z<\/h2>\n<ul>\n<li><a href=\"?p=1639\">Zeitschrift des Harz-Vereins f\u00fcr Geschichte und Altertumskunde<\/a><\/li>\n<\/ul>\n<p><!--stopcolumns--><\/p>\n","protected":false},"excerpt":{"rendered":"<p>A Adel im Netz Ahnenlisten aus dem Ahnenlistenumlauf, 21 Microfilmrollen Ahnenreihen aus allen Deutschen Gauen Ahnenreihenwerk Geschwister Fischer Die Ahnenstammkartei des deutschen Volkes: Teil I, gesamt 638 Mikrofilmrollen Die Ahnenstammkartei<\/p>\n<div><a href=\"https:\/\/dirkpeters.info\/?page_id=123\" class=\"exp-read-more exp-read-more-underlined\">Read More<\/a><\/div>\n","protected":false},"author":1,"featured_media":0,"parent":0,"menu_order":0,"comment_status":"closed","ping_status":"closed","template":"","meta":{"jetpack_post_was_ever_published":false,"footnotes":"","_links_to":"","_links_to_target":""},"class_list":["post-123","page","type-page","status-publish","hentry"],"jetpack_shortlink":"https:\/\/wp.me\/P8HCXc-1Z","jetpack-related-posts":[{"id":78,"url":"https:\/\/dirkpeters.info\/?page_id=78","url_meta":{"origin":123,"position":0},"title":"Genealogieblogs- und Webseiten","author":"dirkpeters","date":"6. Mai 2017","format":false,"excerpt":"Abenteuer Ahnenforschung - Der Blog von Andrea Bentschneider. In diesem Blog dreht sich alles um Themen rund um die Ahnen- und Familienforschung. Hier werden Sie Erfahrungsberichte, Hilfestellungen, Antworten auf Fragen, Hinweise auf Publikationen und TV-Sendungen sowie andere\u2026 Ahnenforschung der Familie Auf'm Kampe - Die Familienforschungsseite von Regina auf\u2019m Kampe, mit\u2026","rel":"","context":"\u00c4hnlicher Beitrag","block_context":{"text":"\u00c4hnlicher Beitrag","link":""},"img":{"alt_text":"","src":"","width":0,"height":0},"classes":[]},{"id":373,"url":"https:\/\/dirkpeters.info\/?page_id=373","url_meta":{"origin":123,"position":1},"title":"Meine Genealogische Bibliothek \u2013 Ahnenreihen, Stammlisten, Ortsfamilienb\u00fccher","author":"dirkpeters","date":"10. Mai 2017","format":false,"excerpt":"Ahnen zu Karl dem Grossen und Widukind in 765 Ahnenst\u00e4mmen - Winkhaus, Eberhard; Selbstverlag Ennepetal-Altenvoerde 1950 Ahnenreihen aus allen deutschen Gauen Bde. 1 - 4 - Ehrenkrook, Hans Friedrich v. - C. A. Starke Verlag, Verzeichnis der Ahnenreihen Ahnen und Enkel, Bd. 1, Sammlung von Ahnen- und Nachkommenlisten - Euler,\u2026","rel":"","context":"In \"Ahnenreihen\"","block_context":{"text":"Ahnenreihen","link":"https:\/\/dirkpeters.info\/?tag=ahnenreihen"},"img":{"alt_text":"","src":"https:\/\/i0.wp.com\/dirkpeters.info\/wp-content\/uploads\/2019\/09\/es.jpg?resize=350%2C200&ssl=1","width":350,"height":200},"classes":[]},{"id":422,"url":"https:\/\/dirkpeters.info\/?page_id=422","url_meta":{"origin":123,"position":2},"title":"Ahnenreihen aus allen Deutschen Gauen","author":"dirkpeters","date":"10. Mai 2017","format":false,"excerpt":"Ahnenreihen aus allen deutschen Gauen, bearbeitet von Hans Friedrich von Ehrenkrook, Verlag f\u00fcr Sippenforschung und Wappenkunde C. A. Starke, G\u00f6rlitz. In den einzelnen B\u00e4nden sind Ahnenreihen folgender Personen enthalten: Band 1 Band 2 Band 3 Band 4 Ernst Bohlmann Arnold B\u00f6lsche Geschwister Freiherr von Cornberg Alexander Edler von Daniels Otto\u2026","rel":"","context":"In \"Ahnenliste\"","block_context":{"text":"Ahnenliste","link":"https:\/\/dirkpeters.info\/?tag=ahnenliste"},"img":{"alt_text":"","src":"","width":0,"height":0},"classes":[]},{"id":3836,"url":"https:\/\/dirkpeters.info\/?page_id=3836","url_meta":{"origin":123,"position":3},"title":"Familiengeschichen und Ahnenlisten b\u00fcrgerlicher Familien","author":"dirkpeters","date":"20. Juli 2020","format":false,"excerpt":"A | B | C | D | E | F | G | H | I | J | K | L | M | N | O | P | Q | R | S | T | U | V | W | Z | nach oben\u2026","rel":"","context":"In \"Ahnenforschung\"","block_context":{"text":"Ahnenforschung","link":"https:\/\/dirkpeters.info\/?tag=ahnenforschung"},"img":{"alt_text":"","src":"","width":0,"height":0},"classes":[]},{"id":366,"url":"https:\/\/dirkpeters.info\/?page_id=366","url_meta":{"origin":123,"position":4},"title":"Meine Genealogische Bibliothek &#8211; Sammelwerke","author":"dirkpeters","date":"9. Mai 2017","format":false,"excerpt":"Deutsches Geschlechterbuch Bde. 1-87 (CD's) - C. A. Starke Verlag Genealogisches Handbuch des Adels Reihe - C. A. Starke Verlag Adelige H\u00e4user A Bde. 1 - 8, 12, 14, 18 Adelige H\u00e4user B Bd. 1 Adelige H\u00e4user Bde. 34 - 36 Freiherrliche H\u00e4user A Bde. 1 - 6, 12 Freiherrliche\u2026","rel":"","context":"In \"B\u00fccher\"","block_context":{"text":"B\u00fccher","link":"https:\/\/dirkpeters.info\/?tag=buecher"},"img":{"alt_text":"","src":"","width":0,"height":0},"classes":[]},{"id":346,"url":"https:\/\/dirkpeters.info\/?page_id=346","url_meta":{"origin":123,"position":5},"title":"Gothaisches Genealogisches Taschenbuch der gr\u00e4flichen H\u00e4user","author":"dirkpeters","date":"9. Mai 2017","format":false,"excerpt":"Verzeichnis s\u00e4mtlicher Geschlechter, die im Gothaischen Hofkalender und in den Genealogischen Taschenb\u00fcchern enthalten sind.Das Gothaische genealogische Taschenbuch der gr\u00e4flichen H\u00e4user erschine von 1825 - 1942 im Verlag von Justus Perthes in Gotha. Ab 1923 war es in die Unterreihen A (gerade Jahrg\u00e4nge, Gr\u00e4fliche H\u00e4user des sp\u00e4testens um 1400 nachgewiesenen ritterb\u00fcrtigen\u2026","rel":"","context":"In \"Adel\"","block_context":{"text":"Adel","link":"https:\/\/dirkpeters.info\/?tag=adel"},"img":{"alt_text":"Gotha Grafen","src":"https:\/\/i0.wp.com\/test.dirkpeters.net\/wp-content\/uploads\/2017\/05\/gotha_grafen-694x1024.jpg?resize=350%2C200","width":350,"height":200,"srcset":"https:\/\/i0.wp.com\/test.dirkpeters.net\/wp-content\/uploads\/2017\/05\/gotha_grafen-694x1024.jpg?resize=350%2C200 1x, https:\/\/i0.wp.com\/test.dirkpeters.net\/wp-content\/uploads\/2017\/05\/gotha_grafen-694x1024.jpg?resize=525%2C300 1.5x"},"classes":[]}],"jetpack_sharing_enabled":true,"jetpack_likes_enabled":true,"_links":{"self":[{"href":"https:\/\/dirkpeters.info\/index.php?rest_route=\/wp\/v2\/pages\/123","targetHints":{"allow":["GET"]}}],"collection":[{"href":"https:\/\/dirkpeters.info\/index.php?rest_route=\/wp\/v2\/pages"}],"about":[{"href":"https:\/\/dirkpeters.info\/index.php?rest_route=\/wp\/v2\/types\/page"}],"author":[{"embeddable":true,"href":"https:\/\/dirkpeters.info\/index.php?rest_route=\/wp\/v2\/users\/1"}],"replies":[{"embeddable":true,"href":"https:\/\/dirkpeters.info\/index.php?rest_route=%2Fwp%2Fv2%2Fcomments&post=123"}],"version-history":[{"count":150,"href":"https:\/\/dirkpeters.info\/index.php?rest_route=\/wp\/v2\/pages\/123\/revisions"}],"predecessor-version":[{"id":4092,"href":"https:\/\/dirkpeters.info\/index.php?rest_route=\/wp\/v2\/pages\/123\/revisions\/4092"}],"wp:attachment":[{"href":"https:\/\/dirkpeters.info\/index.php?rest_route=%2Fwp%2Fv2%2Fmedia&parent=123"}],"curies":[{"name":"wp","href":"https:\/\/api.w.org\/{rel}","templated":true}]}}