{"id":106,"date":"2017-05-06T21:30:24","date_gmt":"2017-05-06T19:30:24","guid":{"rendered":"http:\/\/test.dirkpeters.net\/?page_id=106"},"modified":"2018-10-02T12:43:44","modified_gmt":"2018-10-02T10:43:44","slug":"impressum","status":"publish","type":"page","link":"https:\/\/dirkpeters.info\/?page_id=106","title":{"rendered":"Impressum"},"content":{"rendered":"<p>Angaben gem\u00e4\u00df \u00a7 5 Telemediengesetz<\/p>\n<h2>Allgemeine Informationen<\/h2>\n<h3>Name und Anschrift<\/h3>\n<p>    Dirk Peters<br \/>\n    Am alten Wasserwerk 3<br \/>\n    14669 Ketzin<br \/>\n    mail@dirkpeters.net<br \/>\n    Telefon: Da ich die Seite rein privat betreibe, gebe ich keine Telefonnummer an.<\/p>\n<p><button><a href=\"?page_id=2014\">Datenschutzerkl\u00e4rung<\/a><\/button><\/p>\n<h2>Weitere Informationen<\/h2>\n<h3>Links auf meine Seiten<\/h3>\n<p>Selbstverst\u00e4ndlich ist es gern gesehen, wenn Sie meine Homepagen auf Ihrer Seite verlinken. Ich freue mich immer \u00fcber eine kleine Benachrichtigung, die jedoch keinesfalls als Anfrage zu verstehen sein sollte. <b>Wenn Sie allerdings meinen, Sie m\u00fcssten sich durch einen Disclaimer gleichzeitig von meinen Inhalten und somit von mir als Person distanzieren, dann seien Sie bitte konsequent und setzen Sie keinen Link.<\/b><br \/>\nBitte sehen Sie auch davon ab, meine Seiten zu \u00bbframen\u00ab, das bedeutet, innerhalb Ihres eigenen Framesets aufzurufen.<\/p>\n<h3>Domains<\/h3>\n<ul>\n<li><a href=\"https:\/\/www.dirkpeters.info\">dirkpeters.net<\/a><\/li>\n<li><a href=\"https:\/\/dirkpeters.photography\">dirkpeters.photography<\/a><\/li>\n<\/ul>\n<h3>Disclaimer (wozu?)<\/h3>\n<p>Diese Frage ist recht umstritten und wird in der entsprechenden Newsgroup <a href=\"http:\/\/groups.google.de\/groups?q=de.soc.recht.datennetze\" target=\"_blank\">de.soc.recht.datennetze<\/a> auch oft diskutiert. Es gibt noch keine eindeutige Rechtsprechung und auch keine eindeutige juristische Bedeutung von Links. Es gibt aber eine Vielzahl an Gr\u00fcnden, die gegen einen Disclaimer sprechen:<\/p>\n<h4>Unrechtbewusstsein<\/h4>\n<p>Wenn ich einen Disclaimer auf meine Seiten setze, durch den ich mich von den Inhalten verlinkter Seiten distanziere, k\u00f6nnte es zu meinem Nachteil ausgelegt werden. Schlie\u00dflich k\u00f6nnte ich den Disclaimer deshalb auf meine Website gesetzt haben, weil ich mir \u00fcber die Tatsache, auf illegale Seiten verlinkt zu haben, voll bewusst bin, und mich durch Haftungsausschluss versuche, vor einer Schuldf\u00e4higkeit zu sch\u00fctzen.<\/p>\n<h4>Inkonsequenz und Unlogik<\/h4>\n<p>Wenn ich einen Link auf eine Webseite setze, dann tue ich das, weil ich die Seite gut finde und den Besuchern meiner Website empfehlen m\u00f6chte. Weshalb distanziere ich mich dann gleichzeitig von ihr? Widerspricht sich das nicht?<\/p>\n<h4>Diffamierung des Autors der verlinkten Seiten<\/h4>\n<p>Stellen Sie sich vor, Sie sehen auf einer Webseite einen Link zu Ihrer Homepage, und dieser Link ist mit den \u00fcblichen Floskeln beschriftet. Was w\u00fcrden Sie denken, wenn sich jemand von den Inhalten Ihrer Webseite und somit auch von Ihnen \u00f6ffentlich distanziert? Man muss glauben, dass es anscheindend notwendig ist, sich von Ihren Seiten zu distanzieren. Man kann sich hier fragen, wann Haftungsausschluss mit Diffamierung gleichzusetzen ist.<\/p>\n<h4>Zerst\u00f6rung des World Wide Web<\/h4>\n<p>Das Gerede \u00fcber die Haftung f\u00fcr Links zerst\u00f6rt den Geist des World Wide Web. Der Hauptbestandteil und Grundgedanke des Mediums World Wide Web ist seine schnelle Begehbarkeit durch Hyperlinks, die es erm\u00f6glicht, Websites und somit Inhalte und Informationen miteinander zu verkn\u00fcpfen. Wenn die Menschen Angst davor haben, Links auf ihre Seiten zu setzen, geht diese wesentliche Eigenschaft des WWW verloren. In seinem Buch \u00bbDer Web-Report\u00ab beschreibt Tim Berners-Lee, der Erfinder des World Wide Web, seine Vision, die ihn bereits im Jahre 1990 antrieb:<\/p>\n<p>\u00bbEinzig und allein externe Verkn\u00fcpfungen k\u00f6nnen das Web zu einem weltweiten System machen. Das entscheidende Designelement w\u00e4re folgendes: Wenn zwei Gruppen in verschiedenen Institutionen beginnen w\u00fcrden, das Web vollst\u00e4ndig unabh\u00e4ngig voneinander zu nutzen, dann m\u00fcsste sichergestellt sein, dass eine Person in der einen Gruppe eine Verkn\u00fcpfung zu einem Dokument im anderen Web mit wenig M\u00fche anlegen k\u00f6nnte \u2013 ohne die beiden Dokumentdatenbanken zusammenzuf\u00fchren oder \u00fcberhaupt auf das andere System zuzugreifen. Wenn jeder im Web das tun k\u00f6nnte, w\u00fcrde schon eine einzige Hypertextverkn\u00fcpfung in eine unfassbare und grenzenlose Welt f\u00fchren.\u00ab<\/p>\n<h3>Links zu anderen Seiten<\/h3>\n<p>Alle von mir pers\u00f6nlich gesetzten Links auf meinen Seiten sind als Empfehlung zu werten. Ich verlinke Seiten, um Ihnen weiterf\u00fchrende Informationen zu bestimmten Themen anzubieten oder um Ihnen empfehlenswerte Artikel zug\u00e4nglich zu machen. Davon ausgenommen sind Links,<\/p>\n<ul>\n<li>die von Dritten innerhalb von Kommentaren aufgef\u00fchrt werden,<\/li>\n<li>die ich im Kontext ausdr\u00fccklich anders kommentiere<\/li>\n<\/ul>\n<p>Es kann passieren, dass die referenzierten Inhalte sich ohne meinem Wissen \u00e4ndern. Im Impressum des Berliner Beauftragten f\u00fcr Datenschutz und Akteneinsicht steht, dass ich f\u00fcr fremde Inhalte nur dann zu verantworten sei, wenn ich von ihnen (das hei\u00dft auch von einem rechtswidrigen bzw. strafbaren Inhalt) positive Kenntnis habe und es mir technisch m\u00f6glich und zumutbar ist, deren Nutzung zu verhindern. Es ist jedoch nicht zumutbar, dass ich alle Links auf meinen Seiten st\u00e4ndig danach kontrolliere, ob sie sich noch in dem Zustand befinden, in dem sie waren, als ich einen Link darauf gesetzt habe. Wenn Sie also das Gef\u00fchl haben, dass ein Link auf meinen Seiten zivilrechtliche oder strafrechtliche Verantwortlichkeit ausl\u00f6st, dann geben Sie mir bitte Bescheid, damit ich diesen Link pr\u00fcfen und ggf. entfernen kann. Der Inhalt dieses Disclaimers stammt in leicht \u00fcberarbeiteter Form von jendryschik.de. Michael Jendryschik hat das ganze Disclaimer-Wirrwarr endlich einmal \u00fcberpr\u00fcft und in verst\u00e4ndliche Form gepackt \u2013 DANKE!<\/p>\n<hr \/>\n<h4>Kontakt<\/h4>\n<hr \/>\n<p><a href=\"mailto:mail@dirkpeters.net\">mail@dirkpeters.net<\/a><\/p>\n","protected":false},"excerpt":{"rendered":"<p>Angaben gem\u00e4\u00df \u00a7 5 Telemediengesetz Allgemeine Informationen Name und Anschrift Dirk Peters Am alten Wasserwerk 3 14669 Ketzin mail@dirkpeters.net Telefon: Da ich die Seite rein privat betreibe, gebe ich keine<\/p>\n<div><a href=\"https:\/\/dirkpeters.info\/?page_id=106\" class=\"exp-read-more exp-read-more-underlined\">Read More<\/a><\/div>\n","protected":false},"author":1,"featured_media":0,"parent":0,"menu_order":0,"comment_status":"closed","ping_status":"closed","template":"","meta":{"jetpack_post_was_ever_published":false,"footnotes":"","_links_to":"","_links_to_target":""},"class_list":["post-106","page","type-page","status-publish","hentry"],"jetpack_shortlink":"https:\/\/wp.me\/P8HCXc-1I","jetpack-related-posts":[{"id":2014,"url":"https:\/\/dirkpeters.info\/?page_id=2014","url_meta":{"origin":106,"position":0},"title":"Datenschutzerkl\u00e4rung","author":"dirkpeters","date":"21. Mai 2018","format":false,"excerpt":"Wer wir sind Die Adresse unserer Website ist: http:\/\/dirkpeters.info. Welche personenbezogenen Daten wir sammeln und warum wir sie sammeln Kommentare Wenn Besucher Kommentare auf der Website schreiben, sammeln wir die Daten, die im Kommentar-Formular angezeigt werden, au\u00dferdem die IP-Adresse des Besuchers und den User-Agent-String (damit wird der Browser identifiziert), um\u2026","rel":"","context":"\u00c4hnlicher Beitrag","block_context":{"text":"\u00c4hnlicher Beitrag","link":""},"img":{"alt_text":"","src":"","width":0,"height":0},"classes":[]},{"id":363,"url":"https:\/\/dirkpeters.info\/?page_id=363","url_meta":{"origin":106,"position":1},"title":"Meine genealogische Bibliothek","author":"dirkpeters","date":"9. Mai 2017","format":false,"excerpt":"In drei\u00dfig Jahren Familienforschung hat sich so einiges in meiner Bibliothek angesammelt. Gerne gebe ich bei Anfragen Auskunft, Scans oder Kopien mache ich allerdings aus R\u00fccksicht auf die B\u00fccher nicht. Da ich nicht st\u00e4ndig zu Hause bin, kann es eine Weile dauern bis Anfragen beantwortet werden, ich bitte daher notfalls\u2026","rel":"","context":"In \"B\u00fccher\"","block_context":{"text":"B\u00fccher","link":"https:\/\/dirkpeters.info\/?tag=buecher"},"img":{"alt_text":"","src":"","width":0,"height":0},"classes":[]},{"id":78,"url":"https:\/\/dirkpeters.info\/?page_id=78","url_meta":{"origin":106,"position":2},"title":"Genealogieblogs- und Webseiten","author":"dirkpeters","date":"6. Mai 2017","format":false,"excerpt":"Abenteuer Ahnenforschung - Der Blog von Andrea Bentschneider. In diesem Blog dreht sich alles um Themen rund um die Ahnen- und Familienforschung. Hier werden Sie Erfahrungsberichte, Hilfestellungen, Antworten auf Fragen, Hinweise auf Publikationen und TV-Sendungen sowie andere\u2026 Ahnenforschung der Familie Auf'm Kampe - Die Familienforschungsseite von Regina auf\u2019m Kampe, mit\u2026","rel":"","context":"\u00c4hnlicher Beitrag","block_context":{"text":"\u00c4hnlicher Beitrag","link":""},"img":{"alt_text":"","src":"","width":0,"height":0},"classes":[]},{"id":439,"url":"https:\/\/dirkpeters.info\/?page_id=439","url_meta":{"origin":106,"position":3},"title":"Ahnentafel Peters","author":"dirkpeters","date":"10. Mai 2017","format":false,"excerpt":"Die Ahnentafel enth\u00e4lt die Vorfahren meiner Tochter bis zur 25. Generation. Die \u00f6ffentliche Version stelle ich hier zum Download bereit, sie enth\u00e4lt keine Familiendokumente sowie keine weiteren Angaben zu lebenden Personen. Der Band 4 enth\u00e4lt Anmerkungen, Namensverzeichnisse und Quellenangaben, sowie die Ahnentafeln Gaastra und Mainzinger. Der aktuelle Forschungsstand ist in\u2026","rel":"","context":"In \"Ahnentafel\"","block_context":{"text":"Ahnentafel","link":"https:\/\/dirkpeters.info\/?tag=ahnentafel"},"img":{"alt_text":"Ahnentafel Band 1","src":"..\/wp-content\/uploads\/2017\/05\/ahnentafel_bd_1-212x300.jpg","width":350,"height":200},"classes":[]},{"id":394,"url":"https:\/\/dirkpeters.info\/?page_id=394","url_meta":{"origin":106,"position":4},"title":"Meine genealogische Bibliothek &#8211; Sonstiges","author":"dirkpeters","date":"10. Mai 2017","format":false,"excerpt":"Ahnentafeln Paderborner Domherren - Michels, Paul - Bonifatius - Paderborn, 1966 Der Paderborner Stiftsadel zur Mitte des 15. Jahrhunderts - Lagers, Michael - Bonifatius - Paderborn, 2013 Der langsame Aufstieg des Morgensterns von Wittenberg -Eine Studie und eine Erz\u00e4hlung \u00fcber die Herkunft der Katharina von Bora - Liebehenschel, Wolfgang -\u2026","rel":"","context":"In \"B\u00fccher\"","block_context":{"text":"B\u00fccher","link":"https:\/\/dirkpeters.info\/?tag=buecher"},"img":{"alt_text":"","src":"","width":0,"height":0},"classes":[]},{"id":366,"url":"https:\/\/dirkpeters.info\/?page_id=366","url_meta":{"origin":106,"position":5},"title":"Meine Genealogische Bibliothek &#8211; Sammelwerke","author":"dirkpeters","date":"9. Mai 2017","format":false,"excerpt":"Deutsches Geschlechterbuch Bde. 1-87 (CD's) - C. A. Starke Verlag Genealogisches Handbuch des Adels Reihe - C. A. Starke Verlag Adelige H\u00e4user A Bde. 1 - 8, 12, 14, 18 Adelige H\u00e4user B Bd. 1 Adelige H\u00e4user Bde. 34 - 36 Freiherrliche H\u00e4user A Bde. 1 - 6, 12 Freiherrliche\u2026","rel":"","context":"In \"B\u00fccher\"","block_context":{"text":"B\u00fccher","link":"https:\/\/dirkpeters.info\/?tag=buecher"},"img":{"alt_text":"","src":"","width":0,"height":0},"classes":[]}],"jetpack_sharing_enabled":false,"jetpack_likes_enabled":true,"_links":{"self":[{"href":"https:\/\/dirkpeters.info\/index.php?rest_route=\/wp\/v2\/pages\/106","targetHints":{"allow":["GET"]}}],"collection":[{"href":"https:\/\/dirkpeters.info\/index.php?rest_route=\/wp\/v2\/pages"}],"about":[{"href":"https:\/\/dirkpeters.info\/index.php?rest_route=\/wp\/v2\/types\/page"}],"author":[{"embeddable":true,"href":"https:\/\/dirkpeters.info\/index.php?rest_route=\/wp\/v2\/users\/1"}],"replies":[{"embeddable":true,"href":"https:\/\/dirkpeters.info\/index.php?rest_route=%2Fwp%2Fv2%2Fcomments&post=106"}],"version-history":[{"count":22,"href":"https:\/\/dirkpeters.info\/index.php?rest_route=\/wp\/v2\/pages\/106\/revisions"}],"predecessor-version":[{"id":2313,"href":"https:\/\/dirkpeters.info\/index.php?rest_route=\/wp\/v2\/pages\/106\/revisions\/2313"}],"wp:attachment":[{"href":"https:\/\/dirkpeters.info\/index.php?rest_route=%2Fwp%2Fv2%2Fmedia&parent=106"}],"curies":[{"name":"wp","href":"https:\/\/api.w.org\/{rel}","templated":true}]}}